{"id":440,"date":"2017-07-19T09:03:56","date_gmt":"2017-07-19T09:03:56","guid":{"rendered":"http:\/\/www.nicdarkthemes.com\/themes\/hotel\/wp\/demo\/?page_id=440"},"modified":"2026-01-11T20:30:55","modified_gmt":"2026-01-11T20:30:55","slug":"na-travessa-suites-condicoes","status":"publish","type":"page","link":"https:\/\/www.natravessa.com\/pt-pt\/na-travessa-suites-condicoes\/","title":{"rendered":"Condi\u00e7\u00f5es"},"content":{"rendered":"<p>[vc_row full_width=&#8221;stretch_row&#8221; content_placement=&#8221;middle&#8221; parallax=&#8221;content-moving&#8221; parallax_image=&#8221;4344&#8243; css=&#8221;.vc_custom_1624374976309{padding-top: 70px !important;padding-bottom: 70px !important;}&#8221; el_class=&#8221;nd_options_vc_parallax_filter_1_3&#8243;][vc_column width=&#8221;1\/4&#8243; css=&#8221;.vc_custom_1590073597952{margin-right: 20px !important;margin-left: 20px !important;padding-right: 30px !important;padding-left: 30px !important;background-color: #ffffff !important;}&#8221;]<div style=\"background-color:;height: 30px\" class=\"nicdark_section  \"><\/div> <p style=\"color:#a8a8a8;padding:px;text-align:center;font-size:14px;line-height:px;letter-spacing: px;font-weight:lighter\" class=\"   nd_options_second_font \">DESDE<\/p> <div style=\"background-color:;height: 15px\" class=\"nicdark_section  \"><\/div> <h4 style=\"color:#ab882e;padding:px;text-align:center;font-size:45px;line-height:px;letter-spacing: px;font-weight:normal\" class=\"   nd_options_first_font \">90\u20ac<\/h4> <div style=\"background-color:;height: 30px\" class=\"nicdark_section  \"><\/div> <p style=\"color:#ab882e;padding:px;text-align:center;font-size:14px;line-height:px;letter-spacing: px;font-weight:bold\" class=\"   nd_options_second_font \">\u00c9POCA BAIXA<\/p> <div style=\"background-color:;height: 40px\" class=\"nicdark_section  \"><\/div>[\/vc_column][vc_column width=&#8221;1\/4&#8243; css=&#8221;.vc_custom_1590069908636{margin-right: 20px !important;margin-left: 20px !important;padding-right: 30px !important;padding-left: 30px !important;background-color: #ab882e !important;}&#8221;]<div style=\"background-color:;height: 30px\" class=\"nicdark_section  \"><\/div> <p style=\"color:#ffffff;padding:px;text-align:center;font-size:14px;line-height:px;letter-spacing: px;font-weight:lighter\" class=\"   nd_options_second_font \">DESDE<\/p> <div style=\"background-color:;height: 15px\" class=\"nicdark_section  \"><\/div> <h4 style=\"color:#ffffff;padding:px;text-align:center;font-size:45px;line-height:px;letter-spacing: px;font-weight:normal\" class=\"   nd_options_first_font \">110\u20ac<\/h4> <div style=\"background-color:;height: 30px\" class=\"nicdark_section  \"><\/div> <p style=\"color:#ffffff;padding:px;text-align:center;font-size:14px;line-height:px;letter-spacing: px;font-weight:bold\" class=\"   nd_options_second_font \">\u00c9POCA ALTA<\/p> <div style=\"background-color:;height: 40px\" class=\"nicdark_section  \"><\/div>[\/vc_column][vc_column width=&#8221;2\/4&#8243; css=&#8221;.vc_custom_1501150271414{padding-top: 40px !important;padding-right: 40px !important;padding-bottom: 40px !important;padding-left: 40px !important;}&#8221; el_class=&#8221;nd_options_text_align_center&#8221;]<div style=\"background-color:;height: 30px\" class=\"nicdark_section  \"><\/div> <h1 style=\"color:#ffffff;padding:px;text-align:center;font-size:35px;line-height:px;letter-spacing: px;font-weight:lighter\" class=\"  nd_options_font_size_40_important_all_iphone nd_options_first_font \">PRE\u00c7OS DO ALOJAMENTO<\/h1> <div style=\"background-color:;height: 40px\" class=\"nicdark_section  \"><\/div> <p style=\"color:#ffffff;padding:px;text-align:center;font-size:14px;line-height:25px;letter-spacing: px;font-weight:lighter\" class=\"   nd_options_second_font \">Os pre\u00e7os variam em fun\u00e7\u00e3o da \u00e9poca e da tipologia de quarto. No pre\u00e7o est\u00e1 inclu\u00eddo o nosso fabuloso pequeno almo\u00e7o assim como o IVA. A taxa tur\u00edstica de 3\u20ac por pessoa \/ noite at\u00e9 um m\u00e1ximo de 7 noites, n\u00e3o est\u00e1 inclu\u00edda no pre\u00e7o.<\/p> <div style=\"background-color:;height: 45px\" class=\"nicdark_section  \"><\/div>[\/vc_column][\/vc_row][vc_row gap=&#8221;3&#8243;][vc_column width=&#8221;1\/2&#8243; css=&#8221;.vc_custom_1589883242691{margin-top: 35px !important;}&#8221;]\n    <div style=\"text-align:left\" class=\"nd_options_section\">\n      <img decoding=\"async\" alt=\"\" style=\"width:50px\" class=\" nd_options_margin_0 nd_options_padding_0 \" src=\"https:\/\/www.natravessa.com\/wp-content\/uploads\/2020\/05\/icon-cancelamento.png\" title=\"\">\n    <\/div>\n   [vc_row_inner][vc_column_inner css=&#8221;.vc_custom_1590487315272{margin-top: 15px !important;}&#8221;] <h6 style=\"color:#ab882e;padding:px;text-align:;font-size:16px;line-height:px;letter-spacing: px;font-weight:lighter\" class=\"   nd_options_second_font \">CANCELAMENTO<\/h6> [\/vc_column_inner][\/vc_row_inner][vc_row_inner][vc_column_inner css=&#8221;.vc_custom_1590487696564{margin-top: 25px !important;}&#8221;][vc_wp_text]At\u00e9 7 dias antes da data de chegada:<\/p>\n<p style=\"padding-left: 40px;\">\u2022 O valor total da reserva, deduzido de 3% ,ser\u00e1 devolvido, para reservas pagas por cart\u00e3o de cr\u00e9dito.<br \/>\n\u2022 Se a reserva n\u00e3o estiver paga por cart\u00e3o de cr\u00e9dito, o valor total da reserva ser\u00e1 devolvido.<\/p>\n<p>Ap\u00f3s os 7 dias, a totalidade da estadia ser\u00e1 cobrada.<br \/>\nEm caso de n\u00e3o compar\u00eancia, ser\u00e1 cobrada a totalidade da estadia.[\/vc_wp_text][\/vc_column_inner][\/vc_row_inner][vc_row_inner css=&#8221;.vc_custom_1590491127961{margin-top: 45px !important;}&#8221;][vc_column_inner]\n    <div style=\"text-align:left\" class=\"nd_options_section\">\n      <img decoding=\"async\" alt=\"\" style=\"width:50px\" class=\" nd_options_margin_0 nd_options_padding_0 \" src=\"https:\/\/www.natravessa.com\/wp-content\/uploads\/2020\/05\/icon-cama.png\" title=\"\">\n    <\/div>\n   [\/vc_column_inner][\/vc_row_inner][vc_row_inner][vc_column_inner css=&#8221;.vc_custom_1590487530100{margin-top: 15px !important;}&#8221;] <h6 style=\"color:#ab882e;padding:px;text-align:;font-size:16px;line-height:px;letter-spacing: px;font-weight:lighter\" class=\"   nd_options_second_font \">CRIAN\u00c7AS \/ CAMAS EXTRA<\/h6> [\/vc_column_inner][\/vc_row_inner][vc_row_inner css=&#8221;.vc_custom_1621328639938{margin-top: 25px !important;}&#8221;][vc_column_inner][vc_wp_text]Em nenhuma tipologia de quarto \u00e9 poss\u00edvel colocar ber\u00e7o ou cama extra para beb\u00e9s ou crian\u00e7as.[\/vc_wp_text][\/vc_column_inner][\/vc_row_inner][vc_row_inner css=&#8221;.vc_custom_1590491127961{margin-top: 45px !important;}&#8221;][vc_column_inner]\n    <div style=\"text-align:left\" class=\"nd_options_section\">\n      <img decoding=\"async\" alt=\"\" style=\"width:50px\" class=\" nd_options_margin_0 nd_options_padding_0 \" src=\"https:\/\/www.natravessa.com\/wp-content\/uploads\/2021\/05\/Animais-01.png\" title=\"\">\n    <\/div>\n   [\/vc_column_inner][\/vc_row_inner][vc_row_inner][vc_column_inner css=&#8221;.vc_custom_1590487530100{margin-top: 15px !important;}&#8221;] <h6 style=\"color:#ab882e;padding:px;text-align:;font-size:16px;line-height:px;letter-spacing: px;font-weight:lighter\" class=\"   nd_options_second_font \">ANIMAIS<\/h6> [\/vc_column_inner][\/vc_row_inner][vc_row_inner css=&#8221;.vc_custom_1621328649315{margin-top: 25px !important;margin-bottom: 100px !important;}&#8221;][vc_column_inner][vc_wp_text]Os animais n\u00e3o s\u00e3o permitidos.[\/vc_wp_text][\/vc_column_inner][\/vc_row_inner][\/vc_column][vc_column width=&#8221;1\/2&#8243; css=&#8221;.vc_custom_1589884853265{margin-top: 35px !important;}&#8221;]\n    <div style=\"text-align:left\" class=\"nd_options_section\">\n      <img decoding=\"async\" alt=\"\" style=\"width:50px\" class=\" nd_options_margin_0 nd_options_padding_0 \" src=\"https:\/\/www.natravessa.com\/wp-content\/uploads\/2020\/05\/icon-checkin.png\" title=\"\">\n    <\/div>\n   [vc_row_inner][vc_column_inner css=&#8221;.vc_custom_1590487377917{margin-top: 15px !important;}&#8221;] <h6 style=\"color:#ab882e;padding:px;text-align:;font-size:16px;line-height:px;letter-spacing: px;font-weight:lighter\" class=\"   nd_options_second_font \">CHECK-IN \/ CHECK-OUT<\/h6> [\/vc_column_inner][\/vc_row_inner][vc_row_inner css=&#8221;.vc_custom_1590491568143{margin-top: 25px !important;}&#8221;][vc_column_inner][vc_wp_text]<\/p>\n<div><span style=\"color: #333333;\">Recep\u00e7\u00e3o: 8h &#8211; 14h<\/span><\/div>\n<div><span style=\"color: #333333;\">Self Check-In: ap\u00f3s as 14h30<\/span><\/div>\n<div><span style=\"color: #333333;\">Check-Out: at\u00e9 11H<\/span><\/div>\n<p>[\/vc_wp_text][\/vc_column_inner][\/vc_row_inner][vc_row_inner css=&#8221;.vc_custom_1590491602044{margin-top: 45px !important;}&#8221;][vc_column_inner]\n    <div style=\"text-align:left\" class=\"nd_options_section\">\n      <img decoding=\"async\" alt=\"\" style=\"width:50px\" class=\" nd_options_margin_0 nd_options_padding_0 \" src=\"https:\/\/www.natravessa.com\/wp-content\/uploads\/2020\/05\/icon-estacionamento.png\" title=\"\">\n    <\/div>\n   [\/vc_column_inner][\/vc_row_inner][vc_row_inner][vc_column_inner css=&#8221;.vc_custom_1590487613743{margin-top: 15px !important;}&#8221;] <h6 style=\"color:#ab882e;padding:px;text-align:;font-size:16px;line-height:px;letter-spacing: px;font-weight:lighter\" class=\"   nd_options_second_font \">ESTACIONAMENTO<\/h6> [\/vc_column_inner][\/vc_row_inner][vc_row_inner css=&#8221;.vc_custom_1590491703312{margin-top: 25px !important;}&#8221;][vc_column_inner][vc_wp_text]<span style=\"font-family: Roboto; font-weight: 300;\">N\u00e3o temos estacionamento privativo. Nas imedia\u00e7\u00f5es o estacionamento \u00e9 escasso e na maioria dos locais pago at\u00e9 um limite de 2 horas de perman\u00eancia. Recomendamos que nos contacte quando estiver a chegar para descarregar as malas, para depois ir estacionar o carro.<\/span>[\/vc_wp_text][\/vc_column_inner][\/vc_row_inner][vc_row_inner css=&#8221;.vc_custom_1590491710337{margin-top: 25px !important;}&#8221;][vc_column_inner][vc_wp_text]<span style=\"font-family: Roboto; font-weight: 300;\">Recomendamos os seguintes parques p\u00fablicos e pagos:<\/span>[\/vc_wp_text][\/vc_column_inner][\/vc_row_inner][vc_row_inner][vc_column_inner width=&#8221;1\/12&#8243;][\/vc_column_inner][vc_column_inner width=&#8221;11\/12&#8243; css=&#8221;.vc_custom_1590489567399{margin-top: 10px !important;}&#8221;] <p style=\"color:#000000;padding:px;text-align:;font-size:px;line-height:px;letter-spacing: px;font-weight:lighter\" class=\"   nd_options_second_font \">\u2022 Parque de Estacionamento da Batalha \/ 9 minutos a p\u00e9 \/ Rua Alexandre Herculano 385<\/p> [\/vc_column_inner][\/vc_row_inner][vc_row_inner][vc_column_inner width=&#8221;1\/12&#8243;][\/vc_column_inner][vc_column_inner width=&#8221;11\/12&#8243; css=&#8221;.vc_custom_1590489567399{margin-top: 10px !important;}&#8221;] <p style=\"color:#000000;padding:px;text-align:;font-size:px;line-height:px;letter-spacing: px;font-weight:lighter\" class=\"   nd_options_second_font \">\u2022 Parque de Estacionamento Duque de Loul\u00e9 \/ 7 minutos a p\u00e9 \/ Rua Arnaldo Gama<\/p> [\/vc_column_inner][\/vc_row_inner][vc_row_inner css=&#8221;.vc_custom_1590489778571{margin-bottom: 100px !important;}&#8221;][vc_column_inner width=&#8221;1\/12&#8243;][\/vc_column_inner][vc_column_inner width=&#8221;11\/12&#8243; css=&#8221;.vc_custom_1590489567399{margin-top: 10px !important;}&#8221;] <p style=\"color:#000000;padding:px;text-align:;font-size:px;line-height:px;letter-spacing: px;font-weight:lighter\" class=\"   nd_options_second_font \">\u2022 Parque de Estacionamento das Cardosas \/ 4 minutos a p\u00e9 \/ Rua Trindade Coelho, 16<\/p> [\/vc_column_inner][\/vc_row_inner][\/vc_column][\/vc_row][vc_row full_width=&#8221;stretch_row&#8221; parallax=&#8221;content-moving&#8221; parallax_image=&#8221;4777&#8243; css=&#8221;.vc_custom_1624627880532{padding-top: 115px !important;padding-bottom: 115px !important;}&#8221; el_class=&#8221;nd_options_vc_parallax_filter_2_4&#8243;][vc_column el_class=&#8221;nd_options_text_align_center&#8221;] <p style=\"color:#ffffff;padding:px;text-align:center;font-size:35px;line-height:35px;letter-spacing: px;font-weight:normal\" class=\"  nd_options_font_size_40_important_all_iphone nd_options_line_height_40_important_all_iphone nd_options_first_font \">RESERVE J\u00c1 O SEU QUARTO<\/p> <div style=\"background-color:;height: 20px\" class=\"nicdark_section  \"><\/div>[vc_wp_text]<\/p>\n<p style=\"text-align: center; font-family: Cinzel; font-size: 24px;\"><span style=\"color: #ffffff; font-family: Cinzel;\">OU SE PREFERIR <a style=\"color: #ffffff; font-family: Cinzel;\" href=\"http:\/\/natravessa.com\/na-travessa-suites-contactos\/\" target=\"_blank\" rel=\"noopener\"><u>CONTACTE-NOS<\/u><\/a> PRIMEIRO<\/span><\/p>\n<p>[\/vc_wp_text]<div style=\"background-color:;height: 40px\" class=\"nicdark_section  \"><\/div>[vc_btn title=&#8221;RESERVAR&#8221; style=&#8221;custom&#8221; custom_background=&#8221;#ffffff&#8221; custom_text=&#8221;#b28b18&#8243; shape=&#8221;square&#8221; size=&#8221;lg&#8221; align=&#8221;center&#8221; link=&#8221;url:https%3A%2F%2Fweb.ynnovbooking.com%2F%3Fl%3Dpt%26apikey%3D9kKwvOJanDt46ijXweNuZbtEHaU1WumM||target:%20_blank|&#8221;][\/vc_column][\/vc_row][vc_row full_width=&#8221;stretch_row&#8221; css=&#8221;.vc_custom_1589896036335{padding-top: 80px !important;padding-bottom: 60px !important;background-color: #333333 !important;background-position: center !important;background-repeat: no-repeat !important;background-size: cover !important;}&#8221;][vc_column width=&#8221;1\/3&#8243;] <h2 style=\"color:#ffffff;padding:px;text-align:center;font-size:20px;line-height:13px;letter-spacing: 2px;font-weight:lighter\" class=\"   nd_options_first_font \">LOCALIZA\u00c7\u00c3O<\/h2> <div style=\"background-color:;height: 30px\" class=\"nicdark_section  \"><\/div> <p style=\"color:#ffffff;padding:px;text-align:center;font-size:16px;line-height:26px;letter-spacing: px;font-weight:lighter\" class=\"   nd_options_second_font \">Travessa de S\u00e3o Sebasti\u00e3o, 39<\/p>  <p style=\"color:#ffffff;padding:px;text-align:center;font-size:16px;line-height:26px;letter-spacing: px;font-weight:lighter\" class=\"  rodape_mobile nd_options_second_font \">4050-569 Porto<\/p> [\/vc_column][vc_column width=&#8221;1\/3&#8243;] <h2 style=\"color:#ffffff;padding:px;text-align:center;font-size:20px;line-height:13px;letter-spacing: 2px;font-weight:lighter\" class=\"   nd_options_first_font \">CONTACTOS<\/h2> <div style=\"background-color:;height: 30px\" class=\"nicdark_section  \"><\/div>[vc_wp_text]<\/p>\n<p style=\"text-align: center; font-size: 16px; font-weight: 300; color: #ffffff; margin-bottom: 40px; line-height: 1.3;\"><a style=\"color: #ffffff; text-decoration: none;\" href=\"mailto:info@natravessa.com\"><br \/>\ninfo@natravessa.com<br \/>\n<\/a><br \/>\n<span style=\"white-space: nowrap;\"><br \/>\nTelefone \/ WhatsApp:<br \/>\n<a style=\"color: #ffffff; text-decoration: none;\" href=\"tel:+351968690124\"><br \/>\n(+351) 968 690 124<br \/>\n<\/a><br \/>\n<\/span><\/p>\n<p>[\/vc_wp_text][\/vc_column][vc_column width=&#8221;1\/3&#8243; css=&#8221;.vc_custom_1669055980560{padding-right: 20px !important;padding-left: 20px !important;}&#8221;] <h2 style=\"color:#ffffff;padding:px;text-align:center;font-size:20px;line-height:13px;letter-spacing: 2px;font-weight:lighter\" class=\"   nd_options_first_font \">REDES SOCIAIS<\/h2> <div style=\"background-color:;height: 30px\" class=\"nicdark_section  \"><\/div>[vc_row_inner css=&#8221;.vc_custom_1669056485913{margin-right: 20px !important;margin-left: 20px !important;}&#8221;][vc_column_inner width=&#8221;1\/2&#8243; css=&#8221;.vc_custom_1713195351672{margin-top: 0px !important;margin-right: 0px !important;margin-bottom: 0px !important;margin-left: 0px !important;}&#8221; offset=&#8221;vc_col-xs-6&#8243;][vc_icon icon_fontawesome=&#8221;fab fa-instagram&#8221; color=&#8221;white&#8221; size=&#8221;lg&#8221; align=&#8221;right&#8221; link=&#8221;url:https%3A%2F%2Fwww.instagram.com%2FNaTravessaSuites%2F||target:%20_blank|&#8221;][\/vc_column_inner][vc_column_inner width=&#8221;1\/2&#8243; offset=&#8221;vc_col-xs-6&#8243;][vc_icon icon_fontawesome=&#8221;fab fa-facebook-f&#8221; color=&#8221;white&#8221; size=&#8221;lg&#8221; link=&#8221;url:https%3A%2F%2Fwww.facebook.com%2FNaTravessaSuites%2F||target:%20_blank|&#8221; css=&#8221;.vc_custom_1713178740371{margin-right: 20px !important;}&#8221;][\/vc_column_inner][\/vc_row_inner][\/vc_column][\/vc_row][vc_row full_width=&#8221;stretch_row&#8221; css=&#8221;.vc_custom_1589894915312{padding-top: 20px !important;padding-bottom: 20px !important;background-color: #000000 !important;}&#8221;][vc_column][vc_wp_text]<\/p>\n<p style=\"text-align: left;\"><span style=\"color: #b28b18; font-size: 13px; font-weight: normal;\"><a style=\"color: #b28b18;\" href=\"http:\/\/natravessa.com\/politica-de-privacidade\/\" target=\"_blank\" rel=\"noopener\">POL\u00cdTICA DE PRIVACIDADE<\/a>\u00a0 |\u00a0 <a style=\"color: #b28b18;\" href=\"http:\/\/natravessa.com\/politica-de-cookies\/\" target=\"_blank\" rel=\"noopener\">POL\u00cdTICA DE COOKIES<\/a>\u00a0 |\u00a0 <a style=\"color: #b28b18;\" href=\"https:\/\/www.livroreclamacoes.pt\/Inicio\" target=\"_blank\" rel=\"noopener\">LIVRO DE RECLAMA\u00c7\u00d5ES<\/a><\/span><\/p>\n<p>[\/vc_wp_text][vc_wp_text]<span style=\"color: #b28b18; font-size: 13px; font-weight: normal; text-align: center;\">\u00a9 Na Travessa Su\u00edtes | N\u00ba: 116800\/AL | Todos os direitos reservados. | By <a style=\"color: #b28b18;\" href=\"https:\/\/www.pmd.pt\" target=\"_blank\" rel=\"noopener\">PMD<\/a><\/span>[\/vc_wp_text][\/vc_column][\/vc_row]<\/p>\n","protected":false},"excerpt":{"rendered":"<p>[vc_row full_width=&#8221;stretch_row&#8221; content_placement=&#8221;middle&#8221; parallax=&#8221;content-moving&#8221; parallax_image=&#8221;4344&#8243; css=&#8221;.vc_custom_1624374976309{padding-top: 70px !important;padding-bottom: 70px !important;}&#8221; el_class=&#8221;nd_options_vc_parallax_filter_1_3&#8243;][vc_column width=&#8221;1\/4&#8243; css=&#8221;.vc_custom_1590073597952{margin-right: 20px !important;margin-left: 20px !important;padding-right: 30px !important;padding-left: 30px !important;background-color: #ffffff !important;}&#8221;][\/vc_column][vc_column width=&#8221;1\/4&#8243; css=&#8221;.vc_custom_1590069908636{margin-right: 20px !important;margin-left: 20px !important;padding-right: 30px !important;padding-left: 30px !important;background-color: #ab882e !important;}&#8221;][\/vc_column][vc_column width=&#8221;2\/4&#8243; css=&#8221;.vc_custom_1501150271414{padding-top: 40px !important;padding-right: 40px !important;padding-bottom: 40px !important;padding-left: 40px !important;}&#8221; el_class=&#8221;nd_options_text_align_center&#8221;][\/vc_column][\/vc_row][vc_row gap=&#8221;3&#8243;][vc_column width=&#8221;1\/2&#8243; css=&#8221;.vc_custom_1589883242691{margin-top: 35px !important;}&#8221;][vc_row_inner][vc_column_inner css=&#8221;.vc_custom_1590487315272{margin-top: 15px !important;}&#8221;][\/vc_column_inner][\/vc_row_inner][vc_row_inner][vc_column_inner css=&#8221;.vc_custom_1590487696564{margin-top: [&hellip;]<\/p>\n","protected":false},"author":1,"featured_media":0,"parent":0,"menu_order":0,"comment_status":"closed","ping_status":"closed","template":"","meta":{"footnotes":""},"class_list":["post-440","page","type-page","status-publish","hentry"],"_links":{"self":[{"href":"https:\/\/www.natravessa.com\/pt-pt\/wp-json\/wp\/v2\/pages\/440","targetHints":{"allow":["GET"]}}],"collection":[{"href":"https:\/\/www.natravessa.com\/pt-pt\/wp-json\/wp\/v2\/pages"}],"about":[{"href":"https:\/\/www.natravessa.com\/pt-pt\/wp-json\/wp\/v2\/types\/page"}],"author":[{"embeddable":true,"href":"https:\/\/www.natravessa.com\/pt-pt\/wp-json\/wp\/v2\/users\/1"}],"replies":[{"embeddable":true,"href":"https:\/\/www.natravessa.com\/pt-pt\/wp-json\/wp\/v2\/comments?post=440"}],"version-history":[{"count":2,"href":"https:\/\/www.natravessa.com\/pt-pt\/wp-json\/wp\/v2\/pages\/440\/revisions"}],"predecessor-version":[{"id":7314,"href":"https:\/\/www.natravessa.com\/pt-pt\/wp-json\/wp\/v2\/pages\/440\/revisions\/7314"}],"wp:attachment":[{"href":"https:\/\/www.natravessa.com\/pt-pt\/wp-json\/wp\/v2\/media?parent=440"}],"curies":[{"name":"wp","href":"https:\/\/api.w.org\/{rel}","templated":true}]}}