{"id":433,"date":"2017-07-19T08:57:14","date_gmt":"2017-07-19T08:57:14","guid":{"rendered":"http:\/\/www.nicdarkthemes.com\/themes\/hotel\/wp\/demo\/?page_id=433"},"modified":"2026-01-11T20:23:21","modified_gmt":"2026-01-11T20:23:21","slug":"na-travessa-suites-sobre-nos","status":"publish","type":"page","link":"https:\/\/www.natravessa.com\/pt-pt\/na-travessa-suites-sobre-nos\/","title":{"rendered":"Sobre N\u00f3s"},"content":{"rendered":"<p>[vc_row css=&#8221;.vc_custom_1589900480093{margin-top: 100px !important;margin-bottom: 100px !important;}&#8221;][vc_column width=&#8221;1\/2&#8243; css=&#8221;.vc_custom_1467360650255{margin-top: 10px !important;margin-bottom: 10px !important;padding-top: 0px !important;padding-right: 40px !important;}&#8221;] <h1 style=\"color:#636363;padding:px;text-align:;font-size:20px;line-height:15px;letter-spacing: px;font-weight:bold\" class=\"   nd_options_second_font \">Sobre N\u00f3s<\/h1> <div style=\"background-color:;height: 20px\" class=\"nicdark_section  \"><\/div> <p style=\"color:#1c1c1c;padding:px;text-align:;font-size:15px;line-height:25px;letter-spacing: px;font-weight:lighter\" class=\"  nd_options_text_align_center_responsive_important nd_options_second_font \">Ol\u00e1! Somos o Pedro, a Mariana e a Leonor, a nossa filha. \u00c0 data em que escrevemos este texto n\u00e3o sabemos ainda os nomes dos nossos Colaboradores, pois estamos em plena pandemia e o nome de quem nos acompanhar\u00e1 nesta aventura \u00e9 s\u00f3 mais uma das grandes incertezas que temos neste momento.<\/p> <div style=\"background-color:;height: 20px\" class=\"nicdark_section  \"><\/div> <p style=\"color:#1c1c1c;padding:px;text-align:;font-size:15px;line-height:25px;letter-spacing: px;font-weight:lighter\" class=\"  nd_options_text_align_center_responsive_important nd_options_second_font \">A Na Travessa Su\u00edtes nasce agora, em 2021, mas foi em 2007 quando compramos um pr\u00e9dio de 500m\u00b2 no centro do Porto que tudo come\u00e7ou. Na altura, decidimos comprar esse pr\u00e9dio para criar a nossa casa e para disponibilizar 6 quartos para h\u00f3spedes. O nome que demos ao alojamento foi 6Only Guesthouse e provavelmente ainda haver\u00e1 vest\u00edgios dessa marca pela internet\u2026 Segundo as investiga\u00e7\u00f5es que fizemos na altura, fomos a 2\u00aa Guest House a nascer no Porto.<\/p> <div style=\"background-color:;height: 20px\" class=\"nicdark_section  \"><\/div> <p style=\"color:#1c1c1c;padding:px;text-align:;font-size:15px;line-height:25px;letter-spacing: px;font-weight:lighter\" class=\"  nd_options_text_align_center_responsive_important nd_options_second_font \">Em 2007, o Porto era uma cidade com pr\u00e9dios a cair e praticamente deserta a partir das 7 da tarde quando o com\u00e9rcio tradicional fechava as portas. Mas a vontade que t\u00ednhamos em viver em plena baixa era suficiente para n\u00e3o pensarmos em mais nada e os 6 quartos seriam suficientes para nos darem um rendimento extra para ajudar a pagar essa enorme casa.<\/p> [\/vc_column][vc_column width=&#8221;1\/2&#8243; css=&#8221;.vc_custom_1467207292391{margin-top: 10px !important;margin-bottom: 10px !important;padding-top: 0px !important;}&#8221;] <p style=\"color:#1c1c1c;padding:px;text-align:;font-size:15px;line-height:25px;letter-spacing: px;font-weight:lighter\" class=\"  nd_options_text_align_center_responsive_important nd_options_second_font \">Entretanto o turismo cresceu e cresceu e cresceu. O Porto tornou-se num destino conhecido, pois bonito e atraente j\u00e1 o era. A vista do p\u00f4r do sol no jardim do morro deixou de ser um segredo\u2026<\/p> <div style=\"background-color:;height: 20px\" class=\"nicdark_section  \"><\/div> <p style=\"color:#1c1c1c;padding:px;text-align:;font-size:15px;line-height:25px;letter-spacing: px;font-weight:lighter\" class=\"  nd_options_text_align_center_responsive_important nd_options_second_font \">Com esse crescimento tur\u00edstico e imobili\u00e1rio, decidimos em 2017 vender a nossa Guesthouse que na altura j\u00e1 tinha n\u00e3o 6 mas 12 quartos, pois t\u00ednhamos adquirido em 2015 o pr\u00e9dio do lado. Foi uma oportunidade \u00e0 qual n\u00e3o pod\u00edamos fugir pois pod\u00edamos voltar a investir num novo alojamento, todavia mais pequeno, mas de forma mais sustent\u00e1vel.<\/p> <div style=\"background-color:;height: 20px\" class=\"nicdark_section  \"><\/div> <p style=\"color:#1c1c1c;padding:px;text-align:;font-size:15px;line-height:25px;letter-spacing: px;font-weight:lighter\" class=\"  nd_options_text_align_center_responsive_important nd_options_second_font \">Com a 6Only tivemos muito sucesso e uma longa aprendizagem. Agora, com a Na Travessa Su\u00edtes, a nascer como j\u00e1 dissemos em pleno ano de 2021, ano que ficar\u00e1 marcado para sempre nas nossas vidas, as incertezas s\u00e3o provavelmente ainda maiores das que t\u00ednhamos em 2007.<\/p> <div style=\"background-color:;height: 20px\" class=\"nicdark_section  \"><\/div> <p style=\"color:#1c1c1c;padding:px;text-align:;font-size:15px;line-height:25px;letter-spacing: px;font-weight:lighter\" class=\"  nd_options_text_align_center_responsive_important nd_options_second_font \">No entanto, a vontade de construir algo, de dar \u00e0 cidade mais um im\u00f3vel reabilitado e acima de tudo vontade de receber e conhecer outras culturas sem sairmos da nossa casa \u00e9 sempre maior do que qualquer incerteza.<\/p> [\/vc_column][\/vc_row][vc_row full_width=&#8221;stretch_row_content&#8221; content_placement=&#8221;bottom&#8221;][vc_column css=&#8221;.vc_custom_1589896142929{border-right-width: 0px !important;border-left-width: 0px !important;padding-top: 50px !important;padding-right: 0px !important;padding-bottom: 50px !important;padding-left: 0px !important;background-color: #ab882e !important;}&#8221;] <p style=\"color:#ffffff;padding:55px;text-align:center;font-size:36px;line-height:px;letter-spacing: px;font-weight:lighter\" class=\"   nd_options_first_font \">Sejam bem vindos<\/p> [\/vc_column][\/vc_row][vc_row full_width=&#8221;stretch_row&#8221; css=&#8221;.vc_custom_1589896036335{padding-top: 80px !important;padding-bottom: 60px !important;background-color: #333333 !important;background-position: center !important;background-repeat: no-repeat !important;background-size: cover !important;}&#8221;][vc_column width=&#8221;1\/3&#8243;] <h2 style=\"color:#ffffff;padding:px;text-align:center;font-size:20px;line-height:13px;letter-spacing: 2px;font-weight:lighter\" class=\"   nd_options_first_font \">LOCALIZA\u00c7\u00c3O<\/h2> <div style=\"background-color:;height: 30px\" class=\"nicdark_section  \"><\/div> <p style=\"color:#ffffff;padding:px;text-align:center;font-size:16px;line-height:26px;letter-spacing: px;font-weight:lighter\" class=\"   nd_options_second_font \">Travessa de S\u00e3o Sebasti\u00e3o, 39<\/p>  <p style=\"color:#ffffff;padding:px;text-align:center;font-size:16px;line-height:26px;letter-spacing: px;font-weight:lighter\" class=\"  rodape_mobile nd_options_second_font \">4050-569 Porto<\/p> [\/vc_column][vc_column width=&#8221;1\/3&#8243;] <h2 style=\"color:#ffffff;padding:px;text-align:center;font-size:20px;line-height:13px;letter-spacing: 2px;font-weight:lighter\" class=\"   nd_options_first_font \">CONTACTOS<\/h2> <div style=\"background-color:;height: 30px\" class=\"nicdark_section  \"><\/div>[vc_wp_text]<\/p>\n<p style=\"text-align: center; font-size: 16px; font-weight: 300; color: #ffffff; margin-bottom: 40px; line-height: 1.3;\"><a style=\"color: #ffffff; text-decoration: none;\" href=\"mailto:info@natravessa.com\"><br \/>\ninfo@natravessa.com<br \/>\n<\/a><br \/>\n<span style=\"white-space: nowrap;\"><br \/>\nTelefone \/ WhatsApp:<br \/>\n<a style=\"color: #ffffff; text-decoration: none;\" href=\"tel:+351968690124\"><br \/>\n(+351) 968 690 124<br \/>\n<\/a><br \/>\n<\/span><\/p>\n<p>[\/vc_wp_text][\/vc_column][vc_column width=&#8221;1\/3&#8243; css=&#8221;.vc_custom_1669055980560{padding-right: 20px !important;padding-left: 20px !important;}&#8221;] <h2 style=\"color:#ffffff;padding:px;text-align:center;font-size:20px;line-height:13px;letter-spacing: 2px;font-weight:lighter\" class=\"   nd_options_first_font \">REDES SOCIAIS<\/h2> <div style=\"background-color:;height: 30px\" class=\"nicdark_section  \"><\/div>[vc_row_inner css=&#8221;.vc_custom_1669056485913{margin-right: 20px !important;margin-left: 20px !important;}&#8221;][vc_column_inner width=&#8221;1\/2&#8243; css=&#8221;.vc_custom_1713194260236{margin-top: 0px !important;margin-right: 0px !important;margin-bottom: 0px !important;margin-left: 0px !important;}&#8221; offset=&#8221;vc_col-xs-6&#8243;][vc_icon icon_fontawesome=&#8221;fab fa-instagram&#8221; color=&#8221;white&#8221; size=&#8221;lg&#8221; align=&#8221;right&#8221; link=&#8221;url:https%3A%2F%2Fwww.instagram.com%2FNaTravessaSuites%2F||target:%20_blank|&#8221;][\/vc_column_inner][vc_column_inner width=&#8221;1\/2&#8243; offset=&#8221;vc_col-xs-6&#8243;][vc_icon icon_fontawesome=&#8221;fab fa-facebook-f&#8221; color=&#8221;white&#8221; size=&#8221;lg&#8221; link=&#8221;url:https%3A%2F%2Fwww.facebook.com%2FNaTravessaSuites%2F||target:%20_blank|&#8221; css=&#8221;.vc_custom_1713178479156{margin-right: 20px !important;}&#8221;][\/vc_column_inner][\/vc_row_inner][\/vc_column][\/vc_row][vc_row full_width=&#8221;stretch_row&#8221; css=&#8221;.vc_custom_1589894915312{padding-top: 20px !important;padding-bottom: 20px !important;background-color: #000000 !important;}&#8221;][vc_column][vc_wp_text]<\/p>\n<p style=\"text-align: left;\"><span style=\"color: #b28b18; font-size: 13px; font-weight: normal;\"><a style=\"color: #b28b18;\" href=\"http:\/\/natravessa.com\/politica-de-privacidade\/\" target=\"_blank\" rel=\"noopener\">POL\u00cdTICA DE PRIVACIDADE<\/a> |\u00a0 <a style=\"color: #b28b18;\" href=\"http:\/\/natravessa.com\/politica-de-cookies\/\" target=\"_blank\" rel=\"noopener\">POL\u00cdTICA DE COOKIES<\/a> |\u00a0 <a style=\"color: #b28b18;\" href=\"https:\/\/www.livroreclamacoes.pt\/Inicio\" target=\"_blank\" rel=\"noopener\">LIVRO DE RECLAMA\u00c7\u00d5ES<\/a><\/span><\/p>\n<p>[\/vc_wp_text][vc_wp_text]<span style=\"color: #b28b18; font-size: 13px; font-weight: normal; text-align: center;\">\u00a9 Na Travessa Su\u00edtes | N\u00ba: 116800\/AL | Todos os direitos reservados. | By <a style=\"color: #b28b18;\" href=\"https:\/\/www.pmd.pt\" target=\"_blank\" rel=\"noopener\">PMD<\/a><\/span>[\/vc_wp_text][\/vc_column][\/vc_row]<\/p>\n","protected":false},"excerpt":{"rendered":"<p>[vc_row css=&#8221;.vc_custom_1589900480093{margin-top: 100px !important;margin-bottom: 100px !important;}&#8221;][vc_column width=&#8221;1\/2&#8243; css=&#8221;.vc_custom_1467360650255{margin-top: 10px !important;margin-bottom: 10px !important;padding-top: 0px !important;padding-right: 40px !important;}&#8221;][\/vc_column][vc_column width=&#8221;1\/2&#8243; css=&#8221;.vc_custom_1467207292391{margin-top: 10px !important;margin-bottom: 10px !important;padding-top: 0px !important;}&#8221;][\/vc_column][\/vc_row][vc_row full_width=&#8221;stretch_row_content&#8221; content_placement=&#8221;bottom&#8221;][vc_column css=&#8221;.vc_custom_1589896142929{border-right-width: 0px !important;border-left-width: 0px !important;padding-top: 50px !important;padding-right: 0px !important;padding-bottom: 50px !important;padding-left: 0px !important;background-color: #ab882e !important;}&#8221;][\/vc_column][\/vc_row][vc_row full_width=&#8221;stretch_row&#8221; css=&#8221;.vc_custom_1589896036335{padding-top: 80px !important;padding-bottom: 60px !important;background-color: #333333 !important;background-position: center !important;background-repeat: no-repeat !important;background-size: cover !important;}&#8221;][vc_column [&hellip;]<\/p>\n","protected":false},"author":1,"featured_media":0,"parent":0,"menu_order":0,"comment_status":"closed","ping_status":"closed","template":"","meta":{"footnotes":""},"class_list":["post-433","page","type-page","status-publish","hentry"],"_links":{"self":[{"href":"https:\/\/www.natravessa.com\/pt-pt\/wp-json\/wp\/v2\/pages\/433","targetHints":{"allow":["GET"]}}],"collection":[{"href":"https:\/\/www.natravessa.com\/pt-pt\/wp-json\/wp\/v2\/pages"}],"about":[{"href":"https:\/\/www.natravessa.com\/pt-pt\/wp-json\/wp\/v2\/types\/page"}],"author":[{"embeddable":true,"href":"https:\/\/www.natravessa.com\/pt-pt\/wp-json\/wp\/v2\/users\/1"}],"replies":[{"embeddable":true,"href":"https:\/\/www.natravessa.com\/pt-pt\/wp-json\/wp\/v2\/comments?post=433"}],"version-history":[{"count":3,"href":"https:\/\/www.natravessa.com\/pt-pt\/wp-json\/wp\/v2\/pages\/433\/revisions"}],"predecessor-version":[{"id":7306,"href":"https:\/\/www.natravessa.com\/pt-pt\/wp-json\/wp\/v2\/pages\/433\/revisions\/7306"}],"wp:attachment":[{"href":"https:\/\/www.natravessa.com\/pt-pt\/wp-json\/wp\/v2\/media?parent=433"}],"curies":[{"name":"wp","href":"https:\/\/api.w.org\/{rel}","templated":true}]}}