{"id":2094,"date":"2020-05-19T16:05:09","date_gmt":"2020-05-19T16:05:09","guid":{"rendered":"http:\/\/natravessa.com\/?page_id=2094"},"modified":"2024-04-15T15:38:50","modified_gmt":"2024-04-15T15:38:50","slug":"politica-de-cookies","status":"publish","type":"page","link":"https:\/\/www.natravessa.com\/pt-pt\/politica-de-cookies\/","title":{"rendered":"Pol\u00edtica de Cookies"},"content":{"rendered":"<p>[vc_row css=&#8221;.vc_custom_1589900480093{margin-top: 100px !important;margin-bottom: 100px !important;}&#8221;][vc_column width=&#8221;2\/3&#8243; css=&#8221;.vc_custom_1467360650255{margin-top: 10px !important;margin-bottom: 10px !important;padding-top: 0px !important;padding-right: 40px !important;}&#8221;] <h1 style=\"color:#b28b18;padding:px;text-align:;font-size:30px;line-height:px;letter-spacing: px;font-weight:lighter\" class=\"  nd_options_text_align_center_responsive_important nd_options_second_font \">Pol\u00edtica de Cookies<\/h1> <div style=\"background-color:;height: 30px\" class=\"nicdark_section  \"><\/div> <p style=\"color:#1c1c1c;padding:px;text-align:;font-size:15px;line-height:25px;letter-spacing: px;font-weight:lighter\" class=\"  nd_options_text_align_center_responsive_important nd_options_third_font \">Estes s\u00e3o os Termos e Condi\u00e7\u00f5es Gerais de utiliza\u00e7\u00e3o de cookies no site da \u201cNa Travessa\u201c. O site natravessa.com utiliza cookies para permitir, facilitar e melhorar a navega\u00e7\u00e3o no mesmo. Recomendamos a leitura atenta desta pol\u00edtica para entender o uso desta tecnologia, os seus objetivos e desta forma conseguir gerir, desativar ou eliminar a utiliza\u00e7\u00e3o destes cookies durante a navega\u00e7\u00e3o.<\/p> <div style=\"background-color:;height: 50px\" class=\"nicdark_section  \"><\/div> <h6 style=\"color:#b28b18;padding:px;text-align:;font-size:22px;line-height:px;letter-spacing: px;font-weight:lighter\" class=\"  nd_options_text_align_center_responsive_important nd_options_second_font \">1. OBJETIVO<\/h6> <div style=\"background-color:;height: 30px\" class=\"nicdark_section  \"><\/div> <p style=\"color:#1c1c1c;padding:px;text-align:;font-size:15px;line-height:25px;letter-spacing: px;font-weight:lighter\" class=\"  nd_options_text_align_center_responsive_important nd_options_third_font \">A presente pol\u00edtica tem como objetivo informar os utilizadores sobre a utiliza\u00e7\u00e3o de cookies neste site. Mais especificamente explicar o que s\u00e3o cookies, que tipos de cookies s\u00e3o usados no site e como desativ\u00e1-los durante a navega\u00e7\u00e3o ou elimin\u00e1-los depois da navega\u00e7\u00e3o.<\/p> <div style=\"background-color:;height: 50px\" class=\"nicdark_section  \"><\/div> <h6 style=\"color:#b28b18;padding:px;text-align:;font-size:22px;line-height:px;letter-spacing: px;font-weight:lighter\" class=\"  nd_options_text_align_center_responsive_important nd_options_second_font \">2. INFORMA\u00c7\u00d5ES E AUTORIZA\u00c7\u00c3O PR\u00c9VIA<\/h6> <div style=\"background-color:;height: 30px\" class=\"nicdark_section  \"><\/div> <p style=\"color:#1c1c1c;padding:px;text-align:;font-size:15px;line-height:25px;letter-spacing: px;font-weight:lighter\" class=\"  nd_options_text_align_center_responsive_important nd_options_third_font \">Na primeira vez que acede ao nosso site \u00e9-lhe informado, num aviso vis\u00edvel e em destaque, que usamos cookies assim como os objetivos dessa utiliza\u00e7\u00e3o. Se n\u00e3o concordar, pode desativar os cookies, consultando o ponto 4 deste documento. Para uma melhor navega\u00e7\u00e3o n\u00e3o recomendamos desativar os cookies.<\/p> <div style=\"background-color:;height: 50px\" class=\"nicdark_section  \"><\/div> <h6 style=\"color:#b28b18;padding:px;text-align:;font-size:22px;line-height:px;letter-spacing: px;font-weight:lighter\" class=\"  nd_options_text_align_center_responsive_important nd_options_second_font \">3. O QUE \u00c9 UMA COOKIE?<\/h6> <div style=\"background-color:;height: 30px\" class=\"nicdark_section  \"><\/div> <p style=\"color:#1c1c1c;padding:px;text-align:;font-size:15px;line-height:25px;letter-spacing: px;font-weight:lighter\" class=\"  nd_options_text_align_center_responsive_important nd_options_third_font \">Uma cookie \u00e9 um arquivo que \u00e9 descarregado para o equipamento do utilizador da internet como resultado do seu acesso e navega\u00e7\u00e3o em certas p\u00e1ginas, permitindo que se armazene e recupere informa\u00e7\u00f5es. Essa informa\u00e7\u00e3o \u00e9 variada sendo maioritariamente sobre os h\u00e1bitos de navega\u00e7\u00e3o do utilizador e da forma como utilizam e pesquisam as informa\u00e7\u00f5es constantes na p\u00e1gina. O objetivo das cookies \u00e9 melhorar a navega\u00e7\u00e3o na internet, conhecer melhor o utilizador e poder oferecer uma experi\u00eancia personalizada durante a sua visita a certas p\u00e1ginas. Para obter informa\u00e7\u00f5es detalhadas sobre como desativar os cookies, por favor consulte o ponto 4 deste documento.<\/p> <div style=\"background-color:;height: 50px\" class=\"nicdark_section  \"><\/div> <h6 style=\"color:#b28b18;padding:px;text-align:;font-size:22px;line-height:px;letter-spacing: px;font-weight:lighter\" class=\"  nd_options_text_align_center_responsive_important nd_options_second_font \">4. COMO GERIR, DESATIVAR OU ELIMINAR AS COOKIES?<\/h6> <div style=\"background-color:;height: 30px\" class=\"nicdark_section  \"><\/div> <p style=\"color:#1c1c1c;padding:px;text-align:;font-size:15px;line-height:25px;letter-spacing: px;font-weight:lighter\" class=\"  nd_options_text_align_center_responsive_important nd_options_third_font \">Se continuar a navegar no site sem desativar as cookies est\u00e1 a aceitar a utiliza\u00e7\u00e3o das mesmas. Caso se oponha \u00e0 utiliza\u00e7\u00e3o de cookies, no momento em que o site o informa da exist\u00eancia dos mesmos, poder\u00e1 configurar o seu navegador para n\u00e3o instalar esses cookies. Poder\u00e1 desativar ou eliminar os mesmos a qualquer momento atrav\u00e9s das fun\u00e7\u00f5es do seu navegador destinadas para esse efeito. Caso pretender consulte a lista de links, abaixo, sobre os passos a seguir para a ativa\u00e7\u00e3o, desativa\u00e7\u00e3o, exclus\u00e3o ou gest\u00e3o de cookies em fun\u00e7\u00e3o de cada navegador:<\/p> <div style=\"background-color:;height: 30px\" class=\"nicdark_section  \"><\/div>[vc_wp_text]<span style=\"font-family: cinzel;\"> Google Chrome: <a style=\"font-size: 14px;\" href=\"https:\/\/support.google.com\/accounts\/answer\/61416?co=GENIE.Platform%3DDesktop&amp;hl=pt-BR\" target=\"_blank\" rel=\"noopener\"> <u>https:\/\/support.google.com\/accounts\/answer\/61416?co=GENIE.Platform%3DDesktop&amp;hl=pt-BR<\/u><\/a><\/span><\/p>\n<p><span style=\"font-family: cinzel;\"> Internet Explorer: <a style=\"font-size: 14px;\" href=\"https:\/\/support.microsoft.com\/pt-pt\/help\/17442\/windows-internet-explorer-delete-manage-cookies\" target=\"_blank\" rel=\"noopener\"> <u> https:\/\/support.microsoft.com\/pt-pt\/help\/17442\/windows-internet-explorer-delete-manage-cookies<\/u><\/a><\/span><\/p>\n<p><span style=\"font-family: cinzel;\"> Mozilla Firefox: <a style=\"font-size: 14px;\" href=\"https:\/\/support.microsoft.com\/pt-pt\/help\/17442\/windows-internet-explorer-delete-manage-cookies\" target=\"_blank\" rel=\"noopener\"> <u> https:\/\/support.microsoft.com\/pt-pt\/help\/17442\/windows-internet-explorer-delete-manage-cookies<\/u><\/a><\/span><\/p>\n<p><span style=\"font-family: cinzel;\"> Safari: <a style=\"font-size: 14px;\" href=\"https:\/\/support.apple.com\/pt-pt\/guide\/safari\/manage-cookies-and-website-data-sfri11471\/mac\" target=\"_blank\" rel=\"noopener\"> <u> https:\/\/support.apple.com\/pt-pt\/guide\/safari\/manage-cookies-and-website-data-sfri11471\/mac <\/u><\/a><\/span>[\/vc_wp_text]<div style=\"background-color:;height: 30px\" class=\"nicdark_section  \"><\/div> <p style=\"color:#1c1c1c;padding:px;text-align:;font-size:15px;line-height:25px;letter-spacing: px;font-weight:lighter\" class=\"  nd_options_text_align_center_responsive_important nd_options_third_font \">Se estiver a navegar atrav\u00e9s de um tablet ou smartphone o procedimento \u00e9 id\u00eantico. Se o navegador que utiliza n\u00e3o est\u00e1 mencionado acima, por favor consultar o site oficial do mesmo.<\/p> <div style=\"background-color:;height: 50px\" class=\"nicdark_section  \"><\/div> <h6 style=\"color:#b28b18;padding:px;text-align:;font-size:22px;line-height:px;letter-spacing: px;font-weight:lighter\" class=\"  nd_options_text_align_center_responsive_important nd_options_second_font \">5. CONTACTOS<\/h6> <div style=\"background-color:;height: 30px\" class=\"nicdark_section  \"><\/div> <p style=\"color:#1c1c1c;padding:px;text-align:;font-size:15px;line-height:25px;letter-spacing: px;font-weight:lighter\" class=\"  nd_options_text_align_center_responsive_important nd_options_third_font \">Caso o Utilizador tenha alguma quest\u00e3o ou qualquer coment\u00e1rio sobre o site natravessa.com, por favor, contacte info@natravessa.com<\/p> [\/vc_column][vc_column width=&#8221;1\/3&#8243;][\/vc_column][\/vc_row][vc_row full_width=&#8221;stretch_row&#8221; css=&#8221;.vc_custom_1589896036335{padding-top: 80px !important;padding-bottom: 60px !important;background-color: #333333 !important;background-position: center !important;background-repeat: no-repeat !important;background-size: cover !important;}&#8221;][vc_column width=&#8221;1\/3&#8243;] <h2 style=\"color:#ffffff;padding:px;text-align:center;font-size:20px;line-height:13px;letter-spacing: 2px;font-weight:lighter\" class=\"   nd_options_first_font \">LOCALIZA\u00c7\u00c3O<\/h2> <div style=\"background-color:;height: 30px\" class=\"nicdark_section  \"><\/div> <p style=\"color:#ffffff;padding:px;text-align:center;font-size:16px;line-height:26px;letter-spacing: px;font-weight:lighter\" class=\"   nd_options_second_font \">Travessa de S\u00e3o Sebasti\u00e3o, 39<\/p>  <p style=\"color:#ffffff;padding:px;text-align:center;font-size:16px;line-height:26px;letter-spacing: px;font-weight:lighter\" class=\"  rodape_mobile nd_options_second_font \">4050-569 Porto<\/p> [\/vc_column][vc_column width=&#8221;1\/3&#8243;] <h2 style=\"color:#ffffff;padding:px;text-align:center;font-size:20px;line-height:13px;letter-spacing: 2px;font-weight:lighter\" class=\"   nd_options_first_font \">CONTACTOS<\/h2> <div style=\"background-color:;height: 30px\" class=\"nicdark_section  \"><\/div>[vc_wp_text]<\/p>\n<p style=\"text-align: center; font-size: 16px; font-weight: 300;\"><span style=\"color: #ffffff;\"><a style=\"color: #ffffff;\" href=\"mailto:info@natravessa.com\">info@natravessa.com<\/a><\/span><\/p>\n<p>[\/vc_wp_text] <p style=\"color:#ffffff;padding:px;text-align:center;font-size:16px;line-height:26px;letter-spacing: px;font-weight:lighter\" class=\"  rodape_mobile nd_options_second_font \">Telefone \/ WhatsApp: (+351) 968 690 124<\/p> [\/vc_column][vc_column width=&#8221;1\/3&#8243; css=&#8221;.vc_custom_1669055980560{padding-right: 20px !important;padding-left: 20px !important;}&#8221;] <h2 style=\"color:#ffffff;padding:px;text-align:center;font-size:20px;line-height:13px;letter-spacing: 2px;font-weight:lighter\" class=\"   nd_options_first_font \">REDES SOCIAIS<\/h2> <div style=\"background-color:;height: 30px\" class=\"nicdark_section  \"><\/div>[vc_row_inner css=&#8221;.vc_custom_1669056485913{margin-right: 20px !important;margin-left: 20px !important;}&#8221;][vc_column_inner width=&#8221;1\/2&#8243; css=&#8221;.vc_custom_1713195518910{margin-top: 0px !important;margin-right: 0px !important;margin-bottom: 0px !important;margin-left: 0px !important;}&#8221; offset=&#8221;vc_col-xs-6&#8243;][vc_icon icon_fontawesome=&#8221;fab fa-instagram&#8221; color=&#8221;white&#8221; size=&#8221;lg&#8221; align=&#8221;right&#8221; link=&#8221;url:https%3A%2F%2Fwww.instagram.com%2FNaTravessaSuites%2F||target:%20_blank|&#8221;][\/vc_column_inner][vc_column_inner width=&#8221;1\/2&#8243; offset=&#8221;vc_col-xs-6&#8243;][vc_icon icon_fontawesome=&#8221;fab fa-facebook-f&#8221; color=&#8221;white&#8221; size=&#8221;lg&#8221; link=&#8221;url:https%3A%2F%2Fwww.facebook.com%2FNaTravessaSuites%2F||target:%20_blank|&#8221; css=&#8221;.vc_custom_1713178901966{margin-right: 20px !important;}&#8221;][\/vc_column_inner][\/vc_row_inner][\/vc_column][\/vc_row][vc_row full_width=&#8221;stretch_row&#8221; css=&#8221;.vc_custom_1589894915312{padding-top: 20px !important;padding-bottom: 20px !important;background-color: #000000 !important;}&#8221;][vc_column width=&#8221;1\/2&#8243;][vc_wp_text]<span style=\"color: #b28b18; font-size: 13px; font-weight: normal; text-align: center;\">\u00a9 Na Travessa Su\u00edtes | N\u00ba: 116800\/AL | Todos os direitos reservados. | By <a style=\"color: #b28b18;\" href=\"https:\/\/www.pmd.pt\" target=\"_blank\" rel=\"noopener\">PMD<\/a><\/span>[\/vc_wp_text][\/vc_column][vc_column width=&#8221;1\/2&#8243;][vc_wp_text]<\/p>\n<p class=\"footer_right\" style=\"text-align: left;\"><span style=\"color: #b28b18; font-size: 13px; font-weight: normal;\"><a style=\"color: #b28b18;\" href=\"http:\/\/natravessa.com\/covid-19\/\" target=\"_blank\" rel=\"noopener\">COVID-19<\/a>\u00a0 |\u00a0<a style=\"color: #b28b18;\" href=\"http:\/\/natravessa.com\/politica-de-privacidade\/\" target=\"_blank\" rel=\"noopener\">POL\u00cdTICA DE PRIVACIDADE<\/a>\u00a0 |\u00a0 <a style=\"color: #b28b18;\" href=\"http:\/\/natravessa.com\/politica-de-cookies\/\" target=\"_blank\" rel=\"noopener\">POL\u00cdTICA DE COOKIES<\/a><\/span><\/p>\n<p>[\/vc_wp_text][\/vc_column][\/vc_row]<\/p>\n","protected":false},"excerpt":{"rendered":"<p>[vc_row css=&#8221;.vc_custom_1589900480093{margin-top: 100px !important;margin-bottom: 100px !important;}&#8221;][vc_column width=&#8221;2\/3&#8243; css=&#8221;.vc_custom_1467360650255{margin-top: 10px !important;margin-bottom: 10px !important;padding-top: 0px !important;padding-right: 40px !important;}&#8221;][vc_wp_text] Google Chrome: https:\/\/support.google.com\/accounts\/answer\/61416?co=GENIE.Platform%3DDesktop&amp;hl=pt-BR Internet Explorer: https:\/\/support.microsoft.com\/pt-pt\/help\/17442\/windows-internet-explorer-delete-manage-cookies Mozilla Firefox: https:\/\/support.microsoft.com\/pt-pt\/help\/17442\/windows-internet-explorer-delete-manage-cookies Safari: https:\/\/support.apple.com\/pt-pt\/guide\/safari\/manage-cookies-and-website-data-sfri11471\/mac [\/vc_wp_text][\/vc_column][vc_column width=&#8221;1\/3&#8243;][\/vc_column][\/vc_row][vc_row full_width=&#8221;stretch_row&#8221; css=&#8221;.vc_custom_1589896036335{padding-top: 80px !important;padding-bottom: 60px !important;background-color: #333333 !important;background-position: center !important;background-repeat: no-repeat !important;background-size: cover !important;}&#8221;][vc_column width=&#8221;1\/3&#8243;][\/vc_column][vc_column width=&#8221;1\/3&#8243;][vc_wp_text] info@natravessa.com [\/vc_wp_text][\/vc_column][vc_column width=&#8221;1\/3&#8243; css=&#8221;.vc_custom_1669055980560{padding-right: 20px !important;padding-left: 20px !important;}&#8221;][vc_row_inner css=&#8221;.vc_custom_1669056485913{margin-right: 20px [&hellip;]<\/p>\n","protected":false},"author":2,"featured_media":0,"parent":0,"menu_order":0,"comment_status":"closed","ping_status":"closed","template":"","meta":{"footnotes":""},"class_list":["post-2094","page","type-page","status-publish","hentry"],"_links":{"self":[{"href":"https:\/\/www.natravessa.com\/pt-pt\/wp-json\/wp\/v2\/pages\/2094","targetHints":{"allow":["GET"]}}],"collection":[{"href":"https:\/\/www.natravessa.com\/pt-pt\/wp-json\/wp\/v2\/pages"}],"about":[{"href":"https:\/\/www.natravessa.com\/pt-pt\/wp-json\/wp\/v2\/types\/page"}],"author":[{"embeddable":true,"href":"https:\/\/www.natravessa.com\/pt-pt\/wp-json\/wp\/v2\/users\/2"}],"replies":[{"embeddable":true,"href":"https:\/\/www.natravessa.com\/pt-pt\/wp-json\/wp\/v2\/comments?post=2094"}],"version-history":[{"count":0,"href":"https:\/\/www.natravessa.com\/pt-pt\/wp-json\/wp\/v2\/pages\/2094\/revisions"}],"wp:attachment":[{"href":"https:\/\/www.natravessa.com\/pt-pt\/wp-json\/wp\/v2\/media?parent=2094"}],"curies":[{"name":"wp","href":"https:\/\/api.w.org\/{rel}","templated":true}]}}