{"id":16,"date":"2017-06-30T09:47:33","date_gmt":"2017-06-30T09:47:33","guid":{"rendered":"http:\/\/www.nicdarkthemes.com\/themes\/hotel\/wp\/demo\/?page_id=16"},"modified":"2026-01-11T20:15:24","modified_gmt":"2026-01-11T20:15:24","slug":"home-1","status":"publish","type":"page","link":"https:\/\/www.natravessa.com\/pt-pt\/","title":{"rendered":"Home"},"content":{"rendered":"<p>[vc_row][vc_column]\n\t\t\t<!-- START Home 1 REVOLUTION SLIDER 6.2.2 --><p class=\"rs-p-wp-fix\"><\/p>\n\t\t\t<rs-module-wrap id=\"rev_slider_5_1_wrapper\" data-source=\"gallery\" style=\"background:#1c1c1c;padding:0;margin:0px auto;margin-top:0;margin-bottom:0;\">\n\t\t\t\t<rs-module id=\"rev_slider_5_1\" style=\"display:none;\" data-version=\"6.2.2\">\n\t\t\t\t\t<rs-slides>\n\t\t\t\t\t\t<rs-slide data-key=\"rs-14\" data-title=\"slide\" data-anim=\"ei:d;eo:d;s:2300;r:0;t:fadethroughdark;sl:d;\" data-p1=\"01\">\n\t\t\t\t\t\t\t<img loading=\"lazy\" decoding=\"async\" src=\"\/\/natravessa.com\/wp-content\/uploads\/2024\/07\/natravessa-home.jpg\" title=\"natravessa-home\" width=\"1613\" height=\"1075\" data-bg=\"p:0% 70%;\" class=\"rev-slidebg\" data-no-retina alt=\"\">\n<!--\n\t\t\t\t\t\t\t--><h1\n\t\t\t\t\t\t\t\tid=\"slider-5-slide-14-layer-2\" \n\t\t\t\t\t\t\t\tclass=\"rs-layer\"\n\t\t\t\t\t\t\t\tdata-type=\"text\"\n\t\t\t\t\t\t\t\tdata-color=\"rgba(255, 255, 255, 1)\"\n\t\t\t\t\t\t\t\tdata-rsp_ch=\"on\"\n\t\t\t\t\t\t\t\tdata-xy=\"x:c;y:t,m,m,m;yo:190px,-10px,-10px,-10px;\"\n\t\t\t\t\t\t\t\tdata-text=\"s:70,70,50,40;l:90,70,55,45;a:center;\"\n\t\t\t\t\t\t\t\tdata-dim=\"w:auto,auto,auto,320px;\"\n\t\t\t\t\t\t\t\tdata-vbility=\"f,f,f,f\"\n\t\t\t\t\t\t\t\tdata-frame_0=\"y:50px;tp:600;\"\n\t\t\t\t\t\t\t\tdata-frame_1=\"tp:600;e:power3.out;st:2550;sp:1500;sR:2550;\"\n\t\t\t\t\t\t\t\tdata-frame_999=\"x:0;y:0;z:0;sX:0.9;sY:0.9;o:0;rX:0;rY:0;rZ:0;skX:0;skY:0;tp:600;st:w;sp:1000;sR:4950;\"\n\t\t\t\t\t\t\t\tstyle=\"z-index:10;font-family:Gilda Display;\"\n\t\t\t\t\t\t\t><strong>T\u00cdTULO <\/br>\nCASA 8<\/strong> \n\t\t\t\t\t\t\t<\/h1><!--\n\n\t\t\t\t\t\t\t--><p\n\t\t\t\t\t\t\t\tid=\"slider-5-slide-14-layer-3\" \n\t\t\t\t\t\t\t\tclass=\"rs-layer\"\n\t\t\t\t\t\t\t\tdata-type=\"text\"\n\t\t\t\t\t\t\t\tdata-rsp_ch=\"on\"\n\t\t\t\t\t\t\t\tdata-xy=\"x:c;y:t,m,m,m;yo:120px,-150px,-100px,-100px;\"\n\t\t\t\t\t\t\t\tdata-text=\"s:12,12,14,12;l:12,12,14,12;ls:2px;a:center;\"\n\t\t\t\t\t\t\t\tdata-vbility=\"f,f,f,f\"\n\t\t\t\t\t\t\t\tdata-frame_0=\"y:50px;tp:600;\"\n\t\t\t\t\t\t\t\tdata-frame_1=\"tp:600;e:power3.out;st:2350;sp:1500;sR:2350;\"\n\t\t\t\t\t\t\t\tdata-frame_999=\"x:0;y:0;z:0;sX:0.9;sY:0.9;o:0;rX:0;rY:0;rZ:0;skX:0;skY:0;tp:600;st:w;sp:1000;sR:5150;\"\n\t\t\t\t\t\t\t\tstyle=\"z-index:9;font-family:Roboto;\"\n\t\t\t\t\t\t\t>BEM-VINDO \n\t\t\t\t\t\t\t<\/p><!--\n\n\t\t\t\t\t\t\t--><rs-layer\n\t\t\t\t\t\t\t\tid=\"slider-5-slide-14-layer-8\" \n\t\t\t\t\t\t\t\tclass=\"tp-shape tp-shapewrapper\"\n\t\t\t\t\t\t\t\tdata-type=\"shape\"\n\t\t\t\t\t\t\t\tdata-rsp_ch=\"on\"\n\t\t\t\t\t\t\t\tdata-xy=\"x:c;y:t,m,m,m;yo:160px,-130px,-80px,-80px;\"\n\t\t\t\t\t\t\t\tdata-text=\"a:inherit;\"\n\t\t\t\t\t\t\t\tdata-dim=\"w:30px;h:1px;\"\n\t\t\t\t\t\t\t\tdata-vbility=\"f,f,f,f\"\n\t\t\t\t\t\t\t\tdata-frame_0=\"y:50px;tp:600;\"\n\t\t\t\t\t\t\t\tdata-frame_1=\"tp:600;st:2350;sp:1500;sR:2350;\"\n\t\t\t\t\t\t\t\tdata-frame_999=\"x:0;y:0;z:0;sX:0.9;sY:0.9;o:0;rX:0;rY:0;rZ:0;skX:0;skY:0;tp:600;st:w;sp:1000;sR:5150;\"\n\t\t\t\t\t\t\t\tstyle=\"z-index:11;background-color:#ffffff;\"\n\t\t\t\t\t\t\t> \n\t\t\t\t\t\t\t<\/rs-layer><!--\n\n\t\t\t\t\t\t\t--><rs-layer\n\t\t\t\t\t\t\t\tid=\"slider-5-slide-14-layer-10\" \n\t\t\t\t\t\t\t\tclass=\"tp-shape tp-shapewrapper\"\n\t\t\t\t\t\t\t\tdata-type=\"shape\"\n\t\t\t\t\t\t\t\tdata-rsp_ch=\"on\"\n\t\t\t\t\t\t\t\tdata-xy=\"x:c;xo:-15px;y:b;yo:35px;\"\n\t\t\t\t\t\t\t\tdata-text=\"fw:100;a:inherit;\"\n\t\t\t\t\t\t\t\tdata-dim=\"w:10px;h:10px;\"\n\t\t\t\t\t\t\t\tdata-actions='o:click;a:jumptoslide;slide:previous;'\n\t\t\t\t\t\t\t\tdata-frame_0=\"tp:600;\"\n\t\t\t\t\t\t\t\tdata-frame_1=\"tp:600;\"\n\t\t\t\t\t\t\t\tdata-frame_999=\"o:0;tp:600;st:w;sR:8700;\"\n\t\t\t\t\t\t\t\tstyle=\"z-index:12;background-color:#ffffff;\"\n\t\t\t\t\t\t\t> \n\t\t\t\t\t\t\t<\/rs-layer><!--\n\n\t\t\t\t\t\t\t--><rs-layer\n\t\t\t\t\t\t\t\tid=\"slider-5-slide-14-layer-11\" \n\t\t\t\t\t\t\t\tclass=\"tp-shape tp-shapewrapper\"\n\t\t\t\t\t\t\t\tdata-type=\"shape\"\n\t\t\t\t\t\t\t\tdata-rsp_ch=\"on\"\n\t\t\t\t\t\t\t\tdata-xy=\"x:c;xo:15px;y:b;yo:35px;\"\n\t\t\t\t\t\t\t\tdata-text=\"fw:100;a:inherit;\"\n\t\t\t\t\t\t\t\tdata-dim=\"w:10px;h:10px;\"\n\t\t\t\t\t\t\t\tdata-actions='o:click;a:jumptoslide;slide:next;'\n\t\t\t\t\t\t\t\tdata-frame_0=\"tp:600;\"\n\t\t\t\t\t\t\t\tdata-frame_1=\"tp:600;\"\n\t\t\t\t\t\t\t\tdata-frame_999=\"o:0;tp:600;st:w;sR:8700;\"\n\t\t\t\t\t\t\t\tstyle=\"z-index:5;background-color:rgba(255,255,255,0.5);\"\n\t\t\t\t\t\t\t> \n\t\t\t\t\t\t\t<\/rs-layer><!--\n\n\t\t\t\t\t\t\t--><a id=\"slider-5-slide-14-layer-16\" class=\"rs-layer rev-btn\" href=\"https:\/\/web.ynnovbooking.com\/?l=pt&amp;apikey=9kKwvOJanDt46ijXweNuZbtEHaU1WumM\" target=\"_blank\" rel=\"noopener\" data-type=\"button\" data-color=\"#b28b18\" data-rsp_ch=\"on\" data-xy=\"x:c;yo:582px,480px,364px,224px;\" data-text=\"w:normal;s:24,19,14,8;l:66,54,41,25;\" data-dim=\"minh:0,none,none,none;\" data-padding=\"r:53,44,33,20;l:53,44,33,20;\" data-border=\"bos:solid;boc:#b28b18;bow:1px,1px,1px,1px;\" data-frame_1=\"st:2350;sp:1500;sR:2540;\" data-frame_999=\"o:0;st:w;sR:6160;\" data-frame_hover=\"c:#b28b18;bgc:#333;boc:#b28b18;bor:0px,0px,0px,0px;bos:solid;bow:1px,1px,1px,1px;sp:100;e:power1.inOut;bri:120%;\" style=\"z-index:13;background-color:#333333;font-family:Roboto;\">RESERVAR \n\t\t\t\t\t\t\t<\/a><!--\n-->\t\t\t\t\t\t<\/rs-slide>\n\t\t\t\t\t\t<rs-slide data-key=\"rs-15\" data-title=\"slide\" data-anim=\"ei:d;eo:d;s:2300;r:0;t:fadethroughdark;sl:d;\" data-p1=\"01\">\n\t\t\t\t\t\t\t<img loading=\"lazy\" decoding=\"async\" src=\"\/\/natravessa.com\/wp-content\/uploads\/2021\/06\/Homepage-2.jpg\" alt=\"homepage na travessa\" title=\"Homepage-2\" width=\"2000\" height=\"1943\" data-bg=\"p:center bottom;\" class=\"rev-slidebg\" data-no-retina>\n<!--\n\t\t\t\t\t\t\t--><rs-layer\n\t\t\t\t\t\t\t\tid=\"slider-5-slide-15-layer-8\" \n\t\t\t\t\t\t\t\tclass=\"tp-shape tp-shapewrapper\"\n\t\t\t\t\t\t\t\tdata-type=\"shape\"\n\t\t\t\t\t\t\t\tdata-rsp_ch=\"on\"\n\t\t\t\t\t\t\t\tdata-xy=\"x:c;y:t,m,m,m;yo:160px,-130px,-80px,-80px;\"\n\t\t\t\t\t\t\t\tdata-text=\"a:inherit;\"\n\t\t\t\t\t\t\t\tdata-dim=\"w:30px;h:1px;\"\n\t\t\t\t\t\t\t\tdata-vbility=\"f,f,f,f\"\n\t\t\t\t\t\t\t\tdata-frame_0=\"y:50px;tp:600;\"\n\t\t\t\t\t\t\t\tdata-frame_1=\"tp:600;st:2350;sp:1500;sR:2350;\"\n\t\t\t\t\t\t\t\tdata-frame_999=\"x:0;y:0;z:0;sX:0.9;sY:0.9;o:0;rX:0;rY:0;rZ:0;skX:0;skY:0;tp:600;st:w;sp:1000;sR:5150;\"\n\t\t\t\t\t\t\t\tstyle=\"z-index:9;background-color:#ffffff;\"\n\t\t\t\t\t\t\t> \n\t\t\t\t\t\t\t<\/rs-layer><!--\n\n\t\t\t\t\t\t\t--><rs-layer\n\t\t\t\t\t\t\t\tid=\"slider-5-slide-15-layer-10\" \n\t\t\t\t\t\t\t\tclass=\"tp-shape tp-shapewrapper\"\n\t\t\t\t\t\t\t\tdata-type=\"shape\"\n\t\t\t\t\t\t\t\tdata-rsp_ch=\"on\"\n\t\t\t\t\t\t\t\tdata-xy=\"x:c;xo:-15px;y:b;yo:35px;\"\n\t\t\t\t\t\t\t\tdata-text=\"fw:100;a:inherit;\"\n\t\t\t\t\t\t\t\tdata-dim=\"w:10px;h:10px;\"\n\t\t\t\t\t\t\t\tdata-actions='o:click;a:jumptoslide;slide:previous;'\n\t\t\t\t\t\t\t\tdata-frame_0=\"tp:600;\"\n\t\t\t\t\t\t\t\tdata-frame_1=\"tp:600;\"\n\t\t\t\t\t\t\t\tdata-frame_999=\"o:0;tp:600;st:w;sR:8700;\"\n\t\t\t\t\t\t\t\tstyle=\"z-index:10;background-color:rgba(255,255,255,0.5);\"\n\t\t\t\t\t\t\t> \n\t\t\t\t\t\t\t<\/rs-layer><!--\n\n\t\t\t\t\t\t\t--><rs-layer\n\t\t\t\t\t\t\t\tid=\"slider-5-slide-15-layer-11\" \n\t\t\t\t\t\t\t\tclass=\"tp-shape tp-shapewrapper\"\n\t\t\t\t\t\t\t\tdata-type=\"shape\"\n\t\t\t\t\t\t\t\tdata-rsp_ch=\"on\"\n\t\t\t\t\t\t\t\tdata-xy=\"x:c;xo:15px;y:b;yo:35px;\"\n\t\t\t\t\t\t\t\tdata-text=\"fw:100;a:inherit;\"\n\t\t\t\t\t\t\t\tdata-dim=\"w:10px;h:10px;\"\n\t\t\t\t\t\t\t\tdata-actions='o:click;a:jumptoslide;slide:next;'\n\t\t\t\t\t\t\t\tdata-frame_0=\"tp:600;\"\n\t\t\t\t\t\t\t\tdata-frame_1=\"tp:600;\"\n\t\t\t\t\t\t\t\tdata-frame_999=\"o:0;tp:600;st:w;sR:8700;\"\n\t\t\t\t\t\t\t\tstyle=\"z-index:11;background-color:#ffffff;\"\n\t\t\t\t\t\t\t> \n\t\t\t\t\t\t\t<\/rs-layer><!--\n\n\t\t\t\t\t\t\t--><p\n\t\t\t\t\t\t\t\tid=\"slider-5-slide-15-layer-17\" \n\t\t\t\t\t\t\t\tclass=\"rs-layer\"\n\t\t\t\t\t\t\t\tdata-type=\"text\"\n\t\t\t\t\t\t\t\tdata-rsp_ch=\"on\"\n\t\t\t\t\t\t\t\tdata-xy=\"x:c;y:t,m,m,m;yo:120px,-150px,-100px,-100px;\"\n\t\t\t\t\t\t\t\tdata-text=\"s:12,12,14,12;l:12,12,14,12;ls:2px;a:center;\"\n\t\t\t\t\t\t\t\tdata-vbility=\"f,f,f,f\"\n\t\t\t\t\t\t\t\tdata-frame_0=\"y:50px;tp:600;\"\n\t\t\t\t\t\t\t\tdata-frame_1=\"tp:600;e:power3.out;st:2350;sp:1500;sR:2350;\"\n\t\t\t\t\t\t\t\tdata-frame_999=\"x:0;y:0;z:0;sX:0.9;sY:0.9;o:0;rX:0;rY:0;rZ:0;skX:0;skY:0;tp:600;st:w;sp:1000;sR:5150;\"\n\t\t\t\t\t\t\t\tstyle=\"z-index:6;font-family:Roboto;\"\n\t\t\t\t\t\t\t>BEM-VINDO \n\t\t\t\t\t\t\t<\/p><!--\n\n\t\t\t\t\t\t\t--><h1\n\t\t\t\t\t\t\t\tid=\"slider-5-slide-15-layer-18\" \n\t\t\t\t\t\t\t\tclass=\"rs-layer\"\n\t\t\t\t\t\t\t\tdata-type=\"text\"\n\t\t\t\t\t\t\t\tdata-color=\"rgba(255, 255, 255, 1)\"\n\t\t\t\t\t\t\t\tdata-rsp_ch=\"on\"\n\t\t\t\t\t\t\t\tdata-xy=\"x:c;y:t,m,m,m;yo:190px,-10px,-10px,-10px;\"\n\t\t\t\t\t\t\t\tdata-text=\"s:70,70,50,40;l:90,70,55,45;a:center;\"\n\t\t\t\t\t\t\t\tdata-dim=\"w:auto,auto,auto,320px;\"\n\t\t\t\t\t\t\t\tdata-vbility=\"f,f,f,f\"\n\t\t\t\t\t\t\t\tdata-frame_0=\"y:50px;tp:600;\"\n\t\t\t\t\t\t\t\tdata-frame_1=\"tp:600;e:power3.out;st:2550;sp:1500;sR:2550;\"\n\t\t\t\t\t\t\t\tdata-frame_999=\"x:0;y:0;z:0;sX:0.9;sY:0.9;o:0;rX:0;rY:0;rZ:0;skX:0;skY:0;tp:600;st:w;sp:1000;sR:4950;\"\n\t\t\t\t\t\t\t\tstyle=\"z-index:7;font-family:Gilda Display;\"\n\t\t\t\t\t\t\t><strong>T\u00cdTULO <\/br>\nCASA 8<\/strong> \n\t\t\t\t\t\t\t<\/h1><!--\n\n\t\t\t\t\t\t\t--><a id=\"slider-5-slide-15-layer-19\" class=\"rs-layer rev-btn\" href=\"https:\/\/web.ynnovbooking.com\/?l=pt&amp;apikey=9kKwvOJanDt46ijXweNuZbtEHaU1WumM\" target=\"_blank\" rel=\"noopener\" data-type=\"button\" data-color=\"#b28b18\" data-rsp_ch=\"on\" data-xy=\"x:c;yo:582px,480px,364px,224px;\" data-text=\"w:normal;s:24,19,14,8;l:66,54,41,25;\" data-dim=\"minh:0,none,none,none;\" data-padding=\"r:53,44,33,20;l:53,44,33,20;\" data-border=\"bos:solid;boc:#b28b18;bow:1px,1px,1px,1px;\" data-frame_1=\"st:2350;sp:1500;sR:2540;\" data-frame_999=\"o:0;st:w;sR:6160;\" data-frame_hover=\"c:#b28b18;bgc:#333;boc:#b28b18;bor:0px,0px,0px,0px;bos:solid;bow:1px,1px,1px,1px;sp:100;e:power1.inOut;bri:120%;\" style=\"z-index:13;background-color:#333333;font-family:Roboto;\">RESERVAR \n\t\t\t\t\t\t\t<\/a><!--\n-->\t\t\t\t\t\t<\/rs-slide>\n\t\t\t\t\t<\/rs-slides>\n\t\t\t\t\t<rs-progress class=\"rs-bottom\" style=\"visibility: hidden !important;\"><\/rs-progress>\n\t\t\t\t<\/rs-module>\n\t\t\t\t<script type=\"text\/javascript\">\n\t\t\t\t\tsetREVStartSize({c: 'rev_slider_5_1',rl:[1240,1024,778,480],el:[786,768,960,720],gw:[1240,1024,778,480],gh:[786,768,960,720],type:'standard',justify:'',layout:'fullwidth',mh:\"0\"});\n\t\t\t\t\tvar\trevapi5,\n\t\t\t\t\t\ttpj;\n\t\t\t\t\tjQuery(function() {\n\t\t\t\t\t\ttpj = jQuery;\n\t\t\t\t\t\tif(tpj(\"#rev_slider_5_1\").revolution == undefined){\n\t\t\t\t\t\t\trevslider_showDoubleJqueryError(\"#rev_slider_5_1\");\n\t\t\t\t\t\t}else{\n\t\t\t\t\t\t\trevapi5 = tpj(\"#rev_slider_5_1\").show().revolution({\n\t\t\t\t\t\t\t\tjsFileLocation:\"\/\/www.natravessa.com\/wp-content\/plugins\/revslider\/public\/assets\/js\/\",\n\t\t\t\t\t\t\t\tsliderLayout:\"fullwidth\",\n\t\t\t\t\t\t\t\tvisibilityLevels:\"1240,1024,778,480\",\n\t\t\t\t\t\t\t\tgridwidth:\"1240,1024,778,480\",\n\t\t\t\t\t\t\t\tgridheight:\"786,768,960,720\",\n\t\t\t\t\t\t\t\teditorheight:\"786,768,960,720\",\n\t\t\t\t\t\t\t\tresponsiveLevels:\"1240,1024,778,480\",\n\t\t\t\t\t\t\t\tdisableProgressBar:\"on\",\n\t\t\t\t\t\t\t\tnavigation: {\n\t\t\t\t\t\t\t\t\tmouseScrollNavigation:false,\n\t\t\t\t\t\t\t\t\tonHoverStop:false,\n\t\t\t\t\t\t\t\t\ttouch: {\n\t\t\t\t\t\t\t\t\t\ttouchenabled:true,\n\t\t\t\t\t\t\t\t\t\tswipe_min_touches:50\n\t\t\t\t\t\t\t\t\t}\n\t\t\t\t\t\t\t\t},\n\t\t\t\t\t\t\t\tfallbacks: {\n\t\t\t\t\t\t\t\t\tallowHTML5AutoPlayOnAndroid:true\n\t\t\t\t\t\t\t\t},\n\t\t\t\t\t\t\t});\n\t\t\t\t\t\t}\n\t\t\t\t\t\t\n\t\t\t\t\t});\n\t\t\t\t<\/script>\n\t\t\t<\/rs-module-wrap>\n\t\t\t<!-- END REVOLUTION SLIDER -->\n[\/vc_column][\/vc_row][vc_row full_width=&#8221;stretch_row&#8221; el_id=&#8221;home_1_search&#8221;][vc_column width=&#8221;1\/6&#8243;][\/vc_column][vc_column css_animation=&#8221;fadeIn&#8221; width=&#8221;2\/3&#8243; css=&#8221;.vc_custom_1588954465816{margin-top: -220px !important;}&#8221; el_class=&#8221;nd_options_margin_top_50_first_div_important_responsive&#8221;][\/vc_column][vc_column width=&#8221;1\/6&#8243;][\/vc_column][\/vc_row][vc_row full_width=&#8221;stretch_row&#8221; equal_height=&#8221;yes&#8221;][vc_column]<div style=\"background-color:#ffffff;height: 90px\" class=\"nicdark_section  \"><\/div> <p style=\"color:#b28b18;padding:px;text-align:center;font-size:14px;line-height:27px;letter-spacing: 2px;font-weight:lighter\" class=\"   nd_options_second_font \">CONCEITO<\/p> <div style=\"background-color:#ffffff;height: 20px\" class=\"nicdark_section  \"><\/div> <h1 style=\"color:#b28b18;padding:px;text-align:center;font-size:80px;line-height:80px;letter-spacing: px;font-weight:normal\" class=\"  nd_options_font_size_40_important_all_iphone nd_options_line_height_40_important_all_iphone nd_options_first_font \">NA TRAVESSA<\/h1> <div style=\"background-color:#ffffff;height: 40px\" class=\"nicdark_section  \"><\/div>[\/vc_column][\/vc_row][vc_row full_width=&#8221;stretch_row&#8221; equal_height=&#8221;yes&#8221;][vc_column width=&#8221;1\/5&#8243;][\/vc_column][vc_column width=&#8221;3\/5&#8243;] <p style=\"color:#000000;padding:0px;text-align:center;font-size:px;line-height:px;letter-spacing: px;font-weight:normal\" class=\"   nd_options_second_font \">Com apenas 8 quartos, Na Travessa Su\u00edtes nasce em 2021, criada para quem aprecia ambientes urbanos e modernos. Situada em pleno centro da cidade do Porto, caracteriza-se por ser um espa\u00e7o \u00fanico, acolhedor e familiar. N\u00e3o se trata de um Hotel, mas sim de um espa\u00e7o criado por n\u00f3s, onde o antigo convive com o moderno. Temos todo o gosto que nos venha visitar.<\/p> <div style=\"background-color:#ffffff;height: 40px\" class=\"nicdark_section  \"><\/div>\n    <div style=\"text-align:center\" class=\"nd_options_section\">\n      <img decoding=\"async\" alt=\"\" style=\"width:\" class=\" nd_options_margin_0 nd_options_padding_0 \" src=\"https:\/\/www.natravessa.com\/wp-content\/uploads\/2020\/05\/assinaturas-pedro-mariana-e1588953753628.png\" title=\"\">\n    <\/div>\n   <div style=\"background-color:;height: 30px\" class=\"nicdark_section  \"><\/div>[vc_btn title=&#8221;SAIBA QUEM SOMOS&#8221; style=&#8221;outline-custom&#8221; outline_custom_color=&#8221;#b28b18&#8243; outline_custom_hover_background=&#8221;#b28b18&#8243; outline_custom_hover_text=&#8221;#ffffff&#8221; shape=&#8221;square&#8221; size=&#8221;lg&#8221; align=&#8221;center&#8221; css_animation=&#8221;fadeIn&#8221; link=&#8221;url:http%3A%2F%2Fnatravessa.com%2Fna-travessa-suites-sobre-nos%2F|title:Sobre%20N%C3%B3s||&#8221; css=&#8221;.vc_custom_1642678572339{border-top-width: 1px !important;border-right-width: 1px !important;border-bottom-width: 1px !important;border-left-width: 1px !important;border-left-color: #b28b18 !important;border-right-color: #b28b18 !important;border-top-color: #b28b18 !important;border-bottom-color: #b28b18 !important;border-radius: 1px !important;}&#8221;]<div style=\"background-color:;height: 80px\" class=\"nicdark_section  \"><\/div>[\/vc_column][vc_column width=&#8221;1\/5&#8243;][\/vc_column][\/vc_row][vc_row full_width=&#8221;stretch_row_content&#8221; equal_height=&#8221;yes&#8221; content_placement=&#8221;top&#8221;][vc_column width=&#8221;2\/5&#8243; css=&#8221;.vc_custom_1589797950785{padding-top: 50px !important;padding-right: 40px !important;padding-bottom: 50px !important;padding-left: 300px !important;background-color: #f1ebdf !important;}&#8221; el_class=&#8221;nd_options_padding_50_first_div_important_all_iphone&#8221;]\n    <div style=\"text-align:left\" class=\"nd_options_section\">\n      <img decoding=\"async\" alt=\"\" style=\"width:100px\" class=\" nd_options_margin_0 nd_options_padding_0 \" src=\"https:\/\/www.natravessa.com\/wp-content\/uploads\/2020\/05\/icon-localizacao.png\" title=\"\">\n    <\/div>\n   <div style=\"background-color:;height: 20px\" class=\"nicdark_section  \"><\/div> <h1 style=\"color:#ab882e;padding:px;text-align:;font-size:30px;line-height:80px;letter-spacing: px;font-weight:normal\" class=\"  nd_options_font_size_40_important_all_iphone nd_options_line_height_40_important_all_iphone nd_options_first_font \">Localiza\u00e7\u00e3o<\/h1> <div style=\"background-color:;height: 20px\" class=\"nicdark_section  \"><\/div> <p style=\"color:#000000;padding:px;text-align:;font-size:px;line-height:px;letter-spacing: px;font-weight:normal\" class=\"   nd_options_second_font \">Entre a S\u00e9 e a Esta\u00e7\u00e3o de S\u00e3o Bento \u00e9 onde nos encontramos, em pleno Centro Hist\u00f3rico do Porto, classificado como Patrim\u00f3nio Cultural da Humanidade pela UNESCO desde 1996. Bem perto do alojamento temos a Ponte Lu\u00eds I, ideal para uma caminhada ao p\u00f4r do sol, com vistas para este velho casario. Perca-se por estas ruelas e cal\u00e7adas e des\u00e7a, des\u00e7a sempre, at\u00e9 encontrar o rio Douro.<\/p> <div style=\"background-color:;height: 70px\" class=\"nicdark_section  \"><\/div>\n    <div style=\"text-align:left\" class=\"nd_options_section\">\n      <img decoding=\"async\" alt=\"\" style=\"width:100px\" class=\" nd_options_margin_0 nd_options_padding_0 \" src=\"https:\/\/www.natravessa.com\/wp-content\/uploads\/2020\/05\/icon-vistas.png\" title=\"\">\n    <\/div>\n   <div style=\"background-color:;height: 20px\" class=\"nicdark_section  \"><\/div> <h6 style=\"color:#ab882e;padding:px;text-align:;font-size:30px;line-height:80px;letter-spacing: px;font-weight:lighter\" class=\"  nd_options_font_size_40_important_all_iphone nd_options_line_height_40_important_all_iphone nd_options_first_font \">Vistas<\/h6> <div style=\"background-color:;height: 20px\" class=\"nicdark_section  \"><\/div> <p style=\"color:;padding:px;text-align:;font-size:px;line-height:px;letter-spacing: px;font-weight:normal\" class=\"   nd_options_second_font \">Do nosso jardim v\u00ea-se parte da S\u00e9 e do Pelourinho. Os quartos de tr\u00e1s t\u00eam vistas desafogadas para a torre dos Cl\u00e9rigos e para a S\u00e9. Os da frente t\u00eam vistas desafogadas para o mercado de S\u00e3o Sebasti\u00e3o e alguns para a esta\u00e7\u00e3o de S\u00e3o Bento.<\/p> [\/vc_column][vc_column parallax=&#8221;content-moving-fade&#8221; parallax_image=&#8221;4235&#8243; width=&#8221;3\/5&#8243; css=&#8221;.vc_custom_1624378125990{padding-top: 0px !important;padding-right: 00px !important;padding-bottom: 0px !important;padding-left: 0px !important;}&#8221;][\/vc_column][\/vc_row][vc_row full_width=&#8221;stretch_row&#8221; css=&#8221;.vc_custom_1589896036335{padding-top: 80px !important;padding-bottom: 60px !important;background-color: #333333 !important;background-position: center !important;background-repeat: no-repeat !important;background-size: cover !important;}&#8221;][vc_column width=&#8221;1\/3&#8243;] <h2 style=\"color:#ffffff;padding:px;text-align:center;font-size:20px;line-height:13px;letter-spacing: 2px;font-weight:lighter\" class=\"   nd_options_first_font \">LOCALIZA\u00c7\u00c3O<\/h2> <div style=\"background-color:;height: 30px\" class=\"nicdark_section  \"><\/div> <p style=\"color:#ffffff;padding:px;text-align:center;font-size:16px;line-height:26px;letter-spacing: px;font-weight:lighter\" class=\"   nd_options_second_font \">Travessa de S\u00e3o Sebasti\u00e3o, 39<\/p>  <p style=\"color:#ffffff;padding:px;text-align:center;font-size:16px;line-height:26px;letter-spacing: px;font-weight:lighter\" class=\"  rodape_mobile nd_options_second_font \">4050-569 Porto<\/p> [\/vc_column][vc_column width=&#8221;1\/3&#8243;] <h2 style=\"color:#ffffff;padding:px;text-align:center;font-size:20px;line-height:13px;letter-spacing: 2px;font-weight:lighter\" class=\"   nd_options_first_font \">CONTACTOS<\/h2> <div style=\"background-color:;height: 30px\" class=\"nicdark_section  \"><\/div>[vc_wp_text]<\/p>\n<p style=\"text-align: center; font-size: 16px; font-weight: 300; color: #ffffff; margin-bottom: 40px; line-height: 1.3;\"><a style=\"color: #ffffff; text-decoration: none;\" href=\"mailto:info@natravessa.com\"><br \/>\ninfo@natravessa.com<br \/>\n<\/a><br \/>\n<span style=\"white-space: nowrap;\"><br \/>\nTelefone \/ WhatsApp:<br \/>\n<a style=\"color: #ffffff; text-decoration: none;\" href=\"tel:+351968690124\"><br \/>\n(+351) 968 690 124<br \/>\n<\/a><br \/>\n<\/span><\/p>\n<p>[\/vc_wp_text][\/vc_column][vc_column width=&#8221;1\/3&#8243; css=&#8221;.vc_custom_1669055980560{padding-right: 20px !important;padding-left: 20px !important;}&#8221;] <h2 style=\"color:#ffffff;padding:px;text-align:center;font-size:20px;line-height:13px;letter-spacing: 2px;font-weight:lighter\" class=\"   nd_options_first_font \">REDES SOCIAIS<\/h2> <div style=\"background-color:;height: 30px\" class=\"nicdark_section  \"><\/div>[vc_row_inner gap=&#8221;5&#8243; css=&#8221;.vc_custom_1713193726439{margin-right: 20px !important;margin-left: 20px !important;}&#8221;][vc_column_inner width=&#8221;1\/2&#8243; css=&#8221;.vc_custom_1713193975039{margin-top: 0px !important;margin-right: 0px !important;margin-bottom: 0px !important;margin-left: 0px !important;}&#8221; offset=&#8221;vc_col-xs-6&#8243;][vc_icon icon_fontawesome=&#8221;fab fa-instagram&#8221; color=&#8221;white&#8221; align=&#8221;right&#8221; link=&#8221;url:https%3A%2F%2Fwww.instagram.com%2FNaTravessaSuites%2F||target:%20_blank|&#8221;][\/vc_column_inner][vc_column_inner width=&#8221;1\/2&#8243; offset=&#8221;vc_col-xs-6&#8243;][vc_icon icon_fontawesome=&#8221;fab fa-facebook-f&#8221; color=&#8221;white&#8221; link=&#8221;url:https%3A%2F%2Fwww.facebook.com%2FNaTravessaSuites%2F||target:%20_blank|&#8221; css=&#8221;.vc_custom_1713193574528{margin-right: 20px !important;}&#8221;][\/vc_column_inner][\/vc_row_inner][\/vc_column][\/vc_row][vc_row full_width=&#8221;stretch_row&#8221; css=&#8221;.vc_custom_1589894915312{padding-top: 20px !important;padding-bottom: 20px !important;background-color: #000000 !important;}&#8221;][vc_column][vc_wp_text]<\/p>\n<p style=\"text-align: left;\"><span style=\"color: #b28b18; font-size: 13px; font-weight: normal;\"><a style=\"color: #b28b18;\" href=\"http:\/\/natravessa.com\/politica-de-privacidade\/\" target=\"_blank\" rel=\"noopener\">POL\u00cdTICA DE PRIVACIDADE<\/a> |\u00a0 <a style=\"color: #b28b18;\" href=\"http:\/\/natravessa.com\/politica-de-cookies\/\" target=\"_blank\" rel=\"noopener\">POL\u00cdTICA DE COOKIES<\/a> |\u00a0 <a style=\"color: #b28b18;\" href=\"https:\/\/www.livroreclamacoes.pt\/Inicio\" target=\"_blank\" rel=\"noopener\">LIVRO DE RECLAMA\u00c7\u00d5ES<\/a><\/span><\/p>\n<p>[\/vc_wp_text][vc_wp_text]<span style=\"color: #b28b18; font-size: 13px; font-weight: normal; text-align: center;\">\u00a9 Na Travessa Su\u00edtes | N\u00ba: 116800\/AL | Todos os direitos reservados. | By <a style=\"color: #b28b18;\" href=\"https:\/\/www.pmd.pt\" target=\"_blank\" rel=\"noopener\">PMD<\/a><\/span>[\/vc_wp_text][\/vc_column][\/vc_row]<\/p>\n","protected":false},"excerpt":{"rendered":"<p>[vc_row][vc_column][\/vc_column][\/vc_row][vc_row full_width=&#8221;stretch_row&#8221; el_id=&#8221;home_1_search&#8221;][vc_column width=&#8221;1\/6&#8243;][\/vc_column][vc_column css_animation=&#8221;fadeIn&#8221; width=&#8221;2\/3&#8243; css=&#8221;.vc_custom_1588954465816{margin-top: -220px !important;}&#8221; el_class=&#8221;nd_options_margin_top_50_first_div_important_responsive&#8221;][\/vc_column][vc_column width=&#8221;1\/6&#8243;][\/vc_column][\/vc_row][vc_row full_width=&#8221;stretch_row&#8221; equal_height=&#8221;yes&#8221;][vc_column][\/vc_column][\/vc_row][vc_row full_width=&#8221;stretch_row&#8221; equal_height=&#8221;yes&#8221;][vc_column width=&#8221;1\/5&#8243;][\/vc_column][vc_column width=&#8221;3\/5&#8243;][vc_btn title=&#8221;SAIBA QUEM SOMOS&#8221; style=&#8221;outline-custom&#8221; outline_custom_color=&#8221;#b28b18&#8243; outline_custom_hover_background=&#8221;#b28b18&#8243; outline_custom_hover_text=&#8221;#ffffff&#8221; shape=&#8221;square&#8221; size=&#8221;lg&#8221; align=&#8221;center&#8221; css_animation=&#8221;fadeIn&#8221; link=&#8221;url:http%3A%2F%2Fnatravessa.com%2Fna-travessa-suites-sobre-nos%2F|title:Sobre%20N%C3%B3s||&#8221; css=&#8221;.vc_custom_1642678572339{border-top-width: 1px !important;border-right-width: 1px !important;border-bottom-width: 1px !important;border-left-width: 1px !important;border-left-color: #b28b18 !important;border-right-color: #b28b18 !important;border-top-color: #b28b18 !important;border-bottom-color: #b28b18 !important;border-radius: 1px !important;}&#8221;][\/vc_column][vc_column width=&#8221;1\/5&#8243;][\/vc_column][\/vc_row][vc_row full_width=&#8221;stretch_row_content&#8221; equal_height=&#8221;yes&#8221; content_placement=&#8221;top&#8221;][vc_column width=&#8221;2\/5&#8243; css=&#8221;.vc_custom_1589797950785{padding-top: 50px [&hellip;]<\/p>\n","protected":false},"author":1,"featured_media":0,"parent":0,"menu_order":0,"comment_status":"closed","ping_status":"closed","template":"","meta":{"footnotes":""},"class_list":["post-16","page","type-page","status-publish","hentry"],"_links":{"self":[{"href":"https:\/\/www.natravessa.com\/pt-pt\/wp-json\/wp\/v2\/pages\/16","targetHints":{"allow":["GET"]}}],"collection":[{"href":"https:\/\/www.natravessa.com\/pt-pt\/wp-json\/wp\/v2\/pages"}],"about":[{"href":"https:\/\/www.natravessa.com\/pt-pt\/wp-json\/wp\/v2\/types\/page"}],"author":[{"embeddable":true,"href":"https:\/\/www.natravessa.com\/pt-pt\/wp-json\/wp\/v2\/users\/1"}],"replies":[{"embeddable":true,"href":"https:\/\/www.natravessa.com\/pt-pt\/wp-json\/wp\/v2\/comments?post=16"}],"version-history":[{"count":2,"href":"https:\/\/www.natravessa.com\/pt-pt\/wp-json\/wp\/v2\/pages\/16\/revisions"}],"predecessor-version":[{"id":7302,"href":"https:\/\/www.natravessa.com\/pt-pt\/wp-json\/wp\/v2\/pages\/16\/revisions\/7302"}],"wp:attachment":[{"href":"https:\/\/www.natravessa.com\/pt-pt\/wp-json\/wp\/v2\/media?parent=16"}],"curies":[{"name":"wp","href":"https:\/\/api.w.org\/{rel}","templated":true}]}}