{"id":5544,"date":"2021-09-28T13:17:01","date_gmt":"2021-09-28T13:17:01","guid":{"rendered":"http:\/\/natravessa.com\/?page_id=5544"},"modified":"2024-04-15T11:26:38","modified_gmt":"2024-04-15T11:26:38","slug":"politique-de-confidentialite","status":"publish","type":"page","link":"https:\/\/www.natravessa.com\/fr\/politique-de-confidentialite\/","title":{"rendered":"Politique de Confidentialit\u00e9"},"content":{"rendered":"<p>[vc_row css=\u00a0\u00bb.vc_custom_1589900480093{margin-top: 100px !important;margin-bottom: 100px !important;}\u00a0\u00bb][vc_column width=\u00a0\u00bb2\/3&Prime; css=\u00a0\u00bb.vc_custom_1467360650255{margin-top: 10px !important;margin-bottom: 10px !important;padding-top: 0px !important;padding-right: 40px !important;}\u00a0\u00bb] <h4 style=\"color:#b28b18;padding:px;text-align:;font-size:30px;line-height:px;letter-spacing: px;font-weight:lighter\" class=\"  nd_options_text_align_center_responsive_important nd_options_second_font \">Politique de Confidentialit\u00e9<\/h4> <div style=\"background-color:;height: 30px\" class=\"nicdark_section  \"><\/div> <p style=\"color:#1c1c1c;padding:px;text-align:;font-size:15px;line-height:25px;letter-spacing: px;font-weight:lighter\" class=\"  nd_options_text_align_center_responsive_important nd_options_third_font \">\u201cNa Travessa\u201c s'engage \u00e0 respecter et \u00e0 adopter des mesures pour prot\u00e9ger la confidentialit\u00e9 des donn\u00e9es des utilisateurs de son site Web, ayant \u00e9tabli cette politique de confidentialit\u00e9 dans le but de d\u00e9montrer son engagement et son respect des r\u00e8gles de protection des donn\u00e9es.<\/p> <div style=\"background-color:;height: 50px\" class=\"nicdark_section  \"><\/div> <h6 style=\"color:#b28b18;padding:px;text-align:;font-size:22px;line-height:px;letter-spacing: px;font-weight:lighter\" class=\"  nd_options_text_align_center_responsive_important nd_options_second_font \">1. OBJECTIF<\/h6> <div style=\"background-color:;height: 30px\" class=\"nicdark_section  \"><\/div> <p style=\"color:#1c1c1c;padding:px;text-align:;font-size:15px;line-height:25px;letter-spacing: px;font-weight:lighter\" class=\"  nd_options_text_align_center_responsive_important nd_options_third_font \">Conform\u00e9ment au R\u00e8glement g\u00e9n\u00e9ral sur la protection des donn\u00e9es (RGPD), \u201cNa Travessa\u201c ne conservera pas les donn\u00e9es personnelles de l'Utilisateur, sauf dans les situations suivantes:<\/p> <div style=\"background-color:;height: 50px\" class=\"nicdark_section  \"><\/div> <h6 style=\"color:#b28b18;padding:px;text-align:;font-size:18px;line-height:px;letter-spacing: px;font-weight:lighter\" class=\"  nd_options_text_align_center_responsive_important nd_options_second_font \">1.1 Cookies<\/h6> <div style=\"background-color:;height: 30px\" class=\"nicdark_section  \"><\/div> <p style=\"color:#1c1c1c;padding:px;text-align:;font-size:15px;line-height:25px;letter-spacing: px;font-weight:lighter\" class=\"  nd_options_text_align_center_responsive_important nd_options_third_font \">Un cookie est un fichier t\u00e9l\u00e9charg\u00e9 sur l'\u00e9quipement de l'internaute \u00e0 la suite de l'acc\u00e8s et de la navigation sur certaines pages, lui permettant de stocker et de r\u00e9cup\u00e9rer des informations. Ces informations sont vari\u00e9es et concernent principalement les habitudes de navigation de l'utilisateur et la mani\u00e8re dont il utilise et recherche les informations sur la page. Les cookies ont pour but d'am\u00e9liorer la navigation sur Internet, de mieux conna\u00eetre l'utilisateur et de pouvoir lui offrir une exp\u00e9rience personnalis\u00e9e lors de sa visite sur certaines pages. Pour plus d'informations, consultez notre Politique relative aux cookies.<\/p> <div style=\"background-color:;height: 50px\" class=\"nicdark_section  \"><\/div> <h6 style=\"color:#b28b18;padding:px;text-align:;font-size:19px;line-height:px;letter-spacing: px;font-weight:lighter\" class=\"  nd_options_text_align_center_responsive_important nd_options_second_font \">1.2 Formulaire de Contact<\/h6> <div style=\"background-color:;height: 30px\" class=\"nicdark_section  \"><\/div> <p style=\"color:#1c1c1c;padding:px;text-align:;font-size:15px;line-height:25px;letter-spacing: px;font-weight:lighter\" class=\"  nd_options_text_align_center_responsive_important nd_options_third_font \">\u201cNa Travessa\u201c collecte et traite les informations que l'utilisateur a renseign\u00e9es et consent \u00e0 partager avec \u201cNa Travessa\u201c afin que nous puissions \u00e9tablir une relation professionnelle. \u201cNa Travessa\u201c ne partagera pas les donn\u00e9es de l'utilisateur avec d'autres entit\u00e9s, mais conservera vos donn\u00e9es pour une dur\u00e9e ind\u00e9termin\u00e9e jusqu'\u00e0 la conclusion de la demande de contact. Conform\u00e9ment au RGPD, l'Utilisateur peut demander \u00e0 tout moment de rectifier ou d'annuler. Pour cela, il suffit d'envoyer un e-mail \u00e0 info@natravessa.com.<\/p> <div style=\"background-color:;height: 50px\" class=\"nicdark_section  \"><\/div> <h6 style=\"color:#b28b18;padding:px;text-align:;font-size:22px;line-height:px;letter-spacing: px;font-weight:lighter\" class=\"  nd_options_text_align_center_responsive_important nd_options_second_font \">2. CONTACTS<\/h6> <div style=\"background-color:;height: 30px\" class=\"nicdark_section  \"><\/div> <p style=\"color:#1c1c1c;padding:px;text-align:;font-size:15px;line-height:25px;letter-spacing: px;font-weight:lighter\" class=\"  nd_options_text_align_center_responsive_important nd_options_third_font \">Si l'utilisateur a des questions ou des commentaires sur le site natravessa.com, veuillez contacter info@natravessa.com.<\/p> [\/vc_column][vc_column width=\u00a0\u00bb1\/3&Prime;][\/vc_column][\/vc_row][vc_row full_width=\u00a0\u00bbstretch_row\u00a0\u00bb css=\u00a0\u00bb.vc_custom_1589896036335{padding-top: 80px !important;padding-bottom: 60px !important;background-color: #333333 !important;background-position: center !important;background-repeat: no-repeat !important;background-size: cover !important;}\u00a0\u00bb][vc_column width=\u00a0\u00bb1\/3&Prime;] <h2 style=\"color:#ffffff;padding:px;text-align:center;font-size:20px;line-height:13px;letter-spacing: 2px;font-weight:lighter\" class=\"   nd_options_first_font \">LA LOCALISATION<\/h2> <div style=\"background-color:;height: 30px\" class=\"nicdark_section  \"><\/div> <p style=\"color:#ffffff;padding:px;text-align:center;font-size:16px;line-height:26px;letter-spacing: px;font-weight:lighter\" class=\"   nd_options_second_font \">Travessa de S\u00e3o Sebasti\u00e3o, 39<\/p>  <p style=\"color:#ffffff;padding:px;text-align:center;font-size:16px;line-height:26px;letter-spacing: px;font-weight:lighter\" class=\"  rodape_mobile nd_options_second_font \">4050-569 Porto<\/p> [\/vc_column][vc_column width=\u00a0\u00bb1\/3&Prime;] <h2 style=\"color:#ffffff;padding:px;text-align:center;font-size:20px;line-height:13px;letter-spacing: 2px;font-weight:lighter\" class=\"   nd_options_first_font \">CONTACT<\/h2> <div style=\"background-color:;height: 30px\" class=\"nicdark_section  \"><\/div>[vc_wp_text]<\/p>\n<p style=\"text-align: center; font-size: 16px; font-weight: 300;\"><span style=\"color: #ffffff;\"><a style=\"color: #ffffff;\" href=\"mailto:info@natravessa.com\">info@natravessa.com<\/a><\/span><\/p>\n<p>[\/vc_wp_text] <p style=\"color:#ffffff;padding:px;text-align:center;font-size:16px;line-height:26px;letter-spacing: px;font-weight:lighter\" class=\"  rodape_mobile nd_options_second_font \">T\u00e9l\u00e9phone \/ WhatsApp: (+351) 968 690 124<\/p> [\/vc_column][vc_column width=\u00a0\u00bb1\/3&Prime;] <h2 style=\"color:#ffffff;padding:px;text-align:center;font-size:20px;line-height:13px;letter-spacing: 2px;font-weight:lighter\" class=\"   nd_options_first_font \">R\u00c9SEAUX SOCIAUX<\/h2> <div style=\"background-color:;height: 30px\" class=\"nicdark_section  \"><\/div>[vc_row_inner gap=\u00a0\u00bb1&Prime;][vc_column_inner width=\u00a0\u00bb1\/2&Prime;][vc_wp_text]<\/p>\n<div class=\"cont_redes\"><a class=\"rodape_redes\" href=\"https:\/\/www.instagram.com\/NaTravessaSuites\/\" target=\"_blank\" rel=\"noopener\"><img loading=\"lazy\" decoding=\"async\" class=\"alignright\" src=\"http:\/\/natravessa.com\/wp-content\/uploads\/2017\/07\/icon-4.png\" alt=\"\" width=\"32\" height=\"32\" title=\"\"><\/a><\/div>\n<p>[\/vc_wp_text][\/vc_column_inner][vc_column_inner width=\u00a0\u00bb1\/2&Prime;][vc_wp_text]<\/p>\n<div class=\"cont_redes\"><a class=\"rodape_redes_face\" href=\"https:\/\/www.facebook.com\/NaTravessaSuites\/\" target=\"_blank\" rel=\"noopener\"><img loading=\"lazy\" decoding=\"async\" class=\"alignleft wp-image-3172\" src=\"http:\/\/natravessa.com\/wp-content\/uploads\/2017\/07\/icon-6.png\" alt=\"\" width=\"32\" height=\"32\" title=\"\"><\/a><\/div>\n<p>[\/vc_wp_text][\/vc_column_inner][\/vc_row_inner][\/vc_column][\/vc_row][vc_row full_width=\u00a0\u00bbstretch_row\u00a0\u00bb css=\u00a0\u00bb.vc_custom_1589894915312{padding-top: 20px !important;padding-bottom: 20px !important;background-color: #000000 !important;}\u00a0\u00bb][vc_column width=\u00a0\u00bb1\/2&Prime;][vc_wp_text]<span style=\"color: #b28b18; font-size: 13px; font-weight: normal; text-align: center;\">\u00a9 Na Travessa Su\u00edtes | N\u00ba: 116800\/AL | Tous les droits sont r\u00e9serv\u00e9s. | By <a style=\"color: #b28b18;\" href=\"https:\/\/www.pmd.pt\" target=\"_blank\" rel=\"noopener\">PMD<\/a><\/span>[\/vc_wp_text][\/vc_column][vc_column width=\u00a0\u00bb1\/2&Prime;][vc_wp_text]<\/p>\n<p style=\"text-align: right;\"><span style=\"color: #b28b18; font-size: 13px; font-weight: normal;\"><a style=\"color: #b28b18;\" href=\"http:\/\/natravessa.com\/fr\/covid-19\/\" target=\"_blank\" rel=\"noopener\">COVID-19<\/a>\u00a0 |\u00a0<a style=\"color: #b28b18;\" href=\"http:\/\/natravessa.com\/fr\/politique-de-confidentialite\/\" target=\"_blank\" rel=\"noopener\">POLITIQUE DE CONFIDENTIALIT\u00c9<\/a>\u00a0 |\u00a0 <a style=\"color: #b28b18;\" href=\"http:\/\/natravessa.com\/fr\/politique-de-cookies\/\" target=\"_blank\" rel=\"noopener\">POLITIQUE DE COOKIES<\/a><\/span><\/p>\n<p>[\/vc_wp_text][\/vc_column][\/vc_row]<\/p>\n","protected":false},"excerpt":{"rendered":"<p>[vc_row css=\u00a0\u00bb.vc_custom_1589900480093{margin-top: 100px !important;margin-bottom: 100px !important;}\u00a0\u00bb][vc_column width=\u00a0\u00bb2\/3&Prime; css=\u00a0\u00bb.vc_custom_1467360650255{margin-top: 10px !important;margin-bottom: 10px !important;padding-top: 0px !important;padding-right: 40px !important;}\u00a0\u00bb][\/vc_column][vc_column width=\u00a0\u00bb1\/3&Prime;][\/vc_column][\/vc_row][vc_row full_width=\u00a0\u00bbstretch_row\u00a0\u00bb css=\u00a0\u00bb.vc_custom_1589896036335{padding-top: 80px !important;padding-bottom: 60px !important;background-color: #333333 !important;background-position: center !important;background-repeat: no-repeat !important;background-size: cover !important;}\u00a0\u00bb][vc_column width=\u00a0\u00bb1\/3&Prime;][\/vc_column][vc_column width=\u00a0\u00bb1\/3&Prime;][vc_wp_text] info@natravessa.com [\/vc_wp_text][\/vc_column][vc_column width=\u00a0\u00bb1\/3&Prime;][vc_row_inner gap=\u00a0\u00bb1&Prime;][vc_column_inner width=\u00a0\u00bb1\/2&Prime;][vc_wp_text] [\/vc_wp_text][\/vc_column_inner][vc_column_inner width=\u00a0\u00bb1\/2&Prime;][vc_wp_text] [\/vc_wp_text][\/vc_column_inner][\/vc_row_inner][\/vc_column][\/vc_row][vc_row full_width=\u00a0\u00bbstretch_row\u00a0\u00bb css=\u00a0\u00bb.vc_custom_1589894915312{padding-top: 20px !important;padding-bottom: 20px !important;background-color: #000000 !important;}\u00a0\u00bb][vc_column width=\u00a0\u00bb1\/2&Prime;][vc_wp_text]\u00a9 Na Travessa Su\u00edtes | N\u00ba: [&hellip;]<\/p>\n","protected":false},"author":2,"featured_media":0,"parent":0,"menu_order":0,"comment_status":"closed","ping_status":"closed","template":"","meta":{"footnotes":""},"class_list":["post-5544","page","type-page","status-publish","hentry"],"_links":{"self":[{"href":"https:\/\/www.natravessa.com\/fr\/wp-json\/wp\/v2\/pages\/5544","targetHints":{"allow":["GET"]}}],"collection":[{"href":"https:\/\/www.natravessa.com\/fr\/wp-json\/wp\/v2\/pages"}],"about":[{"href":"https:\/\/www.natravessa.com\/fr\/wp-json\/wp\/v2\/types\/page"}],"author":[{"embeddable":true,"href":"https:\/\/www.natravessa.com\/fr\/wp-json\/wp\/v2\/users\/2"}],"replies":[{"embeddable":true,"href":"https:\/\/www.natravessa.com\/fr\/wp-json\/wp\/v2\/comments?post=5544"}],"version-history":[{"count":0,"href":"https:\/\/www.natravessa.com\/fr\/wp-json\/wp\/v2\/pages\/5544\/revisions"}],"wp:attachment":[{"href":"https:\/\/www.natravessa.com\/fr\/wp-json\/wp\/v2\/media?parent=5544"}],"curies":[{"name":"wp","href":"https:\/\/api.w.org\/{rel}","templated":true}]}}