{"id":5537,"date":"2021-09-28T13:11:13","date_gmt":"2021-09-28T13:11:13","guid":{"rendered":"http:\/\/natravessa.com\/?page_id=5537"},"modified":"2024-04-15T11:26:49","modified_gmt":"2024-04-15T11:26:49","slug":"politique-de-cookies","status":"publish","type":"page","link":"https:\/\/www.natravessa.com\/fr\/politique-de-cookies\/","title":{"rendered":"Politique de Cookies"},"content":{"rendered":"<p>[vc_row css=\u00a0\u00bb.vc_custom_1589900480093{margin-top: 100px !important;margin-bottom: 100px !important;}\u00a0\u00bb][vc_column width=\u00a0\u00bb2\/3&Prime; css=\u00a0\u00bb.vc_custom_1467360650255{margin-top: 10px !important;margin-bottom: 10px !important;padding-top: 0px !important;padding-right: 40px !important;}\u00a0\u00bb] <h4 style=\"color:#b28b18;padding:px;text-align:;font-size:30px;line-height:px;letter-spacing: px;font-weight:lighter\" class=\"  nd_options_text_align_center_responsive_important nd_options_second_font \">Politique de Cookies<\/h4> <div style=\"background-color:;height: 30px\" class=\"nicdark_section  \"><\/div> <p style=\"color:#1c1c1c;padding:px;text-align:;font-size:15px;line-height:25px;letter-spacing: px;font-weight:lighter\" class=\"  nd_options_text_align_center_responsive_important nd_options_third_font \">Il s'agit des conditions g\u00e9n\u00e9rales d'utilisation des cookies sur le site Web de \u201cNa Travessa\u201c. Le site natravessa.com utilise des cookies pour permettre, faciliter et am\u00e9liorer la navigation sur celui-ci. Nous vous recommandons de lire attentivement cette politique pour comprendre l'utilisation de cette technologie, ses objectifs et ainsi g\u00e9rer, d\u00e9sactiver ou supprimer l'utilisation de ces cookies lors de la navigation.<\/p> <div style=\"background-color:;height: 50px\" class=\"nicdark_section  \"><\/div> <h6 style=\"color:#b28b18;padding:px;text-align:;font-size:22px;line-height:px;letter-spacing: px;font-weight:lighter\" class=\"  nd_options_text_align_center_responsive_important nd_options_second_font \">1. OBJECTIFS<\/h6> <div style=\"background-color:;height: 30px\" class=\"nicdark_section  \"><\/div> <p style=\"color:#1c1c1c;padding:px;text-align:;font-size:15px;line-height:25px;letter-spacing: px;font-weight:lighter\" class=\"  nd_options_text_align_center_responsive_important nd_options_third_font \">Cette politique vise \u00e0 informer les utilisateurs de l'utilisation de cookies sur ce site. Expliquer plus pr\u00e9cis\u00e9ment ce que sont les cookies, quels types de cookies sont utilis\u00e9s sur le site et comment les d\u00e9sactiver pendant la navigation ou les supprimer apr\u00e8s la navigation.<\/p> <div style=\"background-color:;height: 50px\" class=\"nicdark_section  \"><\/div> <h6 style=\"color:#b28b18;padding:px;text-align:;font-size:22px;line-height:px;letter-spacing: px;font-weight:lighter\" class=\"  nd_options_text_align_center_responsive_important nd_options_second_font \">2. INFORMATION ET AUTORISATION PR\u00c9ALABLE<\/h6> <div style=\"background-color:;height: 30px\" class=\"nicdark_section  \"><\/div> <p style=\"color:#1c1c1c;padding:px;text-align:;font-size:15px;line-height:25px;letter-spacing: px;font-weight:lighter\" class=\"  nd_options_text_align_center_responsive_important nd_options_third_font \">La premi\u00e8re fois que vous acc\u00e9dez \u00e0 notre site Web, vous \u00eates inform\u00e9, dans un avis visible et bien en vue, que nous utilisons des cookies ainsi que les finalit\u00e9s de cette utilisation. Si vous n'\u00eates pas d'accord, vous pouvez d\u00e9sactiver les cookies, en vous r\u00e9f\u00e9rant au point 4 de ce document. Pour une meilleure navigation, nous vous d\u00e9conseillons de d\u00e9sactiver les cookies.<\/p> <div style=\"background-color:;height: 50px\" class=\"nicdark_section  \"><\/div> <h6 style=\"color:#b28b18;padding:px;text-align:;font-size:22px;line-height:px;letter-spacing: px;font-weight:lighter\" class=\"  nd_options_text_align_center_responsive_important nd_options_second_font \">3. QU'EST-CE QU'UN COOKIE?<\/h6> <div style=\"background-color:;height: 30px\" class=\"nicdark_section  \"><\/div> <p style=\"color:#1c1c1c;padding:px;text-align:;font-size:15px;line-height:25px;letter-spacing: px;font-weight:lighter\" class=\"  nd_options_text_align_center_responsive_important nd_options_third_font \">Un cookie est un fichier t\u00e9l\u00e9charg\u00e9 sur l'\u00e9quipement de l'internaute \u00e0 la suite de l'acc\u00e8s et de la navigation sur certaines pages, lui permettant de stocker et de r\u00e9cup\u00e9rer des informations. Ces informations sont vari\u00e9es et concernent principalement les habitudes de navigation de l'utilisateur et la mani\u00e8re dont il utilise et recherche les informations sur la page. Les cookies ont pour but d'am\u00e9liorer la navigation sur Internet, de mieux conna\u00eetre l'utilisateur et de pouvoir lui offrir une exp\u00e9rience personnalis\u00e9e lors de sa visite sur certaines pages. Pour des informations d\u00e9taill\u00e9es sur la fa\u00e7on de d\u00e9sactiver les cookies, veuillez vous r\u00e9f\u00e9rer au point 4 de ce document.<\/p> <div style=\"background-color:;height: 50px\" class=\"nicdark_section  \"><\/div> <h6 style=\"color:#b28b18;padding:px;text-align:;font-size:22px;line-height:px;letter-spacing: px;font-weight:lighter\" class=\"  nd_options_text_align_center_responsive_important nd_options_second_font \">4. COMMENT G\u00c9RER, D\u00c9SACTIVER OU \u00c9LIMINER LES COOKIES?<\/h6> <div style=\"background-color:;height: 30px\" class=\"nicdark_section  \"><\/div> <p style=\"color:#1c1c1c;padding:px;text-align:;font-size:15px;line-height:25px;letter-spacing: px;font-weight:lighter\" class=\"  nd_options_text_align_center_responsive_important nd_options_third_font \">Si vous continuez \u00e0 naviguer sur le site sans d\u00e9sactiver les cookies, vous acceptez leur utilisation. Si vous vous opposez \u00e0 l'utilisation de cookies, lorsque le site Internet vous informe de leur existence, vous pouvez configurer votre navigateur pour ne pas installer ces cookies. Vous pouvez les d\u00e9sactiver ou les supprimer \u00e0 tout moment gr\u00e2ce aux fonctions de votre navigateur con\u00e7ues \u00e0 cet effet. Si vous souhaitez consulter la liste de liens ci-dessous pour conna\u00eetre les \u00e9tapes \u00e0 suivre pour activer, d\u00e9sactiver, supprimer ou g\u00e9rer les cookies pour chaque navigateur:<\/p> <div style=\"background-color:;height: 30px\" class=\"nicdark_section  \"><\/div>[vc_wp_text]<span style=\"font-family: cinzel;\"> Google Chrome: <a style=\"font-size: 14px;\" href=\"https:\/\/support.google.com\/accounts\/answer\/61416?co=GENIE.Platform%3DDesktop&amp;hl=pt-BR\" target=\"_blank\" rel=\"noopener\"> <u>https:\/\/support.google.com\/accounts\/answer\/61416?co=GENIE.Platform%3DDesktop&amp;hl=pt-BR<\/u><\/a><\/span><\/p>\n<p><span style=\"font-family: cinzel;\"> Internet Explorer: <a style=\"font-size: 14px;\" href=\"https:\/\/support.microsoft.com\/pt-pt\/help\/17442\/windows-internet-explorer-delete-manage-cookies\" target=\"_blank\" rel=\"noopener\"> <u> https:\/\/support.microsoft.com\/pt-pt\/help\/17442\/windows-internet-explorer-delete-manage-cookies<\/u><\/a><\/span><\/p>\n<p><span style=\"font-family: cinzel;\"> Mozilla Firefox: <a style=\"font-size: 14px;\" href=\"https:\/\/support.microsoft.com\/pt-pt\/help\/17442\/windows-internet-explorer-delete-manage-cookies\" target=\"_blank\" rel=\"noopener\"> <u> https:\/\/support.microsoft.com\/pt-pt\/help\/17442\/windows-internet-explorer-delete-manage-cookies<\/u><\/a><\/span><\/p>\n<p><span style=\"font-family: cinzel;\"> Safari: <a style=\"font-size: 14px;\" href=\"https:\/\/support.apple.com\/pt-pt\/guide\/safari\/manage-cookies-and-website-data-sfri11471\/mac\" target=\"_blank\" rel=\"noopener\"> <u> https:\/\/support.apple.com\/pt-pt\/guide\/safari\/manage-cookies-and-website-data-sfri11471\/mac <\/u><\/a><\/span>[\/vc_wp_text]<div style=\"background-color:;height: 30px\" class=\"nicdark_section  \"><\/div> <p style=\"color:#1c1c1c;padding:px;text-align:;font-size:15px;line-height:25px;letter-spacing: px;font-weight:lighter\" class=\"  nd_options_text_align_center_responsive_important nd_options_third_font \">Si vous naviguez \u00e0 l'aide d'une tablette ou d'un smartphone, la proc\u00e9dure est identique. Si le navigateur que vous utilisez n'est pas mentionn\u00e9 ci-dessus, veuillez consulter son site officiel.<\/p> <div style=\"background-color:;height: 50px\" class=\"nicdark_section  \"><\/div> <h6 style=\"color:#b28b18;padding:px;text-align:;font-size:22px;line-height:px;letter-spacing: px;font-weight:lighter\" class=\"  nd_options_text_align_center_responsive_important nd_options_second_font \">5. CONTACTS<\/h6> <div style=\"background-color:;height: 30px\" class=\"nicdark_section  \"><\/div> <p style=\"color:#1c1c1c;padding:px;text-align:;font-size:15px;line-height:25px;letter-spacing: px;font-weight:lighter\" class=\"  nd_options_text_align_center_responsive_important nd_options_third_font \">Si l'utilisateur a des questions ou des commentaires sur le site natravessa.com, veuillez contacter info@natravessa.com<\/p> [\/vc_column][vc_column width=\u00a0\u00bb1\/3&Prime;][\/vc_column][\/vc_row][vc_row full_width=\u00a0\u00bbstretch_row\u00a0\u00bb css=\u00a0\u00bb.vc_custom_1589896036335{padding-top: 80px !important;padding-bottom: 60px !important;background-color: #333333 !important;background-position: center !important;background-repeat: no-repeat !important;background-size: cover !important;}\u00a0\u00bb][vc_column width=\u00a0\u00bb1\/3&Prime;] <h2 style=\"color:#ffffff;padding:px;text-align:center;font-size:20px;line-height:13px;letter-spacing: 2px;font-weight:lighter\" class=\"   nd_options_first_font \">LA LOCALISATION<\/h2> <div style=\"background-color:;height: 30px\" class=\"nicdark_section  \"><\/div> <p style=\"color:#ffffff;padding:px;text-align:center;font-size:16px;line-height:26px;letter-spacing: px;font-weight:lighter\" class=\"   nd_options_second_font \">Travessa de S\u00e3o Sebasti\u00e3o, 39<\/p>  <p style=\"color:#ffffff;padding:px;text-align:center;font-size:16px;line-height:26px;letter-spacing: px;font-weight:lighter\" class=\"  rodape_mobile nd_options_second_font \">4050-569 Porto<\/p> [\/vc_column][vc_column width=\u00a0\u00bb1\/3&Prime;] <h2 style=\"color:#ffffff;padding:px;text-align:center;font-size:20px;line-height:13px;letter-spacing: 2px;font-weight:lighter\" class=\"   nd_options_first_font \">CONTACT<\/h2> <div style=\"background-color:;height: 30px\" class=\"nicdark_section  \"><\/div>[vc_wp_text]<\/p>\n<p style=\"text-align: center; font-size: 16px; font-weight: 300;\"><span style=\"color: #ffffff;\"><a style=\"color: #ffffff;\" href=\"mailto:info@natravessa.com\">info@natravessa.com<\/a><\/span><\/p>\n<p>[\/vc_wp_text] <p style=\"color:#ffffff;padding:px;text-align:center;font-size:16px;line-height:26px;letter-spacing: px;font-weight:lighter\" class=\"  rodape_mobile nd_options_second_font \">T\u00e9l\u00e9phone \/ WhatsApp: (+351) 968 690 124<\/p> [\/vc_column][vc_column width=\u00a0\u00bb1\/3&Prime;] <h2 style=\"color:#ffffff;padding:px;text-align:center;font-size:20px;line-height:13px;letter-spacing: 2px;font-weight:lighter\" class=\"   nd_options_first_font \">R\u00c9SEAUX SOCIAUX<\/h2> <div style=\"background-color:;height: 30px\" class=\"nicdark_section  \"><\/div>[vc_row_inner gap=\u00a0\u00bb1&Prime;][vc_column_inner width=\u00a0\u00bb1\/2&Prime;][vc_wp_text]<\/p>\n<div class=\"cont_redes\"><a class=\"rodape_redes\" href=\"https:\/\/www.instagram.com\/NaTravessaSuites\/\" target=\"_blank\" rel=\"noopener\"><img loading=\"lazy\" decoding=\"async\" class=\"alignright\" src=\"http:\/\/natravessa.com\/wp-content\/uploads\/2017\/07\/icon-4.png\" alt=\"\" width=\"32\" height=\"32\" title=\"\"><\/a><\/div>\n<p>[\/vc_wp_text][\/vc_column_inner][vc_column_inner width=\u00a0\u00bb1\/2&Prime;][vc_wp_text]<\/p>\n<div class=\"cont_redes\"><a class=\"rodape_redes_face\" href=\"https:\/\/www.facebook.com\/NaTravessaSuites\/\" target=\"_blank\" rel=\"noopener\"><img loading=\"lazy\" decoding=\"async\" class=\"alignleft wp-image-3172\" src=\"http:\/\/natravessa.com\/wp-content\/uploads\/2017\/07\/icon-6.png\" alt=\"\" width=\"32\" height=\"32\" title=\"\"><\/a><\/div>\n<p>[\/vc_wp_text][\/vc_column_inner][\/vc_row_inner][\/vc_column][\/vc_row][vc_row full_width=\u00a0\u00bbstretch_row\u00a0\u00bb css=\u00a0\u00bb.vc_custom_1589894915312{padding-top: 20px !important;padding-bottom: 20px !important;background-color: #000000 !important;}\u00a0\u00bb][vc_column width=\u00a0\u00bb1\/2&Prime;][vc_wp_text]<span style=\"color: #b28b18; font-size: 13px; font-weight: normal; text-align: center;\">\u00a9 Na Travessa Su\u00edtes | N\u00ba: 116800\/AL | Tous les droits sont r\u00e9serv\u00e9s. | By <a style=\"color: #b28b18;\" href=\"https:\/\/www.pmd.pt\" target=\"_blank\" rel=\"noopener\">PMD<\/a><\/span>[\/vc_wp_text][\/vc_column][vc_column width=\u00a0\u00bb1\/2&Prime;][vc_wp_text]<\/p>\n<p style=\"text-align: right;\"><span style=\"color: #b28b18; font-size: 13px; font-weight: normal;\"><a style=\"color: #b28b18;\" href=\"http:\/\/natravessa.com\/fr\/covid-19\/\" target=\"_blank\" rel=\"noopener\">COVID-19<\/a>\u00a0 |\u00a0<a style=\"color: #b28b18;\" href=\"http:\/\/natravessa.com\/fr\/politique-de-confidentialite\/\" target=\"_blank\" rel=\"noopener\">POLITIQUE DE CONFIDENTIALIT\u00c9<\/a>\u00a0 |\u00a0 <a style=\"color: #b28b18;\" href=\"http:\/\/natravessa.com\/fr\/politique-de-cookies\/\" target=\"_blank\" rel=\"noopener\">POLITIQUE DE COOKIES<\/a><\/span><\/p>\n<p>[\/vc_wp_text][\/vc_column][\/vc_row]<\/p>\n","protected":false},"excerpt":{"rendered":"<p>[vc_row css=\u00a0\u00bb.vc_custom_1589900480093{margin-top: 100px !important;margin-bottom: 100px !important;}\u00a0\u00bb][vc_column width=\u00a0\u00bb2\/3&Prime; css=\u00a0\u00bb.vc_custom_1467360650255{margin-top: 10px !important;margin-bottom: 10px !important;padding-top: 0px !important;padding-right: 40px !important;}\u00a0\u00bb][vc_wp_text] Google Chrome: https:\/\/support.google.com\/accounts\/answer\/61416?co=GENIE.Platform%3DDesktop&amp;hl=pt-BR Internet Explorer: https:\/\/support.microsoft.com\/pt-pt\/help\/17442\/windows-internet-explorer-delete-manage-cookies Mozilla Firefox: https:\/\/support.microsoft.com\/pt-pt\/help\/17442\/windows-internet-explorer-delete-manage-cookies Safari: https:\/\/support.apple.com\/pt-pt\/guide\/safari\/manage-cookies-and-website-data-sfri11471\/mac [\/vc_wp_text][\/vc_column][vc_column width=\u00a0\u00bb1\/3&Prime;][\/vc_column][\/vc_row][vc_row full_width=\u00a0\u00bbstretch_row\u00a0\u00bb css=\u00a0\u00bb.vc_custom_1589896036335{padding-top: 80px !important;padding-bottom: 60px !important;background-color: #333333 !important;background-position: center !important;background-repeat: no-repeat !important;background-size: cover !important;}\u00a0\u00bb][vc_column width=\u00a0\u00bb1\/3&Prime;][\/vc_column][vc_column width=\u00a0\u00bb1\/3&Prime;][vc_wp_text] info@natravessa.com [\/vc_wp_text][\/vc_column][vc_column width=\u00a0\u00bb1\/3&Prime;][vc_row_inner gap=\u00a0\u00bb1&Prime;][vc_column_inner width=\u00a0\u00bb1\/2&Prime;][vc_wp_text] [\/vc_wp_text][\/vc_column_inner][vc_column_inner width=\u00a0\u00bb1\/2&Prime;][vc_wp_text] [\/vc_wp_text][\/vc_column_inner][\/vc_row_inner][\/vc_column][\/vc_row][vc_row full_width=\u00a0\u00bbstretch_row\u00a0\u00bb css=\u00a0\u00bb.vc_custom_1589894915312{padding-top: [&hellip;]<\/p>\n","protected":false},"author":2,"featured_media":0,"parent":0,"menu_order":0,"comment_status":"closed","ping_status":"closed","template":"","meta":{"footnotes":""},"class_list":["post-5537","page","type-page","status-publish","hentry"],"_links":{"self":[{"href":"https:\/\/www.natravessa.com\/fr\/wp-json\/wp\/v2\/pages\/5537","targetHints":{"allow":["GET"]}}],"collection":[{"href":"https:\/\/www.natravessa.com\/fr\/wp-json\/wp\/v2\/pages"}],"about":[{"href":"https:\/\/www.natravessa.com\/fr\/wp-json\/wp\/v2\/types\/page"}],"author":[{"embeddable":true,"href":"https:\/\/www.natravessa.com\/fr\/wp-json\/wp\/v2\/users\/2"}],"replies":[{"embeddable":true,"href":"https:\/\/www.natravessa.com\/fr\/wp-json\/wp\/v2\/comments?post=5537"}],"version-history":[{"count":0,"href":"https:\/\/www.natravessa.com\/fr\/wp-json\/wp\/v2\/pages\/5537\/revisions"}],"wp:attachment":[{"href":"https:\/\/www.natravessa.com\/fr\/wp-json\/wp\/v2\/media?parent=5537"}],"curies":[{"name":"wp","href":"https:\/\/api.w.org\/{rel}","templated":true}]}}