{"id":5546,"date":"2021-09-28T13:21:13","date_gmt":"2021-09-28T13:21:13","guid":{"rendered":"http:\/\/natravessa.com\/?page_id=5546"},"modified":"2024-04-15T11:35:31","modified_gmt":"2024-04-15T11:35:31","slug":"politica-de-privacidad","status":"publish","type":"page","link":"https:\/\/www.natravessa.com\/es\/politica-de-privacidad\/","title":{"rendered":"Pol\u00edtica de Privacidad"},"content":{"rendered":"<p>[vc_row css=\u00bb.vc_custom_1589900480093{margin-top: 100px !important;margin-bottom: 100px !important;}\u00bb][vc_column width=\u00bb2\/3&#8243; css=\u00bb.vc_custom_1467360650255{margin-top: 10px !important;margin-bottom: 10px !important;padding-top: 0px !important;padding-right: 40px !important;}\u00bb] <h1 style=\"color:#b28b18;padding:px;text-align:;font-size:30px;line-height:px;letter-spacing: px;font-weight:lighter\" class=\"  nd_options_text_align_center_responsive_important nd_options_second_font \">Pol\u00edtica de Privacidad<\/h1> <div style=\"background-color:;height: 30px\" class=\"nicdark_section  \"><\/div> <p style=\"color:#1c1c1c;padding:px;text-align:;font-size:15px;line-height:25px;letter-spacing: px;font-weight:lighter\" class=\"  nd_options_text_align_center_responsive_important nd_options_third_font \">\u201cNa Travessa\u201c se compromete a respetar y adoptar medidas para proteger la privacidad de los datos de los Usuarios de su sitio web, habiendo elaborado esta Pol\u00edtica de Privacidad con la finalidad de demostrar su compromiso y respeto por las normas de protecci\u00f3n de datos.<\/p> <div style=\"background-color:;height: 50px\" class=\"nicdark_section  \"><\/div> <h6 style=\"color:#b28b18;padding:px;text-align:;font-size:22px;line-height:px;letter-spacing: px;font-weight:lighter\" class=\"  nd_options_text_align_center_responsive_important nd_options_second_font \">1. OBJETIVO<\/h6> <div style=\"background-color:;height: 30px\" class=\"nicdark_section  \"><\/div> <p style=\"color:#1c1c1c;padding:px;text-align:;font-size:15px;line-height:25px;letter-spacing: px;font-weight:lighter\" class=\"  nd_options_text_align_center_responsive_important nd_options_third_font \">Seg\u00fan el Reglamento General de Protecci\u00f3n de Datos (RGPD), \u201cNa Travessa\u201c no almacenar\u00e1 los datos personales del Usuario, salvo en las siguientes situaciones:<\/p> <div style=\"background-color:;height: 50px\" class=\"nicdark_section  \"><\/div> <h6 style=\"color:#b28b18;padding:px;text-align:;font-size:18px;line-height:px;letter-spacing: px;font-weight:lighter\" class=\"  nd_options_text_align_center_responsive_important nd_options_second_font \">1.1 Cookies<\/h6> <div style=\"background-color:;height: 30px\" class=\"nicdark_section  \"><\/div> <p style=\"color:#1c1c1c;padding:px;text-align:;font-size:15px;line-height:25px;letter-spacing: px;font-weight:lighter\" class=\"  nd_options_text_align_center_responsive_important nd_options_third_font \">Una cookie es un archivo que se descarga en el equipo del usuario de Internet como resultado del acceso y navegaci\u00f3n por determinadas p\u00e1ginas, lo que le permite almacenar y recuperar informaci\u00f3n. Esta informaci\u00f3n es variada, principalmente sobre los h\u00e1bitos de navegaci\u00f3n del usuario y la forma en que utiliza y busca la informaci\u00f3n en la p\u00e1gina. La finalidad de las cookies es mejorar la navegaci\u00f3n en Internet, conocer mejor al usuario y poder ofrecerle una experiencia personalizada durante su visita a determinadas p\u00e1ginas. Para obtener m\u00e1s informaci\u00f3n, consulte nuestra Pol\u00edtica de cookies.<\/p> <div style=\"background-color:;height: 50px\" class=\"nicdark_section  \"><\/div> <h6 style=\"color:#b28b18;padding:px;text-align:;font-size:19px;line-height:px;letter-spacing: px;font-weight:lighter\" class=\"  nd_options_text_align_center_responsive_important nd_options_second_font \">1.2 Formulario de Contacto<\/h6> <div style=\"background-color:;height: 30px\" class=\"nicdark_section  \"><\/div> <p style=\"color:#1c1c1c;padding:px;text-align:;font-size:15px;line-height:25px;letter-spacing: px;font-weight:lighter\" class=\"  nd_options_text_align_center_responsive_important nd_options_third_font \">\u201cNa Travessa\u201c recopila y procesa la informaci\u00f3n que el Usuario llen\u00f3 y consiente compartir con \u201cNa Travessa\u201c para que podamos establecer una relaci\u00f3n profesional. \u201cNa Travessa\u201c no compartir\u00e1 los datos del Usuario con otras entidades, pero conservar\u00e1 sus datos por tiempo indeterminado hasta la conclusi\u00f3n de la solicitud de contacto. De acuerdo con el RGPD, el Usuario puede solicitar rectificar o cancelar en cualquier momento. Para ello, basta enviar un correo electr\u00f3nico a info@natravessa.com.<\/p> <div style=\"background-color:;height: 50px\" class=\"nicdark_section  \"><\/div> <h6 style=\"color:#b28b18;padding:px;text-align:;font-size:22px;line-height:px;letter-spacing: px;font-weight:lighter\" class=\"  nd_options_text_align_center_responsive_important nd_options_second_font \">2. CONTACTOS<\/h6> <div style=\"background-color:;height: 30px\" class=\"nicdark_section  \"><\/div> <p style=\"color:#1c1c1c;padding:px;text-align:;font-size:15px;line-height:25px;letter-spacing: px;font-weight:lighter\" class=\"  nd_options_text_align_center_responsive_important nd_options_third_font \">Si el Usuario tiene alguna pregunta o comentario sobre el sitio web natravessa.com, p\u00f3ngase en contacto con info@natravessa.com.<\/p> [\/vc_column][vc_column width=\u00bb1\/3&#8243;][\/vc_column][\/vc_row][vc_row full_width=\u00bbstretch_row\u00bb css=\u00bb.vc_custom_1589896036335{padding-top: 80px !important;padding-bottom: 60px !important;background-color: #333333 !important;background-position: center !important;background-repeat: no-repeat !important;background-size: cover !important;}\u00bb][vc_column width=\u00bb1\/3&#8243;] <h2 style=\"color:#ffffff;padding:px;text-align:center;font-size:20px;line-height:13px;letter-spacing: 2px;font-weight:lighter\" class=\"   nd_options_first_font \">LA LOCALIZACI\u00d3N<\/h2> <div style=\"background-color:;height: 30px\" class=\"nicdark_section  \"><\/div> <p style=\"color:#ffffff;padding:px;text-align:center;font-size:16px;line-height:26px;letter-spacing: px;font-weight:lighter\" class=\"   nd_options_second_font \">Travessa de S\u00e3o Sebasti\u00e3o, 39<\/p>  <p style=\"color:#ffffff;padding:px;text-align:center;font-size:16px;line-height:26px;letter-spacing: px;font-weight:lighter\" class=\"  rodape_mobile nd_options_second_font \">4050-569 Porto<\/p> [\/vc_column][vc_column width=\u00bb1\/3&#8243;] <h2 style=\"color:#ffffff;padding:px;text-align:center;font-size:20px;line-height:13px;letter-spacing: 2px;font-weight:lighter\" class=\"   nd_options_first_font \">CONTACTOS<\/h2> <div style=\"background-color:;height: 30px\" class=\"nicdark_section  \"><\/div>[vc_wp_text]<\/p>\n<p style=\"text-align: center; font-size: 16px; font-weight: 300;\"><span style=\"color: #ffffff;\"><a style=\"color: #ffffff;\" href=\"mailto:info@natravessa.com\">info@natravessa.com<\/a><\/span><\/p>\n<p>[\/vc_wp_text] <p style=\"color:#ffffff;padding:px;text-align:center;font-size:16px;line-height:26px;letter-spacing: px;font-weight:lighter\" class=\"  rodape_mobile nd_options_second_font \">Tel\u00e9fono \/ WhatsApp: (+351) 968 690 124<\/p> [\/vc_column][vc_column width=\u00bb1\/3&#8243;] <h2 style=\"color:#ffffff;padding:px;text-align:center;font-size:20px;line-height:13px;letter-spacing: 2px;font-weight:lighter\" class=\"   nd_options_first_font \">REDES SOCIALES<\/h2> <div style=\"background-color:;height: 30px\" class=\"nicdark_section  \"><\/div>[vc_row_inner gap=\u00bb1&#8243;][vc_column_inner width=\u00bb1\/2&#8243;][vc_wp_text]<\/p>\n<div class=\"cont_redes\"><a class=\"rodape_redes\" href=\"https:\/\/www.instagram.com\/NaTravessaSuites\/\" target=\"_blank\" rel=\"noopener\"><img loading=\"lazy\" decoding=\"async\" class=\"alignright\" src=\"http:\/\/natravessa.com\/wp-content\/uploads\/2017\/07\/icon-4.png\" alt=\"\" width=\"32\" height=\"32\" title=\"\"><\/a><\/div>\n<p>[\/vc_wp_text][\/vc_column_inner][vc_column_inner width=\u00bb1\/2&#8243;][vc_wp_text]<\/p>\n<div class=\"cont_redes\"><a class=\"rodape_redes_face\" href=\"https:\/\/www.facebook.com\/NaTravessaSuites\/\" target=\"_blank\" rel=\"noopener\"><img loading=\"lazy\" decoding=\"async\" class=\"alignleft wp-image-3620\" src=\"http:\/\/natravessa.com\/wp-content\/uploads\/2017\/07\/icon-6.png\" alt=\"\" width=\"32\" height=\"32\" title=\"\"><\/a><\/div>\n<p>[\/vc_wp_text][\/vc_column_inner][\/vc_row_inner][\/vc_column][\/vc_row][vc_row full_width=\u00bbstretch_row\u00bb css=\u00bb.vc_custom_1589894915312{padding-top: 20px !important;padding-bottom: 20px !important;background-color: #000000 !important;}\u00bb][vc_column width=\u00bb1\/2&#8243;][vc_wp_text]<span style=\"color: #b28b18; font-size: 13px; font-weight: normal; text-align: center;\">\u00a9 Na Travessa Su\u00edtes | N\u00ba: 116800\/AL | Todos los derechos reservados. | By <a style=\"color: #b28b18;\" href=\"https:\/\/www.pmd.pt\" target=\"_blank\" rel=\"noopener\">PMD<\/a><\/span>[\/vc_wp_text][\/vc_column][vc_column width=\u00bb1\/2&#8243;][vc_wp_text]<\/p>\n<p style=\"text-align: right;\"><span style=\"color: #b28b18; font-size: 13px; font-weight: normal;\"><a style=\"color: #b28b18;\" href=\"http:\/\/natravessa.com\/es\/covid-19\/\" target=\"_blank\" rel=\"noopener\">COVID-19<\/a>\u00a0 |\u00a0<a style=\"color: #b28b18;\" href=\"http:\/\/natravessa.com\/es\/politica-de-privacidad\/\" target=\"_blank\" rel=\"noopener\">POL\u00cdTICA DE PRIVACIDAD<\/a>\u00a0 |\u00a0 <a style=\"color: #b28b18;\" href=\"http:\/\/natravessa.com\/es\/politica-de-cookies\/\" target=\"_blank\" rel=\"noopener\">POL\u00cdTICA DE COOKIES<\/a><\/span><\/p>\n<p>[\/vc_wp_text][\/vc_column][\/vc_row]<\/p>\n","protected":false},"excerpt":{"rendered":"<p>[vc_row css=\u00bb.vc_custom_1589900480093{margin-top: 100px !important;margin-bottom: 100px !important;}\u00bb][vc_column width=\u00bb2\/3&#8243; css=\u00bb.vc_custom_1467360650255{margin-top: 10px !important;margin-bottom: 10px !important;padding-top: 0px !important;padding-right: 40px !important;}\u00bb][\/vc_column][vc_column width=\u00bb1\/3&#8243;][\/vc_column][\/vc_row][vc_row full_width=\u00bbstretch_row\u00bb css=\u00bb.vc_custom_1589896036335{padding-top: 80px !important;padding-bottom: 60px !important;background-color: #333333 !important;background-position: center !important;background-repeat: no-repeat !important;background-size: cover !important;}\u00bb][vc_column width=\u00bb1\/3&#8243;][\/vc_column][vc_column width=\u00bb1\/3&#8243;][vc_wp_text] info@natravessa.com [\/vc_wp_text][\/vc_column][vc_column width=\u00bb1\/3&#8243;][vc_row_inner gap=\u00bb1&#8243;][vc_column_inner width=\u00bb1\/2&#8243;][vc_wp_text] [\/vc_wp_text][\/vc_column_inner][vc_column_inner width=\u00bb1\/2&#8243;][vc_wp_text] [\/vc_wp_text][\/vc_column_inner][\/vc_row_inner][\/vc_column][\/vc_row][vc_row full_width=\u00bbstretch_row\u00bb css=\u00bb.vc_custom_1589894915312{padding-top: 20px !important;padding-bottom: 20px !important;background-color: #000000 !important;}\u00bb][vc_column width=\u00bb1\/2&#8243;][vc_wp_text]\u00a9 Na Travessa Su\u00edtes | N\u00ba: [&hellip;]<\/p>\n","protected":false},"author":2,"featured_media":0,"parent":0,"menu_order":0,"comment_status":"closed","ping_status":"closed","template":"","meta":{"footnotes":""},"class_list":["post-5546","page","type-page","status-publish","hentry"],"_links":{"self":[{"href":"https:\/\/www.natravessa.com\/es\/wp-json\/wp\/v2\/pages\/5546","targetHints":{"allow":["GET"]}}],"collection":[{"href":"https:\/\/www.natravessa.com\/es\/wp-json\/wp\/v2\/pages"}],"about":[{"href":"https:\/\/www.natravessa.com\/es\/wp-json\/wp\/v2\/types\/page"}],"author":[{"embeddable":true,"href":"https:\/\/www.natravessa.com\/es\/wp-json\/wp\/v2\/users\/2"}],"replies":[{"embeddable":true,"href":"https:\/\/www.natravessa.com\/es\/wp-json\/wp\/v2\/comments?post=5546"}],"version-history":[{"count":0,"href":"https:\/\/www.natravessa.com\/es\/wp-json\/wp\/v2\/pages\/5546\/revisions"}],"wp:attachment":[{"href":"https:\/\/www.natravessa.com\/es\/wp-json\/wp\/v2\/media?parent=5546"}],"curies":[{"name":"wp","href":"https:\/\/api.w.org\/{rel}","templated":true}]}}