{"id":3483,"date":"2021-01-22T18:14:41","date_gmt":"2021-01-22T18:14:41","guid":{"rendered":"http:\/\/natravessa.com\/?page_id=3483"},"modified":"2026-01-11T20:50:26","modified_gmt":"2026-01-11T20:50:26","slug":"condiciones","status":"publish","type":"page","link":"https:\/\/www.natravessa.com\/es\/condiciones\/","title":{"rendered":"Condiciones"},"content":{"rendered":"<p>[vc_row full_width=\u00bbstretch_row\u00bb content_placement=\u00bbmiddle\u00bb parallax=\u00bbcontent-moving\u00bb parallax_image=\u00bb4347&#8243; css=\u00bb.vc_custom_1624378039553{padding-top: 70px !important;padding-bottom: 70px !important;}\u00bb el_class=\u00bbnd_options_vc_parallax_filter_1_3&#8243;][vc_column width=\u00bb1\/4&#8243; css=\u00bb.vc_custom_1590073597952{margin-right: 20px !important;margin-left: 20px !important;padding-right: 30px !important;padding-left: 30px !important;background-color: #ffffff !important;}\u00bb]<div style=\"background-color:;height: 30px\" class=\"nicdark_section  \"><\/div> <p style=\"color:#a8a8a8;padding:px;text-align:center;font-size:14px;line-height:px;letter-spacing: px;font-weight:lighter\" class=\"   nd_options_second_font \">DESDE<\/p> <div style=\"background-color:;height: 15px\" class=\"nicdark_section  \"><\/div> <h4 style=\"color:#ab882e;padding:px;text-align:center;font-size:45px;line-height:px;letter-spacing: px;font-weight:normal\" class=\"   nd_options_first_font \">90\u20ac<\/h4> <div style=\"background-color:;height: 30px\" class=\"nicdark_section  \"><\/div> <p style=\"color:#ab882e;padding:px;text-align:center;font-size:14px;line-height:px;letter-spacing: px;font-weight:bold\" class=\"   nd_options_second_font \">TEMPORADA BAJA<\/p> <div style=\"background-color:;height: 40px\" class=\"nicdark_section  \"><\/div>[\/vc_column][vc_column width=\u00bb1\/4&#8243; css=\u00bb.vc_custom_1590069908636{margin-right: 20px !important;margin-left: 20px !important;padding-right: 30px !important;padding-left: 30px !important;background-color: #ab882e !important;}\u00bb]<div style=\"background-color:;height: 30px\" class=\"nicdark_section  \"><\/div> <p style=\"color:#ffffff;padding:px;text-align:center;font-size:14px;line-height:px;letter-spacing: px;font-weight:lighter\" class=\"   nd_options_second_font \">DESDE<\/p> <div style=\"background-color:;height: 15px\" class=\"nicdark_section  \"><\/div> <h4 style=\"color:#ffffff;padding:px;text-align:center;font-size:45px;line-height:px;letter-spacing: px;font-weight:normal\" class=\"   nd_options_first_font \">110\u20ac<\/h4> <div style=\"background-color:;height: 30px\" class=\"nicdark_section  \"><\/div> <p style=\"color:#ffffff;padding:px;text-align:center;font-size:14px;line-height:px;letter-spacing: px;font-weight:bold\" class=\"   nd_options_second_font \">TEMPORADA ALTA<\/p> <div style=\"background-color:;height: 40px\" class=\"nicdark_section  \"><\/div>[\/vc_column][vc_column width=\u00bb2\/4&#8243; css=\u00bb.vc_custom_1501150271414{padding-top: 40px !important;padding-right: 40px !important;padding-bottom: 40px !important;padding-left: 40px !important;}\u00bb el_class=\u00bbnd_options_text_align_center\u00bb]<div style=\"background-color:;height: 30px\" class=\"nicdark_section  \"><\/div> <h1 style=\"color:#ffffff;padding:px;text-align:center;font-size:35px;line-height:px;letter-spacing: px;font-weight:lighter\" class=\"  nd_options_font_size_40_important_all_iphone nd_options_first_font \">PRECIOS DE ALOJAMIENTO<\/h1> <div style=\"background-color:;height: 40px\" class=\"nicdark_section  \"><\/div> <p style=\"color:#ffffff;padding:px;text-align:center;font-size:14px;line-height:25px;letter-spacing: px;font-weight:lighter\" class=\"   nd_options_second_font \">Los precios var\u00edan seg\u00fan la temporada y el tipo de habitaci\u00f3n. El precio incluye nuestro fabuloso desayuno as\u00ed como el IVA. La tarifa tur\u00edstica de 3 \u20ac por persona \/ noche hasta un m\u00e1ximo de 7 noches no est\u00e1 incluida en el precio.<\/p> <div style=\"background-color:;height: 45px\" class=\"nicdark_section  \"><\/div>[\/vc_column][\/vc_row][vc_row gap=\u00bb3&#8243;][vc_column width=\u00bb1\/2&#8243; css=\u00bb.vc_custom_1589883242691{margin-top: 35px !important;}\u00bb]\n    <div style=\"text-align:left\" class=\"nd_options_section\">\n      <img decoding=\"async\" alt=\"\" style=\"width:50px\" class=\" nd_options_margin_0 nd_options_padding_0 \" src=\"https:\/\/www.natravessa.com\/wp-content\/uploads\/2020\/05\/icon-cancelamento.png\" title=\"\">\n    <\/div>\n   [vc_row_inner][vc_column_inner css=\u00bb.vc_custom_1590487315272{margin-top: 15px !important;}\u00bb] <h6 style=\"color:#ab882e;padding:px;text-align:;font-size:16px;line-height:px;letter-spacing: px;font-weight:lighter\" class=\"   nd_options_second_font \">POL\u00cdTICA DE CANCELATI\u00d3N<\/h6> [\/vc_column_inner][\/vc_row_inner][vc_row_inner][vc_column_inner css=\u00bb.vc_custom_1590487696564{margin-top: 25px !important;}\u00bb][vc_wp_text]Hasta 7 d\u00edas antes de la fecha de llegada:<\/p>\n<p style=\"padding-left: 40px;\">\u2022 En el caso de reservas pagadas con tarjeta de cr\u00e9dito, se reembolsar\u00e1 el valor total de la reserva, menos el 3%.<br \/>\n\u2022 Si la reserva no se paga con tarjeta de cr\u00e9dito, se reembolsar\u00e1 el importe total de la reserva.<\/p>\n<p>Pasados \u200b\u200blos 7 d\u00edas se cargar\u00e1 la estancia completa.<br \/>\nEn caso de no presentarse, se cargar\u00e1 la estancia completa.[\/vc_wp_text][\/vc_column_inner][\/vc_row_inner][vc_row_inner css=\u00bb.vc_custom_1590491127961{margin-top: 45px !important;}\u00bb][vc_column_inner]\n    <div style=\"text-align:left\" class=\"nd_options_section\">\n      <img decoding=\"async\" alt=\"\" style=\"width:50px\" class=\" nd_options_margin_0 nd_options_padding_0 \" src=\"https:\/\/www.natravessa.com\/wp-content\/uploads\/2020\/05\/icon-cama.png\" title=\"\">\n    <\/div>\n   [\/vc_column_inner][\/vc_row_inner][vc_row_inner][vc_column_inner css=\u00bb.vc_custom_1590487530100{margin-top: 15px !important;}\u00bb] <h6 style=\"color:#ab882e;padding:px;text-align:;font-size:16px;line-height:px;letter-spacing: px;font-weight:lighter\" class=\"   nd_options_second_font \">NI\u00d1OS \/ CAMAS EXTRA<\/h6> [\/vc_column_inner][\/vc_row_inner][vc_row_inner css=\u00bb.vc_custom_1621417061571{margin-top: 25px !important;}\u00bb][vc_column_inner][vc_wp_text]No es posible colocar una cuna o cama supletoria para beb\u00e9s o ni\u00f1os.[\/vc_wp_text][\/vc_column_inner][\/vc_row_inner][vc_row_inner css=\u00bb.vc_custom_1590491127961{margin-top: 45px !important;}\u00bb][vc_column_inner]\n    <div style=\"text-align:left\" class=\"nd_options_section\">\n      <img decoding=\"async\" alt=\"\" style=\"width:50px\" class=\" nd_options_margin_0 nd_options_padding_0 \" src=\"https:\/\/www.natravessa.com\/wp-content\/uploads\/2021\/05\/Animais-01.png\" title=\"\">\n    <\/div>\n   [\/vc_column_inner][\/vc_row_inner][vc_row_inner][vc_column_inner css=\u00bb.vc_custom_1590487530100{margin-top: 15px !important;}\u00bb] <h6 style=\"color:#ab882e;padding:px;text-align:;font-size:16px;line-height:px;letter-spacing: px;font-weight:lighter\" class=\"   nd_options_second_font \">ANIMALES<\/h6> [\/vc_column_inner][\/vc_row_inner][vc_row_inner css=\u00bb.vc_custom_1590491429256{margin-top: 25px !important;margin-bottom: 100px !important;}\u00bb][vc_column_inner][vc_wp_text]No se permiten mascotas.[\/vc_wp_text][\/vc_column_inner][\/vc_row_inner][\/vc_column][vc_column width=\u00bb1\/2&#8243; css=\u00bb.vc_custom_1589884853265{margin-top: 35px !important;}\u00bb]\n    <div style=\"text-align:left\" class=\"nd_options_section\">\n      <img decoding=\"async\" alt=\"\" style=\"width:50px\" class=\" nd_options_margin_0 nd_options_padding_0 \" src=\"https:\/\/www.natravessa.com\/wp-content\/uploads\/2020\/05\/icon-checkin.png\" title=\"\">\n    <\/div>\n   [vc_row_inner][vc_column_inner css=\u00bb.vc_custom_1590487377917{margin-top: 15px !important;}\u00bb] <h6 style=\"color:#ab882e;padding:px;text-align:;font-size:16px;line-height:px;letter-spacing: px;font-weight:lighter\" class=\"   nd_options_second_font \">CHECK-IN \/ CHECK-OUT<\/h6> [\/vc_column_inner][\/vc_row_inner][vc_row_inner css=\u00bb.vc_custom_1590491568143{margin-top: 25px !important;}\u00bb][vc_column_inner][vc_wp_text]Recepci\u00f3n: 8h &#8211; 14h<br \/>\nCheck-In aut\u00f3nomo: despu\u00e9s de las 14h30<br \/>\nCheck-Out: hasta las 11h[\/vc_wp_text][\/vc_column_inner][\/vc_row_inner][vc_row_inner css=\u00bb.vc_custom_1590491602044{margin-top: 45px !important;}\u00bb][vc_column_inner]\n    <div style=\"text-align:left\" class=\"nd_options_section\">\n      <img decoding=\"async\" alt=\"\" style=\"width:50px\" class=\" nd_options_margin_0 nd_options_padding_0 \" src=\"https:\/\/www.natravessa.com\/wp-content\/uploads\/2020\/05\/icon-estacionamento.png\" title=\"\">\n    <\/div>\n   [\/vc_column_inner][\/vc_row_inner][vc_row_inner][vc_column_inner css=\u00bb.vc_custom_1590487613743{margin-top: 15px !important;}\u00bb] <h6 style=\"color:#ab882e;padding:px;text-align:;font-size:16px;line-height:px;letter-spacing: px;font-weight:lighter\" class=\"   nd_options_second_font \">ESTACIONAMIENTO<\/h6> [\/vc_column_inner][\/vc_row_inner][vc_row_inner css=\u00bb.vc_custom_1590491703312{margin-top: 25px !important;}\u00bb][vc_column_inner][vc_wp_text]<span style=\"font-family: Roboto; font-weight: 300;\">No disponemos de parking privado. En las cercan\u00edas el estacionamiento es escaso y en la mayor\u00eda de lugares se paga hasta un l\u00edmite de 2 horas. Le recomendamos que se ponga en contacto con nosotros cuando llegue para descargar sus maletas, y luego vaya estacionar su coche.<\/span>[\/vc_wp_text][\/vc_column_inner][\/vc_row_inner][vc_row_inner css=\u00bb.vc_custom_1590491710337{margin-top: 25px !important;}\u00bb][vc_column_inner][vc_wp_text]<span style=\"font-family: Roboto; font-weight: 300;\">Recomendamos los siguientes parques p\u00fablicos y de pago:<\/span>[\/vc_wp_text][\/vc_column_inner][\/vc_row_inner][vc_row_inner][vc_column_inner width=\u00bb1\/12&#8243;][\/vc_column_inner][vc_column_inner width=\u00bb11\/12&#8243; css=\u00bb.vc_custom_1590489567399{margin-top: 10px !important;}\u00bb] <p style=\"color:#000000;padding:px;text-align:;font-size:px;line-height:px;letter-spacing: px;font-weight:lighter\" class=\"   nd_options_second_font \">\u2022 \u201cParque de Estacionamento da Batalha\u201d \/ 9 minutos a pie \/ Direcci\u00f3n: Rua Alexandre Herculano 385<\/p> [\/vc_column_inner][\/vc_row_inner][vc_row_inner][vc_column_inner width=\u00bb1\/12&#8243;][\/vc_column_inner][vc_column_inner width=\u00bb11\/12&#8243; css=\u00bb.vc_custom_1590489567399{margin-top: 10px !important;}\u00bb] <p style=\"color:#000000;padding:px;text-align:;font-size:px;line-height:px;letter-spacing: px;font-weight:lighter\" class=\"   nd_options_second_font \">\u2022 \u201cParque de Estacionamento Duque de Loul\u00e9\u201d \/ 7 minutos a pie \/ Direcci\u00f3n: Rua Arnaldo Gama<\/p> [\/vc_column_inner][\/vc_row_inner][vc_row_inner css=\u00bb.vc_custom_1590489778571{margin-bottom: 100px !important;}\u00bb][vc_column_inner width=\u00bb1\/12&#8243;][\/vc_column_inner][vc_column_inner width=\u00bb11\/12&#8243; css=\u00bb.vc_custom_1590489567399{margin-top: 10px !important;}\u00bb] <p style=\"color:#000000;padding:px;text-align:;font-size:px;line-height:px;letter-spacing: px;font-weight:lighter\" class=\"   nd_options_second_font \">\u2022 \u201cParque de Estacionamento das Cardosas\u201d \/ 4 minutos a pie \/ Direcci\u00f3n: Rua Trindade Coelho, 16<\/p> [\/vc_column_inner][\/vc_row_inner][\/vc_column][\/vc_row][vc_row full_width=\u00bbstretch_row\u00bb parallax=\u00bbcontent-moving\u00bb parallax_image=\u00bb4793&#8243; css=\u00bb.vc_custom_1624628361080{padding-top: 115px !important;padding-bottom: 115px !important;}\u00bb el_class=\u00bbnd_options_vc_parallax_filter_2_4&#8243;][vc_column el_class=\u00bbnd_options_text_align_center\u00bb] <p style=\"color:#ffffff;padding:px;text-align:center;font-size:35px;line-height:35px;letter-spacing: px;font-weight:normal\" class=\"  nd_options_font_size_40_important_all_iphone nd_options_line_height_40_important_all_iphone nd_options_first_font \">RESERVA TU HABITACI\u00d3N AHORA<\/p> <div style=\"background-color:;height: 20px\" class=\"nicdark_section  \"><\/div>[vc_wp_text]<\/p>\n<p style=\"text-align: center; font-family: Cinzel; font-size: 24px;\"><span style=\"color: #ffffff; font-family: Cinzel;\">O, SI LO PREFIERE, <a style=\"color: #ffffff; font-family: Cinzel;\" href=\"http:\/\/natravessa.com\/es\/contactos\/\" target=\"_blank\" rel=\"noopener\"><u>P\u00d3NGASE EN CONTACTO CON NOSOTROS<\/u><\/a> PRIMERO<\/span><\/p>\n<p>[\/vc_wp_text]<div style=\"background-color:;height: 40px\" class=\"nicdark_section  \"><\/div>[vc_btn title=\u00bbRESERVAR\u00bb style=\u00bbcustom\u00bb custom_background=\u00bb#ffffff\u00bb custom_text=\u00bb#b28b18&#8243; shape=\u00bbsquare\u00bb size=\u00bblg\u00bb align=\u00bbcenter\u00bb link=\u00bburl:https%3A%2F%2Fweb.ynnovbooking.com%2F%3Fl%3Des%26apikey%3D9kKwvOJanDt46ijXweNuZbtEHaU1WumM|title:Reservar|target:%20_blank|\u00bb][\/vc_column][\/vc_row][vc_row full_width=\u00bbstretch_row\u00bb css=\u00bb.vc_custom_1589896036335{padding-top: 80px !important;padding-bottom: 60px !important;background-color: #333333 !important;background-position: center !important;background-repeat: no-repeat !important;background-size: cover !important;}\u00bb][vc_column width=\u00bb1\/3&#8243;] <h2 style=\"color:#ffffff;padding:px;text-align:center;font-size:20px;line-height:13px;letter-spacing: 2px;font-weight:lighter\" class=\"   nd_options_first_font \">LA LOCALIZACI\u00d3N<\/h2> <div style=\"background-color:;height: 30px\" class=\"nicdark_section  \"><\/div> <p style=\"color:#ffffff;padding:px;text-align:center;font-size:16px;line-height:26px;letter-spacing: px;font-weight:lighter\" class=\"   nd_options_second_font \">Travessa de S\u00e3o Sebasti\u00e3o, 39<\/p>  <p style=\"color:#ffffff;padding:px;text-align:center;font-size:16px;line-height:26px;letter-spacing: px;font-weight:lighter\" class=\"  rodape_mobile nd_options_second_font \">4050-569 Porto<\/p> [\/vc_column][vc_column width=\u00bb1\/3&#8243;] <h2 style=\"color:#ffffff;padding:px;text-align:center;font-size:20px;line-height:13px;letter-spacing: 2px;font-weight:lighter\" class=\"   nd_options_first_font \">CONTACTOS<\/h2> <div style=\"background-color:;height: 30px\" class=\"nicdark_section  \"><\/div>[vc_wp_text]<\/p>\n<p style=\"text-align: center; font-size: 16px; font-weight: 300; color: #ffffff; margin-bottom: 40px; line-height: 1.3;\"><a style=\"color: #ffffff; text-decoration: none;\" href=\"mailto:info@natravessa.com\"><br \/>\ninfo@natravessa.com<br \/>\n<\/a><br \/>\n<span style=\"white-space: nowrap;\"><br \/>\nTel\u00e9fono \/ WhatsApp:<br \/>\n<a style=\"color: #ffffff; text-decoration: none;\" href=\"tel:(+351) 968 690 124\"><br \/>\n(+351) 968 690 124<br \/>\n<\/a><br \/>\n<\/span><\/p>\n<p>[\/vc_wp_text][\/vc_column][vc_column width=\u00bb1\/3&#8243;] <h2 style=\"color:#ffffff;padding:px;text-align:center;font-size:20px;line-height:13px;letter-spacing: 2px;font-weight:lighter\" class=\"   nd_options_first_font \">REDES SOCIALES<\/h2> <div style=\"background-color:;height: 30px\" class=\"nicdark_section  \"><\/div>[vc_row_inner gap=\u00bb1&#8243;][vc_column_inner width=\u00bb1\/2&#8243;][vc_wp_text]<\/p>\n<div class=\"cont_redes\"><a class=\"rodape_redes\" href=\"https:\/\/www.instagram.com\/NaTravessaSuites\/\" target=\"_blank\" rel=\"noopener\"><img loading=\"lazy\" decoding=\"async\" class=\"alignright\" src=\"https:\/\/www.natravessa.com\/wp-content\/uploads\/2017\/07\/icon-4.png\" alt=\"\" width=\"32\" height=\"32\" title=\"\"><\/a><\/div>\n<p>[\/vc_wp_text][\/vc_column_inner][vc_column_inner width=\u00bb1\/2&#8243;][vc_wp_text]<\/p>\n<div class=\"cont_redes\"><a class=\"rodape_redes_face\" href=\"https:\/\/www.facebook.com\/NaTravessaSuites\/\" target=\"_blank\" rel=\"noopener\"><img loading=\"lazy\" decoding=\"async\" class=\"alignleft wp-image-3620\" src=\"https:\/\/www.natravessa.com\/wp-content\/uploads\/2017\/07\/icon-6.png\" alt=\"\" width=\"32\" height=\"32\" title=\"\"><\/a><\/div>\n<p>[\/vc_wp_text][\/vc_column_inner][\/vc_row_inner][\/vc_column][\/vc_row][vc_row full_width=\u00bbstretch_row\u00bb css=\u00bb.vc_custom_1589894915312{padding-top: 20px !important;padding-bottom: 20px !important;background-color: #000000 !important;}\u00bb][vc_column][vc_wp_text]<\/p>\n<p style=\"text-align: left;\"><span style=\"color: #b28b18; font-size: 13px; font-weight: normal;\"><a style=\"color: #b28b18;\" href=\"http:\/\/natravessa.com\/es\/politica-de-privacidad\/\" target=\"_blank\" rel=\"noopener\">POL\u00cdTICA DE PRIVACIDAD<\/a>\u00a0 |\u00a0 <a style=\"color: #b28b18;\" href=\"http:\/\/natravessa.com\/es\/politica-de-cookies\/\" target=\"_blank\" rel=\"noopener\">POL\u00cdTICA DE COOKIES<\/a>\u00a0 |\u00a0 <a style=\"color: #b28b18;\" href=\"https:\/\/www.livroreclamacoes.pt\/Inicio\" target=\"_blank\" rel=\"noopener\">LIBRO RECLAMACIONES<\/a><\/span><\/p>\n<p>[\/vc_wp_text][vc_wp_text]<span style=\"color: #b28b18; font-size: 13px; font-weight: normal; text-align: center;\">\u00a9 Na Travessa Su\u00edtes | N\u00ba: 116800\/AL | Todos los derechos reservados. | By <a style=\"color: #b28b18;\" href=\"https:\/\/www.pmd.pt\" target=\"_blank\" rel=\"noopener\">PMD<\/a><\/span>[\/vc_wp_text][\/vc_column][\/vc_row]<\/p>\n","protected":false},"excerpt":{"rendered":"<p>[vc_row full_width=\u00bbstretch_row\u00bb content_placement=\u00bbmiddle\u00bb parallax=\u00bbcontent-moving\u00bb parallax_image=\u00bb4347&#8243; css=\u00bb.vc_custom_1624378039553{padding-top: 70px !important;padding-bottom: 70px !important;}\u00bb el_class=\u00bbnd_options_vc_parallax_filter_1_3&#8243;][vc_column width=\u00bb1\/4&#8243; css=\u00bb.vc_custom_1590073597952{margin-right: 20px !important;margin-left: 20px !important;padding-right: 30px !important;padding-left: 30px !important;background-color: #ffffff !important;}\u00bb][\/vc_column][vc_column width=\u00bb1\/4&#8243; css=\u00bb.vc_custom_1590069908636{margin-right: 20px !important;margin-left: 20px !important;padding-right: 30px !important;padding-left: 30px !important;background-color: #ab882e !important;}\u00bb][\/vc_column][vc_column width=\u00bb2\/4&#8243; css=\u00bb.vc_custom_1501150271414{padding-top: 40px !important;padding-right: 40px !important;padding-bottom: 40px !important;padding-left: 40px !important;}\u00bb el_class=\u00bbnd_options_text_align_center\u00bb][\/vc_column][\/vc_row][vc_row gap=\u00bb3&#8243;][vc_column width=\u00bb1\/2&#8243; css=\u00bb.vc_custom_1589883242691{margin-top: 35px !important;}\u00bb][vc_row_inner][vc_column_inner css=\u00bb.vc_custom_1590487315272{margin-top: 15px !important;}\u00bb][\/vc_column_inner][\/vc_row_inner][vc_row_inner][vc_column_inner css=\u00bb.vc_custom_1590487696564{margin-top: [&hellip;]<\/p>\n","protected":false},"author":2,"featured_media":0,"parent":0,"menu_order":0,"comment_status":"closed","ping_status":"closed","template":"","meta":{"footnotes":""},"class_list":["post-3483","page","type-page","status-publish","hentry"],"_links":{"self":[{"href":"https:\/\/www.natravessa.com\/es\/wp-json\/wp\/v2\/pages\/3483","targetHints":{"allow":["GET"]}}],"collection":[{"href":"https:\/\/www.natravessa.com\/es\/wp-json\/wp\/v2\/pages"}],"about":[{"href":"https:\/\/www.natravessa.com\/es\/wp-json\/wp\/v2\/types\/page"}],"author":[{"embeddable":true,"href":"https:\/\/www.natravessa.com\/es\/wp-json\/wp\/v2\/users\/2"}],"replies":[{"embeddable":true,"href":"https:\/\/www.natravessa.com\/es\/wp-json\/wp\/v2\/comments?post=3483"}],"version-history":[{"count":3,"href":"https:\/\/www.natravessa.com\/es\/wp-json\/wp\/v2\/pages\/3483\/revisions"}],"predecessor-version":[{"id":7329,"href":"https:\/\/www.natravessa.com\/es\/wp-json\/wp\/v2\/pages\/3483\/revisions\/7329"}],"wp:attachment":[{"href":"https:\/\/www.natravessa.com\/es\/wp-json\/wp\/v2\/media?parent=3483"}],"curies":[{"name":"wp","href":"https:\/\/api.w.org\/{rel}","templated":true}]}}