{"id":3413,"date":"2021-01-22T15:13:47","date_gmt":"2021-01-22T15:13:47","guid":{"rendered":"http:\/\/natravessa.com\/?page_id=3413"},"modified":"2026-01-11T20:44:19","modified_gmt":"2026-01-11T20:44:19","slug":"home","status":"publish","type":"page","link":"https:\/\/www.natravessa.com\/es\/","title":{"rendered":"Home"},"content":{"rendered":"<p>[vc_row][vc_column]\n\t\t\t<!-- START Home 1 ES REVOLUTION SLIDER 6.2.2 --><p class=\"rs-p-wp-fix\"><\/p>\n\t\t\t<rs-module-wrap id=\"rev_slider_33_1_wrapper\" data-source=\"gallery\" style=\"background:#1c1c1c;padding:0;margin:0px auto;margin-top:0;margin-bottom:0;\">\n\t\t\t\t<rs-module id=\"rev_slider_33_1\" style=\"display:none;\" data-version=\"6.2.2\">\n\t\t\t\t\t<rs-slides>\n\t\t\t\t\t\t<rs-slide data-key=\"rs-64\" data-title=\"slide\" data-anim=\"ei:d;eo:d;s:2300;r:0;t:fadethroughdark;sl:d;\" data-p1=\"01\">\n\t\t\t\t\t\t\t<img loading=\"lazy\" decoding=\"async\" src=\"\/\/natravessa.com\/wp-content\/uploads\/2024\/07\/natravessa-home.jpg\" title=\"natravessa-home\" width=\"1613\" height=\"1075\" class=\"rev-slidebg\" data-no-retina alt=\"\">\n<!--\n\t\t\t\t\t\t\t--><h1\n\t\t\t\t\t\t\t\tid=\"slider-33-slide-64-layer-2\" \n\t\t\t\t\t\t\t\tclass=\"rs-layer\"\n\t\t\t\t\t\t\t\tdata-type=\"text\"\n\t\t\t\t\t\t\t\tdata-color=\"rgba(255, 255, 255, 1)\"\n\t\t\t\t\t\t\t\tdata-rsp_ch=\"on\"\n\t\t\t\t\t\t\t\tdata-xy=\"x:c;y:t,m,m,m;yo:190px,-10px,-10px,-10px;\"\n\t\t\t\t\t\t\t\tdata-text=\"s:70,70,50,40;l:90,70,55,45;a:center;\"\n\t\t\t\t\t\t\t\tdata-dim=\"w:auto,auto,auto,320px;\"\n\t\t\t\t\t\t\t\tdata-vbility=\"f,f,f,f\"\n\t\t\t\t\t\t\t\tdata-frame_0=\"y:50px;tp:600;\"\n\t\t\t\t\t\t\t\tdata-frame_1=\"tp:600;e:power3.out;st:2550;sp:1500;sR:2550;\"\n\t\t\t\t\t\t\t\tdata-frame_999=\"x:0;y:0;z:0;sX:0.9;sY:0.9;o:0;rX:0;rY:0;rZ:0;skX:0;skY:0;tp:600;st:w;sp:1000;sR:4950;\"\n\t\t\t\t\t\t\t\tstyle=\"z-index:7;font-family:Gilda Display;\"\n\t\t\t\t\t\t\t><strong>T\u00cdTULO <\/br>\nCASA 8<\/strong> \n\t\t\t\t\t\t\t<\/h1><!--\n\n\t\t\t\t\t\t\t--><p\n\t\t\t\t\t\t\t\tid=\"slider-33-slide-64-layer-3\" \n\t\t\t\t\t\t\t\tclass=\"rs-layer\"\n\t\t\t\t\t\t\t\tdata-type=\"text\"\n\t\t\t\t\t\t\t\tdata-rsp_ch=\"on\"\n\t\t\t\t\t\t\t\tdata-xy=\"x:c;y:t,m,m,m;yo:120px,-150px,-100px,-100px;\"\n\t\t\t\t\t\t\t\tdata-text=\"s:12,12,14,12;l:12,12,14,12;ls:2px;a:center;\"\n\t\t\t\t\t\t\t\tdata-vbility=\"f,f,f,f\"\n\t\t\t\t\t\t\t\tdata-frame_0=\"y:50px;tp:600;\"\n\t\t\t\t\t\t\t\tdata-frame_1=\"tp:600;e:power3.out;st:2350;sp:1500;sR:2350;\"\n\t\t\t\t\t\t\t\tdata-frame_999=\"x:0;y:0;z:0;sX:0.9;sY:0.9;o:0;rX:0;rY:0;rZ:0;skX:0;skY:0;tp:600;st:w;sp:1000;sR:5150;\"\n\t\t\t\t\t\t\t\tstyle=\"z-index:6;font-family:Roboto;\"\n\t\t\t\t\t\t\t>BIENVENIDOS \n\t\t\t\t\t\t\t<\/p><!--\n\n\t\t\t\t\t\t\t--><rs-layer\n\t\t\t\t\t\t\t\tid=\"slider-33-slide-64-layer-8\" \n\t\t\t\t\t\t\t\tclass=\"tp-shape tp-shapewrapper\"\n\t\t\t\t\t\t\t\tdata-type=\"shape\"\n\t\t\t\t\t\t\t\tdata-rsp_ch=\"on\"\n\t\t\t\t\t\t\t\tdata-xy=\"x:c;y:t,m,m,m;yo:160px,-130px,-80px,-80px;\"\n\t\t\t\t\t\t\t\tdata-text=\"a:inherit;\"\n\t\t\t\t\t\t\t\tdata-dim=\"w:30px;h:1px;\"\n\t\t\t\t\t\t\t\tdata-vbility=\"f,f,f,f\"\n\t\t\t\t\t\t\t\tdata-frame_0=\"y:50px;tp:600;\"\n\t\t\t\t\t\t\t\tdata-frame_1=\"tp:600;st:2350;sp:1500;sR:2350;\"\n\t\t\t\t\t\t\t\tdata-frame_999=\"x:0;y:0;z:0;sX:0.9;sY:0.9;o:0;rX:0;rY:0;rZ:0;skX:0;skY:0;tp:600;st:w;sp:1000;sR:5150;\"\n\t\t\t\t\t\t\t\tstyle=\"z-index:9;background-color:#ffffff;\"\n\t\t\t\t\t\t\t> \n\t\t\t\t\t\t\t<\/rs-layer><!--\n\n\t\t\t\t\t\t\t--><rs-layer\n\t\t\t\t\t\t\t\tid=\"slider-33-slide-64-layer-10\" \n\t\t\t\t\t\t\t\tclass=\"tp-shape tp-shapewrapper\"\n\t\t\t\t\t\t\t\tdata-type=\"shape\"\n\t\t\t\t\t\t\t\tdata-rsp_ch=\"on\"\n\t\t\t\t\t\t\t\tdata-xy=\"x:c;xo:-15px;y:b;yo:35px;\"\n\t\t\t\t\t\t\t\tdata-text=\"fw:100;a:inherit;\"\n\t\t\t\t\t\t\t\tdata-dim=\"w:10px;h:10px;\"\n\t\t\t\t\t\t\t\tdata-actions='o:click;a:jumptoslide;slide:previous;'\n\t\t\t\t\t\t\t\tdata-frame_0=\"tp:600;\"\n\t\t\t\t\t\t\t\tdata-frame_1=\"tp:600;\"\n\t\t\t\t\t\t\t\tdata-frame_999=\"o:0;tp:600;st:w;sR:8700;\"\n\t\t\t\t\t\t\t\tstyle=\"z-index:10;background-color:#ffffff;\"\n\t\t\t\t\t\t\t> \n\t\t\t\t\t\t\t<\/rs-layer><!--\n\n\t\t\t\t\t\t\t--><rs-layer\n\t\t\t\t\t\t\t\tid=\"slider-33-slide-64-layer-11\" \n\t\t\t\t\t\t\t\tclass=\"tp-shape tp-shapewrapper\"\n\t\t\t\t\t\t\t\tdata-type=\"shape\"\n\t\t\t\t\t\t\t\tdata-rsp_ch=\"on\"\n\t\t\t\t\t\t\t\tdata-xy=\"x:c;xo:15px;y:b;yo:35px;\"\n\t\t\t\t\t\t\t\tdata-text=\"fw:100;a:inherit;\"\n\t\t\t\t\t\t\t\tdata-dim=\"w:10px;h:10px;\"\n\t\t\t\t\t\t\t\tdata-actions='o:click;a:jumptoslide;slide:next;'\n\t\t\t\t\t\t\t\tdata-frame_0=\"tp:600;\"\n\t\t\t\t\t\t\t\tdata-frame_1=\"tp:600;\"\n\t\t\t\t\t\t\t\tdata-frame_999=\"o:0;tp:600;st:w;sR:8700;\"\n\t\t\t\t\t\t\t\tstyle=\"z-index:11;background-color:rgba(255,255,255,0.5);\"\n\t\t\t\t\t\t\t> \n\t\t\t\t\t\t\t<\/rs-layer><!--\n\n\t\t\t\t\t\t\t--><a id=\"slider-33-slide-64-layer-16\" class=\"rs-layer rev-btn\" href=\"https:\/\/web.ynnovbooking.com\/?l=es&amp;apikey=9kKwvOJanDt46ijXweNuZbtEHaU1WumM\" target=\"_blank\" rel=\"noopener\" data-type=\"button\" data-color=\"#b28b18\" data-rsp_ch=\"on\" data-xy=\"x:c;yo:582px,480px,364px,224px;\" data-text=\"w:normal;s:24,19,14,8;l:66,54,41,25;\" data-dim=\"minh:0px,none,none,none;\" data-padding=\"r:40,33,25,15;l:40,33,25,15;\" data-border=\"bos:solid;boc:#b28b18;bow:1px,1px,1px,1px;\" data-frame_1=\"st:2350;sp:1500;\" data-frame_999=\"o:0;st:w;\" data-frame_hover=\"c:#b28b18;bgc:#333;boc:#b28b18;bor:0px,0px,0px,0px;bos:solid;bow:1px,1px,1px,1px;sp:100;e:power1.inOut;bri:120%;\" style=\"z-index:12;background-color:#333333;font-family:Roboto;\">RESERVAR \n\t\t\t\t\t\t\t<\/a><!--\n-->\t\t\t\t\t\t<\/rs-slide>\n\t\t\t\t\t\t<rs-slide data-key=\"rs-65\" data-title=\"slide\" data-anim=\"ei:d;eo:d;s:2300;r:0;t:fadethroughdark;sl:d;\" data-p1=\"01\">\n\t\t\t\t\t\t\t<img loading=\"lazy\" decoding=\"async\" src=\"\/\/natravessa.com\/wp-content\/uploads\/2021\/06\/Homepage-2.jpg\" alt=\"homepage na travessa\" title=\"Homepage-2\" width=\"2000\" height=\"1943\" data-bg=\"p:center bottom;\" class=\"rev-slidebg\" data-no-retina>\n<!--\n\t\t\t\t\t\t\t--><rs-layer\n\t\t\t\t\t\t\t\tid=\"slider-33-slide-65-layer-8\" \n\t\t\t\t\t\t\t\tclass=\"tp-shape tp-shapewrapper\"\n\t\t\t\t\t\t\t\tdata-type=\"shape\"\n\t\t\t\t\t\t\t\tdata-rsp_ch=\"on\"\n\t\t\t\t\t\t\t\tdata-xy=\"x:c;y:t,m,m,m;yo:160px,-130px,-80px,-80px;\"\n\t\t\t\t\t\t\t\tdata-text=\"a:inherit;\"\n\t\t\t\t\t\t\t\tdata-dim=\"w:30px;h:1px;\"\n\t\t\t\t\t\t\t\tdata-vbility=\"f,f,f,f\"\n\t\t\t\t\t\t\t\tdata-frame_0=\"y:50px;tp:600;\"\n\t\t\t\t\t\t\t\tdata-frame_1=\"tp:600;st:2350;sp:1500;sR:2350;\"\n\t\t\t\t\t\t\t\tdata-frame_999=\"x:0;y:0;z:0;sX:0.9;sY:0.9;o:0;rX:0;rY:0;rZ:0;skX:0;skY:0;tp:600;st:w;sp:1000;sR:5150;\"\n\t\t\t\t\t\t\t\tstyle=\"z-index:9;background-color:#ffffff;\"\n\t\t\t\t\t\t\t> \n\t\t\t\t\t\t\t<\/rs-layer><!--\n\n\t\t\t\t\t\t\t--><rs-layer\n\t\t\t\t\t\t\t\tid=\"slider-33-slide-65-layer-10\" \n\t\t\t\t\t\t\t\tclass=\"tp-shape tp-shapewrapper\"\n\t\t\t\t\t\t\t\tdata-type=\"shape\"\n\t\t\t\t\t\t\t\tdata-rsp_ch=\"on\"\n\t\t\t\t\t\t\t\tdata-xy=\"x:c;xo:-15px;y:b;yo:35px;\"\n\t\t\t\t\t\t\t\tdata-text=\"fw:100;a:inherit;\"\n\t\t\t\t\t\t\t\tdata-dim=\"w:10px;h:10px;\"\n\t\t\t\t\t\t\t\tdata-actions='o:click;a:jumptoslide;slide:previous;'\n\t\t\t\t\t\t\t\tdata-frame_0=\"tp:600;\"\n\t\t\t\t\t\t\t\tdata-frame_1=\"tp:600;\"\n\t\t\t\t\t\t\t\tdata-frame_999=\"o:0;tp:600;st:w;sR:8700;\"\n\t\t\t\t\t\t\t\tstyle=\"z-index:10;background-color:rgba(255,255,255,0.5);\"\n\t\t\t\t\t\t\t> \n\t\t\t\t\t\t\t<\/rs-layer><!--\n\n\t\t\t\t\t\t\t--><rs-layer\n\t\t\t\t\t\t\t\tid=\"slider-33-slide-65-layer-11\" \n\t\t\t\t\t\t\t\tclass=\"tp-shape tp-shapewrapper\"\n\t\t\t\t\t\t\t\tdata-type=\"shape\"\n\t\t\t\t\t\t\t\tdata-rsp_ch=\"on\"\n\t\t\t\t\t\t\t\tdata-xy=\"x:c;xo:15px;y:b;yo:35px;\"\n\t\t\t\t\t\t\t\tdata-text=\"fw:100;a:inherit;\"\n\t\t\t\t\t\t\t\tdata-dim=\"w:10px;h:10px;\"\n\t\t\t\t\t\t\t\tdata-actions='o:click;a:jumptoslide;slide:next;'\n\t\t\t\t\t\t\t\tdata-frame_0=\"tp:600;\"\n\t\t\t\t\t\t\t\tdata-frame_1=\"tp:600;\"\n\t\t\t\t\t\t\t\tdata-frame_999=\"o:0;tp:600;st:w;sR:8700;\"\n\t\t\t\t\t\t\t\tstyle=\"z-index:11;background-color:#ffffff;\"\n\t\t\t\t\t\t\t> \n\t\t\t\t\t\t\t<\/rs-layer><!--\n\n\t\t\t\t\t\t\t--><p\n\t\t\t\t\t\t\t\tid=\"slider-33-slide-65-layer-17\" \n\t\t\t\t\t\t\t\tclass=\"rs-layer\"\n\t\t\t\t\t\t\t\tdata-type=\"text\"\n\t\t\t\t\t\t\t\tdata-rsp_ch=\"on\"\n\t\t\t\t\t\t\t\tdata-xy=\"x:c;y:t,m,m,m;yo:120px,-150px,-100px,-100px;\"\n\t\t\t\t\t\t\t\tdata-text=\"s:12,12,14,12;l:12,12,14,12;ls:2px;a:center;\"\n\t\t\t\t\t\t\t\tdata-vbility=\"f,f,f,f\"\n\t\t\t\t\t\t\t\tdata-frame_0=\"y:50px;tp:600;\"\n\t\t\t\t\t\t\t\tdata-frame_1=\"tp:600;e:power3.out;st:2350;sp:1500;sR:2350;\"\n\t\t\t\t\t\t\t\tdata-frame_999=\"x:0;y:0;z:0;sX:0.9;sY:0.9;o:0;rX:0;rY:0;rZ:0;skX:0;skY:0;tp:600;st:w;sp:1000;sR:5150;\"\n\t\t\t\t\t\t\t\tstyle=\"z-index:6;font-family:Roboto;\"\n\t\t\t\t\t\t\t>BIENVENIDOS \n\t\t\t\t\t\t\t<\/p><!--\n\n\t\t\t\t\t\t\t--><h1\n\t\t\t\t\t\t\t\tid=\"slider-33-slide-65-layer-18\" \n\t\t\t\t\t\t\t\tclass=\"rs-layer\"\n\t\t\t\t\t\t\t\tdata-type=\"text\"\n\t\t\t\t\t\t\t\tdata-color=\"rgba(255, 255, 255, 1)\"\n\t\t\t\t\t\t\t\tdata-rsp_ch=\"on\"\n\t\t\t\t\t\t\t\tdata-xy=\"x:c;y:t,m,m,m;yo:190px,-10px,-10px,-10px;\"\n\t\t\t\t\t\t\t\tdata-text=\"s:70,70,50,40;l:90,70,55,45;a:center;\"\n\t\t\t\t\t\t\t\tdata-dim=\"w:auto,auto,auto,320px;\"\n\t\t\t\t\t\t\t\tdata-vbility=\"f,f,f,f\"\n\t\t\t\t\t\t\t\tdata-frame_0=\"y:50px;tp:600;\"\n\t\t\t\t\t\t\t\tdata-frame_1=\"tp:600;e:power3.out;st:2550;sp:1500;sR:2550;\"\n\t\t\t\t\t\t\t\tdata-frame_999=\"x:0;y:0;z:0;sX:0.9;sY:0.9;o:0;rX:0;rY:0;rZ:0;skX:0;skY:0;tp:600;st:w;sp:1000;sR:4950;\"\n\t\t\t\t\t\t\t\tstyle=\"z-index:7;font-family:Gilda Display;\"\n\t\t\t\t\t\t\t><strong>T\u00cdTULO <\/br>\nCASA 8<\/strong> \n\t\t\t\t\t\t\t<\/h1><!--\n\n\t\t\t\t\t\t\t--><a id=\"slider-33-slide-65-layer-19\" class=\"rs-layer rev-btn\" href=\"https:\/\/web.ynnovbooking.com\/?l=es&amp;apikey=9kKwvOJanDt46ijXweNuZbtEHaU1WumM\" target=\"_blank\" rel=\"noopener\" data-type=\"button\" data-color=\"#b28b18\" data-rsp_ch=\"on\" data-xy=\"x:c;yo:582px,480px,364px,224px;\" data-text=\"w:normal;s:24,19,14,8;l:66,54,41,25;\" data-dim=\"minh:0px,none,none,none;\" data-padding=\"r:40,33,25,15;l:40,33,25,15;\" data-border=\"bos:solid;boc:#b28b18;bow:1px,1px,1px,1px;\" data-frame_1=\"st:2350;sp:1500;\" data-frame_999=\"o:0;st:w;\" data-frame_hover=\"c:#b28b18;bgc:#333;boc:#b28b18;bor:0px,0px,0px,0px;bos:solid;bow:1px,1px,1px,1px;sp:100;e:power1.inOut;bri:120%;\" style=\"z-index:12;background-color:#333333;font-family:Roboto;\">RESERVAR \n\t\t\t\t\t\t\t<\/a><!--\n-->\t\t\t\t\t\t<\/rs-slide>\n\t\t\t\t\t<\/rs-slides>\n\t\t\t\t\t<rs-progress class=\"rs-bottom\" style=\"visibility: hidden !important;\"><\/rs-progress>\n\t\t\t\t<\/rs-module>\n\t\t\t\t<script type=\"text\/javascript\">\n\t\t\t\t\tsetREVStartSize({c: 'rev_slider_33_1',rl:[1240,1024,778,480],el:[786,768,960,720],gw:[1240,1024,778,480],gh:[786,768,960,720],type:'standard',justify:'',layout:'fullwidth',mh:\"0\"});\n\t\t\t\t\tvar\trevapi33,\n\t\t\t\t\t\ttpj;\n\t\t\t\t\tjQuery(function() {\n\t\t\t\t\t\ttpj = jQuery;\n\t\t\t\t\t\tif(tpj(\"#rev_slider_33_1\").revolution == undefined){\n\t\t\t\t\t\t\trevslider_showDoubleJqueryError(\"#rev_slider_33_1\");\n\t\t\t\t\t\t}else{\n\t\t\t\t\t\t\trevapi33 = tpj(\"#rev_slider_33_1\").show().revolution({\n\t\t\t\t\t\t\t\tjsFileLocation:\"\/\/www.natravessa.com\/wp-content\/plugins\/revslider\/public\/assets\/js\/\",\n\t\t\t\t\t\t\t\tsliderLayout:\"fullwidth\",\n\t\t\t\t\t\t\t\tvisibilityLevels:\"1240,1024,778,480\",\n\t\t\t\t\t\t\t\tgridwidth:\"1240,1024,778,480\",\n\t\t\t\t\t\t\t\tgridheight:\"786,768,960,720\",\n\t\t\t\t\t\t\t\teditorheight:\"786,768,960,720\",\n\t\t\t\t\t\t\t\tresponsiveLevels:\"1240,1024,778,480\",\n\t\t\t\t\t\t\t\tdisableProgressBar:\"on\",\n\t\t\t\t\t\t\t\tnavigation: {\n\t\t\t\t\t\t\t\t\tmouseScrollNavigation:false,\n\t\t\t\t\t\t\t\t\tonHoverStop:false,\n\t\t\t\t\t\t\t\t\ttouch: {\n\t\t\t\t\t\t\t\t\t\ttouchenabled:true,\n\t\t\t\t\t\t\t\t\t\tswipe_min_touches:50\n\t\t\t\t\t\t\t\t\t}\n\t\t\t\t\t\t\t\t},\n\t\t\t\t\t\t\t\tfallbacks: {\n\t\t\t\t\t\t\t\t\tallowHTML5AutoPlayOnAndroid:true\n\t\t\t\t\t\t\t\t},\n\t\t\t\t\t\t\t});\n\t\t\t\t\t\t}\n\t\t\t\t\t\t\n\t\t\t\t\t});\n\t\t\t\t<\/script>\n\t\t\t<\/rs-module-wrap>\n\t\t\t<!-- END REVOLUTION SLIDER -->\n[\/vc_column][\/vc_row][vc_row full_width=\u00bbstretch_row\u00bb el_id=\u00bbhome_1_search\u00bb][vc_column width=\u00bb1\/6&#8243;][\/vc_column][vc_column css_animation=\u00bbfadeIn\u00bb width=\u00bb2\/3&#8243; css=\u00bb.vc_custom_1588954465816{margin-top: -220px !important;}\u00bb el_class=\u00bbnd_options_margin_top_50_first_div_important_responsive\u00bb][\/vc_column][vc_column width=\u00bb1\/6&#8243;][\/vc_column][\/vc_row][vc_row full_width=\u00bbstretch_row\u00bb equal_height=\u00bbyes\u00bb][vc_column]<div style=\"background-color:#ffffff;height: 90px\" class=\"nicdark_section  \"><\/div> <p style=\"color:#b28b18;padding:px;text-align:center;font-size:14px;line-height:27px;letter-spacing: 2px;font-weight:lighter\" class=\"   nd_options_second_font \">CONCEPTO<\/p> <div style=\"background-color:#ffffff;height: 20px\" class=\"nicdark_section  \"><\/div> <h1 style=\"color:#b28b18;padding:px;text-align:center;font-size:80px;line-height:80px;letter-spacing: px;font-weight:normal\" class=\"  nd_options_font_size_40_important_all_iphone nd_options_line_height_40_important_all_iphone nd_options_first_font \">NA TRAVESSA<\/h1> <div style=\"background-color:#ffffff;height: 40px\" class=\"nicdark_section  \"><\/div>[\/vc_column][\/vc_row][vc_row full_width=\u00bbstretch_row\u00bb equal_height=\u00bbyes\u00bb][vc_column width=\u00bb1\/5&#8243;][\/vc_column][vc_column width=\u00bb3\/5&#8243;] <p style=\"color:#000000;padding:0px;text-align:center;font-size:px;line-height:px;letter-spacing: px;font-weight:normal\" class=\"   nd_options_second_font \">Con solo 8 habitaciones, Casa 8 naci\u00f3 en 2020, creada para quienes aprecian los entornos urbanos y modernos. Situado en el centro de la ciudad, se caracteriza por ser un espacio \u00fanico, acogedor y familiar. Esto no es un hotel, sino una casa creada por nosotros, donde lo antiguo convive con lo nuevo. Estamos felices de darle la bienvenida.<\/p> <div style=\"background-color:#ffffff;height: 40px\" class=\"nicdark_section  \"><\/div>\n    <div style=\"text-align:center\" class=\"nd_options_section\">\n      <img decoding=\"async\" alt=\"\" style=\"width:\" class=\" nd_options_margin_0 nd_options_padding_0 \" src=\"https:\/\/www.natravessa.com\/wp-content\/uploads\/2020\/05\/assinaturas-pedro-mariana-e1588953753628.png\" title=\"\">\n    <\/div>\n   <div style=\"background-color:;height: 30px\" class=\"nicdark_section  \"><\/div>[vc_btn title=\u00bbCONOZCA M\u00c1S SOBRE NOSOTROS\u00bb style=\u00bboutline-custom\u00bb outline_custom_color=\u00bb#b28b18&#8243; outline_custom_hover_background=\u00bb#b28b18&#8243; outline_custom_hover_text=\u00bb#ffffff\u00bb shape=\u00bbsquare\u00bb size=\u00bblg\u00bb align=\u00bbcenter\u00bb css_animation=\u00bbfadeIn\u00bb link=\u00bburl:http%3A%2F%2Fnatravessa.com%2Fes%2Fsobre-nosotros%2F|title:Sobre%20N%C3%B3s|\u00bb css=\u00bb.vc_custom_1641924500966{border-top-width: 1px !important;border-right-width: 1px !important;border-bottom-width: 1px !important;border-left-width: 1px !important;border-left-color: #b28b18 !important;border-right-color: #b28b18 !important;border-top-color: #b28b18 !important;border-bottom-color: #b28b18 !important;border-radius: 1px !important;}\u00bb]<div style=\"background-color:;height: 80px\" class=\"nicdark_section  \"><\/div>[\/vc_column][vc_column width=\u00bb1\/5&#8243;][\/vc_column][\/vc_row][vc_row full_width=\u00bbstretch_row_content\u00bb equal_height=\u00bbyes\u00bb content_placement=\u00bbtop\u00bb][vc_column width=\u00bb2\/5&#8243; css=\u00bb.vc_custom_1650531229531{padding-top: 50px !important;padding-right: 40px !important;padding-bottom: 50px !important;padding-left: 270px !important;background-color: #f1ebdf !important;}\u00bb el_class=\u00bbnd_options_padding_50_first_div_important_all_iphone\u00bb]\n    <div style=\"text-align:left\" class=\"nd_options_section\">\n      <img decoding=\"async\" alt=\"\" style=\"width:100px\" class=\" nd_options_margin_0 nd_options_padding_0 \" src=\"https:\/\/www.natravessa.com\/wp-content\/uploads\/2020\/05\/icon-localizacao.png\" title=\"\">\n    <\/div>\n   <div style=\"background-color:;height: 20px\" class=\"nicdark_section  \"><\/div> <h1 style=\"color:#ab882e;padding:px;text-align:;font-size:30px;line-height:80px;letter-spacing: px;font-weight:normal\" class=\"  nd_options_font_size_40_important_all_iphone nd_options_line_height_40_important_all_iphone nd_options_first_font \">LOCALIZACI\u00d3N<\/h1> <div style=\"background-color:;height: 20px\" class=\"nicdark_section  \"><\/div> <p style=\"color:#000000;padding:px;text-align:;font-size:px;line-height:px;letter-spacing: px;font-weight:normal\" class=\"   nd_options_second_font \">Entre la S\u00e9 y la estaci\u00f3n de S\u00e3o Bento es donde estamos, en pleno centro hist\u00f3rico de Oporto, clasificado como Patrimonio de la Humanidad por la UNESCO desde 1996. Muy cerca se encuentra el puente Lu\u00eds I, ideal para pasear al atardecer, con vistas al casco antiguo. Pi\u00e9rdete por estos callejones y aceras y baja, baja siempre, hasta encontrar el r\u00edo Duero.<\/p> <div style=\"background-color:;height: 70px\" class=\"nicdark_section  \"><\/div>\n    <div style=\"text-align:left\" class=\"nd_options_section\">\n      <img decoding=\"async\" alt=\"\" style=\"width:100px\" class=\" nd_options_margin_0 nd_options_padding_0 \" src=\"https:\/\/www.natravessa.com\/wp-content\/uploads\/2020\/05\/icon-vistas.png\" title=\"\">\n    <\/div>\n   <div style=\"background-color:;height: 20px\" class=\"nicdark_section  \"><\/div> <h6 style=\"color:#ab882e;padding:px;text-align:;font-size:30px;line-height:80px;letter-spacing: px;font-weight:lighter\" class=\"  nd_options_font_size_40_important_all_iphone nd_options_line_height_40_important_all_iphone nd_options_first_font \">VISTA<\/h6> <div style=\"background-color:;height: 20px\" class=\"nicdark_section  \"><\/div> <p style=\"color:;padding:px;text-align:;font-size:px;line-height:px;letter-spacing: px;font-weight:normal\" class=\"   nd_options_second_font \">Desde nuestro jard\u00edn se puede ver parte de la Catedral (la llamamos \u201cS\u00e9\u201d) y la Picota. Las habitaciones traseras tienen vistas abiertas a la torre de los Cl\u00e9rigos y la Catedral. Las habitaciones del frente tienen vistas abiertas al mercado de S\u00e3o Sebasti\u00e3o y algunas de ellas a la estaci\u00f3n de S\u00e3o Bento.<\/p> [\/vc_column][vc_column parallax=\u00bbcontent-moving-fade\u00bb parallax_image=\u00bb4235&#8243; width=\u00bb3\/5&#8243; css=\u00bb.vc_custom_1624378125990{padding-top: 0px !important;padding-right: 00px !important;padding-bottom: 0px !important;padding-left: 0px !important;}\u00bb][\/vc_column][\/vc_row][vc_row full_width=\u00bbstretch_row\u00bb css=\u00bb.vc_custom_1589896036335{padding-top: 80px !important;padding-bottom: 60px !important;background-color: #333333 !important;background-position: center !important;background-repeat: no-repeat !important;background-size: cover !important;}\u00bb][vc_column width=\u00bb1\/3&#8243;] <h2 style=\"color:#ffffff;padding:px;text-align:center;font-size:20px;line-height:13px;letter-spacing: 2px;font-weight:lighter\" class=\"   nd_options_first_font \">LA LOCALIZACI\u00d3N<\/h2> <div style=\"background-color:;height: 30px\" class=\"nicdark_section  \"><\/div> <p style=\"color:#ffffff;padding:px;text-align:center;font-size:16px;line-height:26px;letter-spacing: px;font-weight:lighter\" class=\"   nd_options_second_font \">Travessa de S\u00e3o Sebasti\u00e3o, 39<\/p>  <p style=\"color:#ffffff;padding:px;text-align:center;font-size:16px;line-height:26px;letter-spacing: px;font-weight:lighter\" class=\"  rodape_mobile nd_options_second_font \">4050-569 Porto<\/p> [\/vc_column][vc_column width=\u00bb1\/3&#8243;] <h2 style=\"color:#ffffff;padding:px;text-align:center;font-size:20px;line-height:13px;letter-spacing: 2px;font-weight:lighter\" class=\"   nd_options_first_font \">CONTACTOS<\/h2> <div style=\"background-color:;height: 30px\" class=\"nicdark_section  \"><\/div>[vc_wp_text]<\/p>\n<p style=\"text-align: center; font-size: 16px; font-weight: 300; color: #ffffff; margin-bottom: 40px; line-height: 1.3;\"><a style=\"color: #ffffff; text-decoration: none;\" href=\"mailto:info@natravessa.com\"><br \/>\ninfo@natravessa.com<br \/>\n<\/a><br \/>\n<span style=\"white-space: nowrap;\"><br \/>\nTel\u00e9fono \/ WhatsApp:<br \/>\n<a style=\"color: #ffffff; text-decoration: none;\" href=\"tel:(+351) 968 690 124\"><br \/>\n(+351) 968 690 124<br \/>\n<\/a><br \/>\n<\/span><\/p>\n<p>[\/vc_wp_text][\/vc_column][vc_column width=\u00bb1\/3&#8243;] <h2 style=\"color:#ffffff;padding:px;text-align:center;font-size:20px;line-height:13px;letter-spacing: 2px;font-weight:lighter\" class=\"   nd_options_first_font \">REDES SOCIALES<\/h2> <div style=\"background-color:;height: 30px\" class=\"nicdark_section  \"><\/div>[vc_row_inner gap=\u00bb1&#8243;][vc_column_inner width=\u00bb1\/2&#8243;][vc_wp_text]<\/p>\n<div class=\"cont_redes\"><a class=\"rodape_redes\" href=\"https:\/\/www.instagram.com\/NaTravessaSuites\/\" target=\"_blank\" rel=\"noopener\"><img loading=\"lazy\" decoding=\"async\" class=\"alignright\" src=\"http:\/\/natravessa.com\/wp-content\/uploads\/2017\/07\/icon-4.png\" alt=\"\" width=\"32\" height=\"32\" title=\"\"><\/a><\/div>\n<p>[\/vc_wp_text][\/vc_column_inner][vc_column_inner width=\u00bb1\/2&#8243;][vc_wp_text]<\/p>\n<div class=\"cont_redes\"><a class=\"rodape_redes_face\" href=\"https:\/\/www.facebook.com\/NaTravessaSuites\/\" target=\"_blank\" rel=\"noopener\"><img loading=\"lazy\" decoding=\"async\" class=\"alignleft wp-image-3620\" src=\"http:\/\/natravessa.com\/wp-content\/uploads\/2017\/07\/icon-6.png\" alt=\"\" width=\"32\" height=\"32\" title=\"\"><\/a><\/div>\n<p>[\/vc_wp_text][\/vc_column_inner][\/vc_row_inner][\/vc_column][\/vc_row][vc_row full_width=\u00bbstretch_row\u00bb css=\u00bb.vc_custom_1589894915312{padding-top: 20px !important;padding-bottom: 20px !important;background-color: #000000 !important;}\u00bb][vc_column][vc_wp_text]<\/p>\n<p style=\"text-align: left;\"><span style=\"color: #b28b18; font-size: 13px; font-weight: normal;\"><a style=\"color: #b28b18;\" href=\"http:\/\/natravessa.com\/es\/politica-de-privacidad\/\" target=\"_blank\" rel=\"noopener\">POL\u00cdTICA DE PRIVACIDAD<\/a>\u00a0 |\u00a0 <a style=\"color: #b28b18;\" href=\"http:\/\/natravessa.com\/es\/politica-de-cookies\/\" target=\"_blank\" rel=\"noopener\">POL\u00cdTICA DE COOKIES<\/a>\u00a0 |\u00a0 <a style=\"color: #b28b18;\" href=\"https:\/\/www.livroreclamacoes.pt\/Inicio\" target=\"_blank\" rel=\"noopener\">LIBRO RECLAMACIONES<\/a><\/span><\/p>\n<p>[\/vc_wp_text][vc_wp_text]<span style=\"color: #b28b18; font-size: 13px; font-weight: normal; text-align: center;\">\u00a9 Na Travessa Su\u00edtes | N\u00ba: 116800\/AL | Todos los derechos reservados. | By <a style=\"color: #b28b18;\" href=\"https:\/\/www.pmd.pt\" target=\"_blank\" rel=\"noopener\">PMD<\/a><\/span>[\/vc_wp_text][\/vc_column][\/vc_row]<\/p>\n","protected":false},"excerpt":{"rendered":"<p>[vc_row][vc_column][\/vc_column][\/vc_row][vc_row full_width=\u00bbstretch_row\u00bb el_id=\u00bbhome_1_search\u00bb][vc_column width=\u00bb1\/6&#8243;][\/vc_column][vc_column css_animation=\u00bbfadeIn\u00bb width=\u00bb2\/3&#8243; css=\u00bb.vc_custom_1588954465816{margin-top: -220px !important;}\u00bb el_class=\u00bbnd_options_margin_top_50_first_div_important_responsive\u00bb][\/vc_column][vc_column width=\u00bb1\/6&#8243;][\/vc_column][\/vc_row][vc_row full_width=\u00bbstretch_row\u00bb equal_height=\u00bbyes\u00bb][vc_column][\/vc_column][\/vc_row][vc_row full_width=\u00bbstretch_row\u00bb equal_height=\u00bbyes\u00bb][vc_column width=\u00bb1\/5&#8243;][\/vc_column][vc_column width=\u00bb3\/5&#8243;][vc_btn title=\u00bbCONOZCA M\u00c1S SOBRE NOSOTROS\u00bb style=\u00bboutline-custom\u00bb outline_custom_color=\u00bb#b28b18&#8243; outline_custom_hover_background=\u00bb#b28b18&#8243; outline_custom_hover_text=\u00bb#ffffff\u00bb shape=\u00bbsquare\u00bb size=\u00bblg\u00bb align=\u00bbcenter\u00bb css_animation=\u00bbfadeIn\u00bb link=\u00bburl:http%3A%2F%2Fnatravessa.com%2Fes%2Fsobre-nosotros%2F|title:Sobre%20N%C3%B3s|\u00bb css=\u00bb.vc_custom_1641924500966{border-top-width: 1px !important;border-right-width: 1px !important;border-bottom-width: 1px !important;border-left-width: 1px !important;border-left-color: #b28b18 !important;border-right-color: #b28b18 !important;border-top-color: #b28b18 !important;border-bottom-color: #b28b18 !important;border-radius: 1px !important;}\u00bb][\/vc_column][vc_column width=\u00bb1\/5&#8243;][\/vc_column][\/vc_row][vc_row full_width=\u00bbstretch_row_content\u00bb equal_height=\u00bbyes\u00bb content_placement=\u00bbtop\u00bb][vc_column width=\u00bb2\/5&#8243; css=\u00bb.vc_custom_1650531229531{padding-top: [&hellip;]<\/p>\n","protected":false},"author":2,"featured_media":0,"parent":0,"menu_order":0,"comment_status":"closed","ping_status":"closed","template":"","meta":{"footnotes":""},"class_list":["post-3413","page","type-page","status-publish","hentry"],"_links":{"self":[{"href":"https:\/\/www.natravessa.com\/es\/wp-json\/wp\/v2\/pages\/3413","targetHints":{"allow":["GET"]}}],"collection":[{"href":"https:\/\/www.natravessa.com\/es\/wp-json\/wp\/v2\/pages"}],"about":[{"href":"https:\/\/www.natravessa.com\/es\/wp-json\/wp\/v2\/types\/page"}],"author":[{"embeddable":true,"href":"https:\/\/www.natravessa.com\/es\/wp-json\/wp\/v2\/users\/2"}],"replies":[{"embeddable":true,"href":"https:\/\/www.natravessa.com\/es\/wp-json\/wp\/v2\/comments?post=3413"}],"version-history":[{"count":1,"href":"https:\/\/www.natravessa.com\/es\/wp-json\/wp\/v2\/pages\/3413\/revisions"}],"predecessor-version":[{"id":7323,"href":"https:\/\/www.natravessa.com\/es\/wp-json\/wp\/v2\/pages\/3413\/revisions\/7323"}],"wp:attachment":[{"href":"https:\/\/www.natravessa.com\/es\/wp-json\/wp\/v2\/media?parent=3413"}],"curies":[{"name":"wp","href":"https:\/\/api.w.org\/{rel}","templated":true}]}}